{"id":172,"date":"2023-01-11T20:27:05","date_gmt":"2023-01-11T20:27:05","guid":{"rendered":"https:\/\/www.tclp.org\/commercial-rates\/"},"modified":"2025-01-22T17:49:55","modified_gmt":"2025-01-22T22:49:55","slug":"commercial-rates","status":"publish","type":"page","link":"https:\/\/www.tclp.org\/es\/commercial-rates\/","title":{"rendered":"Tarifas comerciales"},"content":{"rendered":"<h1>Tarifas comerciales<\/h1>\n<div>\n<h2>Tasas actuales<\/h2>\n<p><a class=\"button\" href=\"https:\/\/www.tclp.org\/wp-content\/uploads\/2025\/01\/01.15.25-Tariff-Sheets.pdf\" target=\"_blank\" rel=\"noopener\">Vea las \u00faltimas tarifas comerciales de TCLP.<\/a><\/p>\n<p>Con un servicio confiable y tarifas bajas en el \u00e1rea de Traverse City, \u00a1TCLP puede ayudar a que su negocio tenga \u00e9xito!<\/p>\n<p>Existen diversas tarifas comerciales, y los clientes empresariales deben contactar a un representante de atenci\u00f3n al cliente siempre que se produzcan cambios que puedan afectar sus necesidades energ\u00e9ticas. Esto podr\u00eda incluir cambios en el tama\u00f1o de los edificios o en el equipo el\u00e9ctrico.<\/p>\n<p>Si lo solicita, un representante de atenci\u00f3n al cliente analizar\u00e1 sus necesidades energ\u00e9ticas y le aplicar\u00e1 la tarifa m\u00e1s conveniente. Todas las tarifas est\u00e1n sujetas al ajuste del costo de combustible de TCLP.<\/p>\n<\/div>\n<p><!--more--><br \/>\n<!-- {\"type\":\"layout\",\"children\":[{\"type\":\"section\",\"props\":{\"image\":\"wp-content\\\/uploads\\\/2023\\\/04\\\/Website-banner-1900-\\u00d7-300-px.png\",\"image_position\":\"center-center\",\"media_overlay\":\"rgba(0, 0, 0, 0.4)\",\"style\":\"primary\",\"title_breakpoint\":\"xl\",\"title_position\":\"top-left\",\"title_rotation\":\"left\",\"vertical_align\":\"\",\"width\":\"default\"},\"children\":[{\"type\":\"row\",\"children\":[{\"type\":\"column\",\"props\":{\"image_position\":\"center-center\",\"position_sticky_breakpoint\":\"m\"},\"children\":[{\"type\":\"headline\",\"props\":{\"content\":\"Commercial Rates\",\"title_element\":\"h1\"}}]}]}],\"name\":\"Hero Inner\"},{\"type\":\"section\",\"props\":{\"image_position\":\"center-center\",\"style\":\"default\",\"title_breakpoint\":\"xl\",\"title_position\":\"top-left\",\"title_rotation\":\"left\",\"vertical_align\":\"\",\"width\":\"default\"},\"children\":[{\"type\":\"row\",\"children\":[{\"type\":\"column\",\"props\":{\"image_position\":\"center-center\",\"position_sticky_breakpoint\":\"m\"},\"children\":[{\"type\":\"text\",\"props\":{\"column_breakpoint\":\"m\",\"content\":\"\n\n<h2>Current Rates<\\\/h2>\\n\n\n<p><a class=\\\"button\\\" href=\\\"https:\\\/\\\/www.tclp.org\\\/wp-content\\\/uploads\\\/2025\\\/01\\\/01.15.25-Tariff-Sheets.pdf\\\" target=\\\"_blank\\\" rel=\\\"noopener\\\">View the latest TCLP commercial rates.<\\\/a><\\\/p>\\n\n\n<p>With reliable service and low rates in the Traverse City area, TCLP can help your business succeed!<\\\/p>\\n\n\n<p>There are several different commercial rates and business customers should contact a customer service representative whenever changes occur that may impact energy requirements. This could include changes to building sizes or changes to electrical equipment.<\\\/p>\\n\n\n<p>Upon request a customer service representative will analyze your energy requirements and apply the rate that is best for you. All rates are subject to TCLP\\u2019s fuel power cost adjustment.<\\\/p>\",\"margin\":\"default\"}}]}]}]}],\"version\":\"4.4.17\"} --><\/p>","protected":false},"excerpt":{"rendered":"<p>Commercial Rates Current Rates View the latest TCLP commercial rates. With reliable service and low rates in the Traverse City area, TCLP can help your business succeed! There are several different commercial rates and business customers should contact a customer service representative whenever changes occur that may impact energy requirements. This could include changes to [&hellip;]<\/p>","protected":false},"author":3,"featured_media":0,"parent":0,"menu_order":31,"comment_status":"open","ping_status":"open","template":"","meta":{"_acf_changed":false,"footnotes":""},"class_list":["post-172","page","type-page","status-publish","hentry"],"acf":[],"_links":{"self":[{"href":"https:\/\/www.tclp.org\/es\/wp-json\/wp\/v2\/pages\/172","targetHints":{"allow":["GET"]}}],"collection":[{"href":"https:\/\/www.tclp.org\/es\/wp-json\/wp\/v2\/pages"}],"about":[{"href":"https:\/\/www.tclp.org\/es\/wp-json\/wp\/v2\/types\/page"}],"author":[{"embeddable":true,"href":"https:\/\/www.tclp.org\/es\/wp-json\/wp\/v2\/users\/3"}],"replies":[{"embeddable":true,"href":"https:\/\/www.tclp.org\/es\/wp-json\/wp\/v2\/comments?post=172"}],"version-history":[{"count":17,"href":"https:\/\/www.tclp.org\/es\/wp-json\/wp\/v2\/pages\/172\/revisions"}],"predecessor-version":[{"id":5485,"href":"https:\/\/www.tclp.org\/es\/wp-json\/wp\/v2\/pages\/172\/revisions\/5485"}],"wp:attachment":[{"href":"https:\/\/www.tclp.org\/es\/wp-json\/wp\/v2\/media?parent=172"}],"curies":[{"name":"wp","href":"https:\/\/api.w.org\/{rel}","templated":true}]}}