{"id":178,"date":"2023-01-11T20:27:05","date_gmt":"2023-01-12T01:27:05","guid":{"rendered":"https:\/\/www.tclp.org\/residential-underground\/"},"modified":"2025-01-03T08:12:41","modified_gmt":"2025-01-03T13:12:41","slug":"residential-underground","status":"publish","type":"page","link":"https:\/\/www.tclp.org\/es\/residential-underground\/","title":{"rendered":"Subterr\u00e1neo residencial"},"content":{"rendered":"<h1>\n<p data-id=\"template-rKKX5kA4#0-0-0-0\" id=\"template-rKKX5kA4#2\">Subterr\u00e1neo residencial<\/p>\n<\/h1>\n<div>\n<p>Ya sea que est\u00e9 construyendo una casa nueva o quiera convertir su servicio el\u00e9ctrico a\u00e9reo actual a subterr\u00e1neo, lo tenemos cubierto. Revise los documentos a continuaci\u00f3n, complete y env\u00ede el formulario de &quot;Solicitud de Servicio&quot; y nos pondremos manos a la obra.\u00a0<\/p>\n<\/div>\n<div>\n<p>Complete este formulario y env\u00edelo a TCLP para iniciar su proyecto.<\/p>\n<p>NOTA PARA LOS CONTRATISTAS: La Solicitud de Servicio debe estar firmada por el<span>\u00a0<\/span><strong><u>PROPIETARIO DE LA PROPIEDAD<\/u><\/strong>TCLP no puede procesar una solicitud de servicio sin esta autorizaci\u00f3n. Si tiene alguna pregunta, no dude en contactar a nuestro departamento de programaci\u00f3n al 231-922-4940, ext. 243.<\/p>\n<\/div>\n<p>\n    <a href=\"\/wp-content\/uploads\/2025\/01\/TCLP-Request-for-Service-12.31.24.pdf\">Solicitud de servicio<\/a>\n<\/p>\n<div>\n<p>Encuentre informaci\u00f3n sobre costos y reglas para extensiones de l\u00ednea y trabajos solicitados por el cliente.<\/p>\n<\/div>\n<p>\n    <a href=\"https:\/\/www.tclp.org\/es\/rules-and-regulations-policy\/\">Normas y reglamentos<\/a>\n<\/p>\n<div>\n<p>Familiar\u00edcese con los requisitos y responsabilidades de construcci\u00f3n antes de comenzar su proyecto.<\/p>\n<\/div>\n<p>\n    <a href=\"https:\/\/www.tclp.org\/wp-content\/uploads\/2024\/08\/Electric-Service-Requirements.pdf\">Manual de requisitos del servicio el\u00e9ctrico <\/a>\n<\/p>\n<p><!--more--><br \/>\n<!-- {\"type\":\"layout\",\"children\":[{\"type\":\"section\",\"props\":{\"image\":\"wp-content\\\/uploads\\\/2023\\\/04\\\/Website-banner-1500-\\u00d7-300-px-1900-\\u00d7-300-px.png\",\"image_position\":\"center-center\",\"media_overlay\":\"rgba(0, 0, 0, 0.4)\",\"style\":\"primary\",\"title_breakpoint\":\"xl\",\"title_position\":\"top-left\",\"title_rotation\":\"left\",\"vertical_align\":\"\",\"width\":\"default\"},\"children\":[{\"type\":\"row\",\"children\":[{\"type\":\"column\",\"props\":{\"image_position\":\"center-center\",\"position_sticky_breakpoint\":\"m\"},\"children\":[{\"type\":\"headline\",\"props\":{\"content\":\"\n\n<p data-id=\\\"template-rKKX5kA4#0-0-0-0\\\" id=\\\"template-rKKX5kA4#2\\\">Residential Underground<\\\/p>\",\"title_element\":\"h1\"}}]}]}],\"name\":\"Hero Inner\"},{\"type\":\"section\",\"props\":{\"image_position\":\"center-center\",\"style\":\"default\",\"title_breakpoint\":\"xl\",\"title_position\":\"top-left\",\"title_rotation\":\"left\",\"vertical_align\":\"\",\"width\":\"default\"},\"children\":[{\"type\":\"row\",\"children\":[{\"type\":\"column\",\"props\":{\"image_position\":\"center-center\",\"position_sticky_breakpoint\":\"m\"},\"children\":[{\"type\":\"text\",\"props\":{\"column_breakpoint\":\"m\",\"content\":\"\n\n<p>Whether you are building a new home or would like to convert your existing overhead electric service to underground, we\\u2019ve got you covered. Please review the documents below, complete and return the \\u2018Request for Service\\u2019 form and we\\u2019ll get to work for you.\\u00a0<\\\/p>\",\"margin\":\"default\"}},{\"type\":\"text\",\"props\":{\"column_breakpoint\":\"m\",\"content\":\"\n\n<p>Please fill out this form and submit to TCLP to get your project started.<\\\/p>\\n\n\n<p>NOTE TO CONTRACTORS: The Request for Service must be signed by the<span>\\u00a0<\\\/span><strong><u>PROPERTY OWNER<\\\/u><\\\/strong>. TCLP is unable to process a request for service without this authorization.\\u00a0 Feel free to contact our scheduling department at 231-922-4940 ext. 243 with any questions.<\\\/p>\",\"margin\":\"default\"}},{\"type\":\"button\",\"props\":{\"grid_column_gap\":\"small\",\"grid_row_gap\":\"small\",\"margin\":\"default\"},\"children\":[{\"type\":\"button_item\",\"props\":{\"button_style\":\"default\",\"content\":\"Request for service\",\"icon_align\":\"left\",\"link\":\"wp-content\\\/uploads\\\/2025\\\/01\\\/TCLP-Request-for-Service-12.31.24.pdf\"}}]},{\"type\":\"text\",\"props\":{\"column_breakpoint\":\"m\",\"content\":\"\n\n<p>Find information on costs and rules for line extensions and customer-requested work.<\\\/p>\",\"margin\":\"default\"}},{\"type\":\"button\",\"props\":{\"grid_column_gap\":\"small\",\"grid_row_gap\":\"small\",\"margin\":\"default\"},\"children\":[{\"type\":\"button_item\",\"props\":{\"button_style\":\"default\",\"content\":\"Rules & regulations\",\"icon_align\":\"left\",\"link\":\"https:\\\/\\\/www.tclp.org\\\/rules-and-regulations-policy\\\/\"}}]},{\"type\":\"text\",\"props\":{\"column_breakpoint\":\"m\",\"content\":\"\n\n<p>Become familiar with construction requirements and responsibilities prior to starting your project.<\\\/p>\",\"margin\":\"default\"}},{\"type\":\"button\",\"props\":{\"grid_column_gap\":\"small\",\"grid_row_gap\":\"small\",\"margin\":\"default\"},\"children\":[{\"type\":\"button_item\",\"props\":{\"button_style\":\"default\",\"content\":\"Electric service requirements manual \",\"icon_align\":\"left\",\"link\":\"https:\\\/\\\/www.tclp.org\\\/wp-content\\\/uploads\\\/2024\\\/08\\\/Electric-Service-Requirements.pdf\"}}]}]}]}]}],\"version\":\"4.4.17\"} --><\/p>","protected":false},"excerpt":{"rendered":"<p>Residential Underground Whether you are building a new home or would like to convert your existing overhead electric service to underground, we\u2019ve got you covered. Please review the documents below, complete and return the \u2018Request for Service\u2019 form and we\u2019ll get to work for you.\u00a0 Please fill out this form and submit to TCLP to [&hellip;]<\/p>","protected":false},"author":3,"featured_media":0,"parent":0,"menu_order":36,"comment_status":"open","ping_status":"closed","template":"","meta":{"_acf_changed":false,"footnotes":""},"class_list":["post-178","page","type-page","status-publish","hentry"],"acf":[],"_links":{"self":[{"href":"https:\/\/www.tclp.org\/es\/wp-json\/wp\/v2\/pages\/178","targetHints":{"allow":["GET"]}}],"collection":[{"href":"https:\/\/www.tclp.org\/es\/wp-json\/wp\/v2\/pages"}],"about":[{"href":"https:\/\/www.tclp.org\/es\/wp-json\/wp\/v2\/types\/page"}],"author":[{"embeddable":true,"href":"https:\/\/www.tclp.org\/es\/wp-json\/wp\/v2\/users\/3"}],"replies":[{"embeddable":true,"href":"https:\/\/www.tclp.org\/es\/wp-json\/wp\/v2\/comments?post=178"}],"version-history":[{"count":15,"href":"https:\/\/www.tclp.org\/es\/wp-json\/wp\/v2\/pages\/178\/revisions"}],"predecessor-version":[{"id":5175,"href":"https:\/\/www.tclp.org\/es\/wp-json\/wp\/v2\/pages\/178\/revisions\/5175"}],"wp:attachment":[{"href":"https:\/\/www.tclp.org\/es\/wp-json\/wp\/v2\/media?parent=178"}],"curies":[{"name":"wp","href":"https:\/\/api.w.org\/{rel}","templated":true}]}}