{"id":182,"date":"2023-01-11T20:27:05","date_gmt":"2023-01-11T20:27:05","guid":{"rendered":"https:\/\/www.tclp.org\/home-energy-saver\/"},"modified":"2025-06-24T10:13:32","modified_gmt":"2025-06-24T14:13:32","slug":"home-energy-saver","status":"publish","type":"page","link":"https:\/\/www.tclp.org\/es\/home-energy-saver\/","title":{"rendered":"Ahorrador de energ\u00eda para el hogar"},"content":{"rendered":"<h1>Ahorrador de energ\u00eda para el hogar<\/h1>\n<div>\n<p>El Ahorro de Energ\u00eda para el Hogar le permite identificar las mejores maneras de ahorrar energ\u00eda en su hogar o negocio. El Ahorro de Energ\u00eda para el Hogar cuenta con un programa en l\u00ednea que calcula r\u00e1pidamente el consumo de energ\u00eda y las oportunidades de ahorro bas\u00e1ndose en la descripci\u00f3n de su hogar o negocio, la antig\u00fcedad y el uso de los electrodom\u00e9sticos, y muchos otros factores. Al ingresar informaci\u00f3n sobre las especificaciones del edificio, los sistemas de calefacci\u00f3n y refrigeraci\u00f3n, los electrodom\u00e9sticos, la iluminaci\u00f3n y m\u00e1s, recibir\u00e1 resultados personalizados junto con recomendaciones de ahorro de energ\u00eda.<\/p>\n<p>El Ahorro de Energ\u00eda para el Hogar tambi\u00e9n le conectar\u00e1 con una creciente gama de recursos de informaci\u00f3n pr\u00e1ctica, incluyendo una base de informaci\u00f3n din\u00e1mica sin igual en recursos que podr\u00edan publicarse en medios electr\u00f3nicos est\u00e1ticos. El Ahorro de Energ\u00eda para el Hogar ofrece una gran cantidad de enlaces a informaci\u00f3n pr\u00e1ctica, desde listas de productos espec\u00edficos de eficiencia energ\u00e9tica hasta consejos para elegir un buen contratista e informaci\u00f3n sobre la asistencia que su compa\u00f1\u00eda el\u00e9ctrica podr\u00eda ofrecerle.<\/p>\n<p><a class=\"button customize-unpreviewable\" href=\"https:\/\/www.energy.gov\/energysaver\/energy-saver\" target=\"_blank\" rel=\"noopener\">Visite el sitio web del Departamento de Energ\u00eda<\/a>\u00a0y comience a encontrar las mejores formas de ahorrar energ\u00eda y dinero.<\/p>\n<\/div>\n<p><!--more--><br \/>\n<!-- {\"type\":\"layout\",\"children\":[{\"type\":\"section\",\"props\":{\"image\":\"wp-content\\\/uploads\\\/2023\\\/04\\\/Website-banner-1500-\\u00d7-300-px-1900-\\u00d7-300-px.png\",\"image_position\":\"center-center\",\"media_overlay\":\"rgba(0, 0, 0, 0.4)\",\"style\":\"primary\",\"title_breakpoint\":\"xl\",\"title_position\":\"top-left\",\"title_rotation\":\"left\",\"vertical_align\":\"\",\"width\":\"default\"},\"children\":[{\"type\":\"row\",\"children\":[{\"type\":\"column\",\"props\":{\"image_position\":\"center-center\",\"position_sticky_breakpoint\":\"m\"},\"children\":[{\"type\":\"headline\",\"props\":{\"content\":\"Home Energy Saver\",\"title_element\":\"h1\"}}]}]}],\"name\":\"Hero Inner\"},{\"type\":\"section\",\"props\":{\"image_position\":\"center-center\",\"style\":\"default\",\"title_breakpoint\":\"xl\",\"title_position\":\"top-left\",\"title_rotation\":\"left\",\"vertical_align\":\"\",\"width\":\"default\"},\"children\":[{\"type\":\"row\",\"children\":[{\"type\":\"column\",\"props\":{\"image_position\":\"center-center\",\"position_sticky_breakpoint\":\"m\"},\"children\":[{\"type\":\"text\",\"props\":{\"column_breakpoint\":\"m\",\"content\":\"\n\n<p>The Home Energy Saver enables you to pinpoint the best ways to use less energy in your home or business. The Home Energy Saver features an online program that quickly calculates energy use and savings opportunities based on a description of your home or business, the age and usage of appliances and many other factors. By entering information on building specifications, heating and cooling systems, appliances, lighting and more, you\\u2019ll receive customized results along with energy-saving recommendations.<\\\/p>\\n\n\n<p>The Home Energy Saver will also connect you to an expanding array of \\u201chow-to\\u201d information resources, including a dynamic information base unparalleled by resources that could be published on static electronic media. The Home Energy Saver offers a host of links to practical information, ranging from lists of specific energy-efficient products \\u2026 to tips about selecting a good contractor \\u2026 to information on what assistance your utility might have to offer.<\\\/p>\\n\n\n<p><a class=\\\"button customize-unpreviewable\\\" href=\\\"https:\\\/\\\/www.energy.gov\\\/energysaver\\\/energy-saver\\\" target=\\\"_blank\\\" rel=\\\"noopener\\\">Visit the Department of Energy website<\\\/a>\\u00a0and start finding the best ways to save energy and money.<\\\/p>\",\"margin\":\"default\"}}]}]}]}],\"version\":\"4.4.17\"} --><\/p>","protected":false},"excerpt":{"rendered":"<p>Home Energy Saver The Home Energy Saver enables you to pinpoint the best ways to use less energy in your home or business. The Home Energy Saver features an online program that quickly calculates energy use and savings opportunities based on a description of your home or business, the age and usage of appliances and [&hellip;]<\/p>","protected":false},"author":3,"featured_media":0,"parent":0,"menu_order":40,"comment_status":"closed","ping_status":"open","template":"","meta":{"_acf_changed":false,"footnotes":""},"class_list":["post-182","page","type-page","status-publish","hentry"],"acf":[],"_links":{"self":[{"href":"https:\/\/www.tclp.org\/es\/wp-json\/wp\/v2\/pages\/182","targetHints":{"allow":["GET"]}}],"collection":[{"href":"https:\/\/www.tclp.org\/es\/wp-json\/wp\/v2\/pages"}],"about":[{"href":"https:\/\/www.tclp.org\/es\/wp-json\/wp\/v2\/types\/page"}],"author":[{"embeddable":true,"href":"https:\/\/www.tclp.org\/es\/wp-json\/wp\/v2\/users\/3"}],"replies":[{"embeddable":true,"href":"https:\/\/www.tclp.org\/es\/wp-json\/wp\/v2\/comments?post=182"}],"version-history":[{"count":5,"href":"https:\/\/www.tclp.org\/es\/wp-json\/wp\/v2\/pages\/182\/revisions"}],"predecessor-version":[{"id":5298,"href":"https:\/\/www.tclp.org\/es\/wp-json\/wp\/v2\/pages\/182\/revisions\/5298"}],"wp:attachment":[{"href":"https:\/\/www.tclp.org\/es\/wp-json\/wp\/v2\/media?parent=182"}],"curies":[{"name":"wp","href":"https:\/\/api.w.org\/{rel}","templated":true}]}}