{"id":222,"date":"2023-01-13T15:20:40","date_gmt":"2023-01-13T15:20:40","guid":{"rendered":"http:\/\/www.tclp.org\/?page_id=222"},"modified":"2026-03-04T07:52:41","modified_gmt":"2026-03-04T12:52:41","slug":"home-page","status":"publish","type":"page","link":"https:\/\/www.tclp.org\/es\/","title":{"rendered":"Home Page"},"content":{"rendered":"<h1>\n<p>Luz y energ\u00eda de Traverse City<\/p>\n<\/h1>\n<div>\n<p><span class=\"OYPEnA text-decoration-none text-strikethrough-none\">Ser el socio comunitario de confianza para brindar soluciones de energ\u00eda y telecomunicaciones innovadoras, asequibles, confiables y ambientalmente sustentables.<\/span><\/p>\n<\/div>\n<ul>\n<li>\n<p>        <img decoding=\"async\" src=\"\/wp-content\/uploads\/2023\/01\/OUTAGES.png\" alt=\"\"><\/p>\n<h3>INTERRUPCIONES<\/h3>\n<p><a href=\"https:\/\/outages.tclp.org\/\">INTERRUPCIONES<\/a><\/p>\n<\/li>\n<li>\n<p>        <img decoding=\"async\" src=\"\/wp-content\/uploads\/2023\/01\/PAYMYBILL.png\" alt=\"\"><\/p>\n<h3>PAGAR MI FACTURA<\/h3>\n<p><a href=\"\/es\/payment-options\/\">PAGAR MI FACTURA<\/a><\/p>\n<\/li>\n<li>\n<p>        <img decoding=\"async\" src=\"\/wp-content\/uploads\/2025\/11\/25-TCLP_Energy-Rewards-Logo.png\" alt=\"\"><\/p>\n<h3>Recompensas energ\u00e9ticas<\/h3>\n<p><a href=\"\/es\/energyrewards\/\">RECOMPENSAS DE ENERG\u00cdA<\/a><\/p>\n<\/li>\n<li>\n<p>        <img decoding=\"async\" src=\"\/wp-content\/uploads\/2023\/01\/TCLPFIBER.png\" alt=\"\"><\/p>\n<h3>Fibra TCLP<\/h3>\n<p><a href=\"\/es\/fiber\/\">Fibra TCLP<\/a><\/p>\n<\/li>\n<\/ul>\n<h1>\n<p style=\"text-align: center;\">Aspectos destacados y recursos<\/p>\n<\/h1>\n<div>\n<p>    <img decoding=\"async\" src=\"\/wp-content\/uploads\/2025\/04\/Press-Release-1.png\" alt=\"\"><\/p>\n<h3>Reuni\u00f3n de la junta directiva<\/h3>\n<p>Agenda y paquete<\/p>\n<p><a href=\"\/es\/the-board\/#board-minutes\">Leer m\u00e1s<\/a><\/p>\n<\/div>\n<div>\n<p>    <img decoding=\"async\" src=\"\/wp-content\/uploads\/2025\/04\/Website-Post-Featured-image-2.png\" alt=\"\"><\/p>\n<\/div>\n<div>\n<p>    <img decoding=\"async\" src=\"\/wp-content\/uploads\/2025\/04\/Website-Post-Featured-image-3.png\" alt=\"\"><\/p>\n<\/div>\n<p><p>\n        <a href=\"\/es\/news-info-events\/\">VER M\u00c1S DESTACADOS<\/a>\n    <\/p>\n<\/p>\n<h1>Consejos y gu\u00edas<\/h1>\n<div>\n<p>\u00a1Tu poder, tu seguridad, tu comunidad! Explora nuestra p\u00e1gina de Blog y Recursos para obtener consejos \u00fatiles y m\u00e1s.\u00a0<\/p>\n<\/div>\n<p><p>\n        <a href=\"https:\/\/www.tclp.org\/es\/resources\/\">Recursos <\/a>\n    <\/p>\n<\/p>\n<div>\n<h2 style=\"text-align: left;\">Programa de Coaching Energ\u00e9tico<\/h2>\n<\/div>\n<div>\n<p>        <img decoding=\"async\" src=\"\/wp-content\/uploads\/2025\/09\/DSC_3146-2-1.jpg\" alt=\"\"><\/p>\n<div>\n<p><strong data-start=\"71\" data-end=\"131\">El Programa de Asesoramiento Energ\u00e9tico de TCLP est\u00e1 aqu\u00ed para ayudarle a ahorrar.<span>\u00a0<\/span><\/strong><span>Nuestro equipo ofrece consejos personalizados, incentivos locales y actualizaciones simples para que su hogar sea m\u00e1s c\u00f3modo y energ\u00e9ticamente eficiente, todo sin costo para usted.\u00a0<\/span><\/p>\n<\/div>\n<\/div>\n<p><p>\n        <a href=\"https:\/\/www.tclp.org\/es\/energy-coaching-program\/\">\u00a1Reg\u00edstrate hoy!<\/a>\n    <\/p>\n<\/p>\n<div>\n<div id=\"fb-root\"><\/div>\n<p><script async defer crossorigin=\"anonymous\" src=\"https:\/\/connect.facebook.net\/en_US\/sdk.js#xfbml=1&#038;version=v16.0\" nonce=\"2KgX8UFb\"><\/script><\/p>\n<div class=\"fb-page\" data-href=\"https:\/\/www.facebook.com\/TraverseCityLightPower\/\" data-tabs=\"timeline\" data-width=\"\" data-height=\"\" data-small-header=\"false\" data-adapt-container-width=\"true\" data-hide-cover=\"false\" data-show-facepile=\"false\">\n<blockquote cite=\"https:\/\/www.facebook.com\/TraverseCityLightPower\/\" class=\"fb-xfbml-parse-ignore\"><p><a href=\"https:\/\/www.facebook.com\/TraverseCityLightPower\/\">Luz y energ\u00eda de Traverse City<\/a><\/p><\/blockquote>\n<\/div>\n<\/div>\n<div>\n<p>    <!-- Begin Constant Contact Inline Form Code --><\/p>\n<div class=\"ctct-inline-form\" data-form-id=\"4631a477-6deb-49ff-8402-ee0829945e9a\"><\/div>\n<p><!-- End Constant Contact Inline Form Code -->\n<\/div>\n<p><!--more--><br \/>\n<!-- {\"type\":\"layout\",\"children\":[{\"type\":\"section\",\"props\":{\"image\":\"wp-content\\\/uploads\\\/2023\\\/04\\\/Website-banner-1500-\\u00d7-300-px-1900-\\u00d7-300-px.png\",\"image_position\":\"center-center\",\"image_size\":\"cover\",\"media_overlay\":\"rgba(0, 0, 0, 0.64)\",\"overlap\":false,\"style\":\"secondary\",\"title_breakpoint\":\"xl\",\"title_position\":\"top-left\",\"title_rotation\":\"left\",\"vertical_align\":\"\",\"width\":\"default\"},\"children\":[{\"type\":\"row\",\"props\":{\"width\":\"default\"},\"children\":[{\"type\":\"column\",\"props\":{\"image_position\":\"center-center\",\"position_sticky_breakpoint\":\"m\"},\"children\":[{\"type\":\"headline\",\"props\":{\"content\":\"\n\n<p>Traverse City Light &amp; Power<\\\/p>\",\"css\":\".el-element{\\n    color:white;\\n}\",\"title_element\":\"h1\"}},{\"type\":\"text\",\"props\":{\"column_breakpoint\":\"m\",\"content\":\"\n\n<p><span class=\\\"OYPEnA text-decoration-none text-strikethrough-none\\\">To serve as the trusted community partner for delivering innovative, affordable, reliable and environmentally sustainable energy and telecom solutions.<\\\/span><\\\/p>\",\"margin\":\"default\",\"maxwidth\":\"2xlarge\",\"text_style\":\"lead\"}}]}]}]},{\"type\":\"section\",\"props\":{\"image_position\":\"center-center\",\"padding_remove_top\":false,\"style\":\"default\",\"title_breakpoint\":\"xl\",\"title_position\":\"top-left\",\"title_rotation\":\"left\",\"vertical_align\":\"\",\"width\":\"default\"},\"children\":[{\"type\":\"row\",\"children\":[{\"type\":\"column\",\"props\":{\"image_position\":\"center-center\",\"position_sticky_breakpoint\":\"m\"},\"children\":[{\"type\":\"grid\",\"props\":{\"content_align\":false,\"content_column_breakpoint\":\"m\",\"css\":\".el-link {font-size: 17pt;}\",\"filter_align\":\"left\",\"filter_all\":true,\"filter_grid_breakpoint\":\"m\",\"filter_grid_width\":\"auto\",\"filter_position\":\"top\",\"filter_style\":\"tab\",\"grid_column_align\":true,\"grid_default\":\"2\",\"grid_medium\":\"4\",\"grid_row_align\":false,\"icon_width\":80,\"image_align\":\"top\",\"image_grid_breakpoint\":\"m\",\"image_grid_width\":\"1-2\",\"image_svg_color\":\"emphasis\",\"image_width\":\"150\",\"item_animation\":true,\"lightbox_bg_close\":true,\"link_style\":\"link-text\",\"link_text\":\"GO\",\"margin\":\"default\",\"meta_align\":\"below-title\",\"meta_element\":\"div\",\"meta_style\":\"text-meta\",\"panel_link\":true,\"show_content\":true,\"show_hover_image\":true,\"show_hover_video\":true,\"show_image\":true,\"show_link\":true,\"show_meta\":true,\"show_title\":false,\"show_video\":true,\"text_align\":\"center\",\"title_align\":\"top\",\"title_element\":\"h3\",\"title_grid_breakpoint\":\"m\",\"title_grid_width\":\"1-2\",\"title_hover_style\":\"reset\",\"title_style\":\"h2\"},\"children\":[{\"type\":\"grid_item\",\"props\":{\"image\":\"wp-content\\\/uploads\\\/2023\\\/01\\\/OUTAGES.png\",\"link\":\"https:\\\/\\\/outages.tclp.org\\\/\",\"link_text\":\"OUTAGES\",\"title\":\"OUTAGES\"}},{\"type\":\"grid_item\",\"props\":{\"image\":\"wp-content\\\/uploads\\\/2023\\\/01\\\/PAYMYBILL.png\",\"link\":\"\\\/payment-options\\\/\",\"link_text\":\"PAY MY BILL\",\"title\":\"PAY MY BILL\"}},{\"type\":\"grid_item\",\"props\":{\"image\":\"wp-content\\\/uploads\\\/2025\\\/11\\\/25-TCLP_Energy-Rewards-Logo.png\",\"link\":\"energyrewards\\\/\",\"link_text\":\"ENERGY REWARDS\",\"title\":\"Energy Rewards\"}},{\"type\":\"grid_item\",\"props\":{\"image\":\"wp-content\\\/uploads\\\/2023\\\/01\\\/TCLPFIBER.png\",\"link\":\"fiber\\\/\",\"link_text\":\"TCLPfiber\",\"title\":\"TCLPfiber\"}}]}]}]}]},{\"type\":\"section\",\"props\":{\"image_position\":\"center-center\",\"style\":\"default\",\"title_breakpoint\":\"xl\",\"title_position\":\"top-left\",\"title_rotation\":\"left\",\"vertical_align\":\"\",\"width\":\"default\"},\"children\":[{\"type\":\"row\",\"children\":[{\"type\":\"column\",\"props\":{\"image_position\":\"center-center\",\"position_sticky_breakpoint\":\"m\"},\"children\":[{\"type\":\"headline\",\"props\":{\"content\":\"\n\n<p style=\\\"text-align: center;\\\">Highlights &amp; Resources<\\\/p>\",\"text_align\":\"left\",\"text_align_breakpoint\":\"m\",\"text_align_fallback\":\"center\",\"title_element\":\"h1\",\"title_style\":\"h2\"}}]}]}]},{\"type\":\"section\",\"props\":{\"image_position\":\"center-center\",\"padding_remove_top\":true,\"style\":\"default\",\"title_breakpoint\":\"xl\",\"title_position\":\"top-left\",\"title_rotation\":\"left\",\"vertical_align\":\"\",\"width\":\"default\"},\"children\":[{\"type\":\"row\",\"children\":[{\"type\":\"column\",\"props\":{\"image_position\":\"center-center\",\"position_sticky_breakpoint\":\"m\",\"width_medium\":\"1-3\"},\"children\":[{\"type\":\"grid\",\"props\":{\"content_column_breakpoint\":\"m\",\"filter_align\":\"left\",\"filter_all\":true,\"filter_grid_breakpoint\":\"m\",\"filter_grid_width\":\"auto\",\"filter_position\":\"top\",\"filter_style\":\"tab\",\"grid_column_align\":true,\"grid_default\":\"1\",\"grid_large\":\"1\",\"grid_medium\":\"\",\"grid_row_align\":false,\"icon_width\":80,\"image_align\":\"top\",\"image_grid_breakpoint\":\"m\",\"image_grid_width\":\"1-2\",\"image_height\":\"200\",\"image_link\":true,\"image_svg_color\":\"emphasis\",\"image_transition\":\"scale-up\",\"image_width\":\"300\",\"item_animation\":true,\"item_maxwidth\":\"medium\",\"lightbox_bg_close\":true,\"link_style\":\"default\",\"link_text\":\"Read more\",\"margin\":\"default\",\"meta_align\":\"below-title\",\"meta_element\":\"div\",\"meta_style\":\"text-meta\",\"panel_link\":true,\"show_content\":true,\"show_hover_image\":true,\"show_hover_video\":true,\"show_image\":true,\"show_link\":true,\"show_meta\":true,\"show_title\":true,\"show_video\":true,\"text_align\":\"left\",\"title_align\":\"top\",\"title_element\":\"h3\",\"title_grid_breakpoint\":\"m\",\"title_grid_width\":\"1-2\",\"title_hover_style\":\"reset\",\"title_style\":\"h5\"},\"children\":[{\"type\":\"grid_item\",\"source\":{\"query\":{\"name\":\"boardMeetings.customBoardMeetings\",\"arguments\":{\"users\":[],\"users_operator\":\"IN\",\"offset\":0,\"limit\":1,\"order\":\"date\",\"order_direction\":\"DESC\"}}},\"props\":{\"content\":\"\",\"image\":\"wp-content\\\/uploads\\\/2025\\\/04\\\/Press-Release-1.png\",\"link\":\"the-board\\\/#board-minutes\",\"meta\":\"Agenda & Packet\",\"title\":\"Board Meeting\"}}]}]},{\"type\":\"column\",\"props\":{\"image_position\":\"center-center\",\"position_sticky_breakpoint\":\"m\",\"width_medium\":\"1-3\"},\"children\":[{\"type\":\"grid\",\"props\":{\"content_column_breakpoint\":\"m\",\"filter_align\":\"left\",\"filter_all\":true,\"filter_grid_breakpoint\":\"m\",\"filter_grid_width\":\"auto\",\"filter_position\":\"top\",\"filter_style\":\"tab\",\"grid_column_align\":true,\"grid_default\":\"1\",\"grid_medium\":\"1\",\"grid_row_align\":false,\"icon_width\":80,\"image_align\":\"top\",\"image_grid_breakpoint\":\"m\",\"image_grid_width\":\"1-2\",\"image_height\":\"200\",\"image_link\":true,\"image_svg_color\":\"emphasis\",\"image_transition\":\"scale-up\",\"image_width\":\"300\",\"item_animation\":true,\"item_maxwidth\":\"medium\",\"lightbox_bg_close\":true,\"link_style\":\"default\",\"link_text\":\"Read more\",\"margin\":\"default\",\"meta_align\":\"below-title\",\"meta_element\":\"div\",\"meta_style\":\"text-meta\",\"panel_link\":true,\"show_content\":true,\"show_hover_image\":true,\"show_hover_video\":true,\"show_image\":true,\"show_link\":true,\"show_meta\":true,\"show_title\":true,\"show_video\":true,\"text_align\":\"left\",\"title_align\":\"top\",\"title_element\":\"h3\",\"title_grid_breakpoint\":\"m\",\"title_grid_width\":\"1-2\",\"title_hover_style\":\"reset\",\"title_style\":\"h5\"},\"children\":[{\"type\":\"grid_item\",\"source\":{\"query\":{\"name\":\"posts.customPosts\",\"arguments\":{\"terms\":[8],\"category_operator\":\"IN\",\"post_tag_operator\":\"IN\",\"users\":[],\"users_operator\":\"IN\",\"offset\":0,\"limit\":1,\"order\":\"date\",\"order_direction\":\"DESC\"}},\"props\":{\"title\":{\"filters\":{\"search\":\"\"},\"name\":\"title\"},\"meta\":{\"filters\":{\"search\":\"\"},\"arguments\":{\"separator\":\", \",\"show_link\":true,\"link_style\":\"\"},\"name\":\"categoryString\"},\"image_alt\":{\"filters\":{\"search\":\"\"},\"name\":\"featuredImage.alt\"},\"link\":{\"filters\":{\"search\":\"\"},\"name\":\"link\"}}},\"props\":{\"image\":\"wp-content\\\/uploads\\\/2025\\\/04\\\/Website-Post-Featured-image-2.png\"}}]}]},{\"type\":\"column\",\"props\":{\"image_position\":\"center-center\",\"position_sticky_breakpoint\":\"m\",\"width_medium\":\"1-3\"},\"children\":[{\"type\":\"grid\",\"props\":{\"content_column_breakpoint\":\"m\",\"filter_align\":\"left\",\"filter_all\":true,\"filter_grid_breakpoint\":\"m\",\"filter_grid_width\":\"auto\",\"filter_position\":\"top\",\"filter_style\":\"tab\",\"grid_column_align\":true,\"grid_default\":\"1\",\"grid_medium\":\"1\",\"grid_row_align\":false,\"icon_width\":80,\"image_align\":\"top\",\"image_grid_breakpoint\":\"m\",\"image_grid_width\":\"1-2\",\"image_height\":\"200\",\"image_link\":true,\"image_svg_color\":\"emphasis\",\"image_transition\":\"scale-up\",\"image_width\":\"300\",\"item_animation\":true,\"item_maxwidth\":\"medium\",\"lightbox_bg_close\":true,\"link_style\":\"default\",\"link_text\":\"Read more\",\"margin\":\"default\",\"meta_align\":\"below-title\",\"meta_element\":\"div\",\"meta_style\":\"text-meta\",\"panel_link\":true,\"show_content\":true,\"show_hover_image\":true,\"show_hover_video\":true,\"show_image\":true,\"show_link\":true,\"show_meta\":true,\"show_title\":true,\"show_video\":true,\"text_align\":\"left\",\"title_align\":\"top\",\"title_element\":\"h3\",\"title_grid_breakpoint\":\"m\",\"title_grid_width\":\"1-2\",\"title_hover_style\":\"reset\",\"title_style\":\"h5\"},\"children\":[{\"type\":\"grid_item\",\"source\":{\"query\":{\"name\":\"posts.customPosts\",\"arguments\":{\"terms\":[7],\"category_operator\":\"IN\",\"post_tag_operator\":\"IN\",\"users\":[],\"users_operator\":\"IN\",\"offset\":0,\"limit\":1,\"order\":\"date\",\"order_direction\":\"DESC\"}},\"props\":{\"title\":{\"filters\":{\"search\":\"\"},\"name\":\"title\"},\"meta\":{\"filters\":{\"search\":\"\"},\"arguments\":{\"separator\":\", \",\"show_link\":true,\"link_style\":\"\"},\"name\":\"categoryString\"},\"link\":{\"filters\":{\"search\":\"\"},\"name\":\"link\"}}},\"props\":{\"image\":\"wp-content\\\/uploads\\\/2025\\\/04\\\/Website-Post-Featured-image-3.png\"}}]}]}],\"props\":{\"layout\":\"1-3,1-3,1-3\"}},{\"type\":\"row\",\"children\":[{\"type\":\"column\",\"props\":{\"image_position\":\"center-center\",\"position_sticky_breakpoint\":\"m\"},\"children\":[{\"type\":\"button\",\"props\":{\"button_size\":\"large\",\"grid_column_gap\":\"small\",\"grid_row_gap\":\"small\",\"margin\":\"default\",\"text_align\":\"center\"},\"children\":[{\"type\":\"button_item\",\"props\":{\"button_style\":\"text\",\"content\":\"VIEW MORE HIGHLIGHTS\",\"dialog_layout\":\"modal\",\"dialog_offcanvas_flip\":true,\"icon_align\":\"left\",\"link\":\"news-info-events\\\/\"}}]}]}]}]},{\"type\":\"section\",\"props\":{\"image_position\":\"center-center\",\"style\":\"primary\",\"title_breakpoint\":\"xl\",\"title_position\":\"top-left\",\"title_rotation\":\"left\",\"vertical_align\":\"middle\",\"width\":\"default\"},\"children\":[{\"type\":\"row\",\"children\":[{\"type\":\"column\",\"props\":{\"image_position\":\"center-center\",\"position_sticky_breakpoint\":\"m\"},\"children\":[{\"type\":\"headline\",\"props\":{\"content\":\"Tips and Guides\",\"title_element\":\"h1\"}},{\"type\":\"text\",\"props\":{\"column_breakpoint\":\"m\",\"content\":\"\n\n<p>Your power, your safety, your community! Explore our Blog &amp; Resources page for helpful tips and more.\\u00a0<\\\/p>\",\"margin\":\"default\"}},{\"type\":\"button\",\"props\":{\"grid_column_gap\":\"small\",\"grid_row_gap\":\"small\",\"margin\":\"default\"},\"children\":[{\"type\":\"button_item\",\"props\":{\"button_style\":\"default\",\"content\":\"Resources \",\"dialog_layout\":\"modal\",\"dialog_offcanvas_flip\":true,\"icon_align\":\"left\",\"link\":\"https:\\\/\\\/www.tclp.org\\\/resources\\\/\"}}]}]}]}]},{\"type\":\"section\",\"props\":{\"image_position\":\"center-center\",\"style\":\"default\",\"title_breakpoint\":\"xl\",\"title_position\":\"top-left\",\"title_rotation\":\"left\",\"vertical_align\":\"\",\"width\":\"default\"},\"children\":[{\"type\":\"row\",\"children\":[{\"type\":\"column\",\"props\":{\"image_position\":\"center-center\",\"position_sticky_breakpoint\":\"m\",\"width_medium\":\"1-2\"},\"children\":[{\"type\":\"text\",\"props\":{\"column_breakpoint\":\"m\",\"content\":\"\n\n<h2 style=\\\"text-align: left;\\\">Energy Coaching Program<\\\/h2>\",\"margin\":\"default\"}},{\"type\":\"overlay\",\"props\":{\"content\":\"\n\n<p><strong data-start=\\\"71\\\" data-end=\\\"131\\\">TCLP\\u2019s Energy Coaching Program is here to help you save.<span>\\u00a0<\\\/span><\\\/strong><span>Our team offers personalized tips, local incentives, and simple upgrades to make your home more comfortable and energy efficient all at no cost to you.\\u00a0<\\\/span><\\\/p>\",\"image\":\"wp-content\\\/uploads\\\/2025\\\/09\\\/DSC_3146-2-1.jpg\",\"link_style\":\"default\",\"link_text\":\"Read more\",\"margin\":\"default\",\"meta_align\":\"below-title\",\"meta_element\":\"div\",\"meta_style\":\"text-meta\",\"overlay_hover\":false,\"overlay_mode\":\"cover\",\"overlay_position\":\"center\",\"overlay_style\":\"overlay-primary\",\"overlay_transition\":\"fade\",\"overlay_transition_background\":true,\"text_align\":\"center\",\"text_color\":\"light\",\"title_element\":\"h3\",\"title_hover_style\":\"reset\"}},{\"type\":\"button\",\"props\":{\"grid_column_gap\":\"small\",\"grid_row_gap\":\"small\",\"margin\":\"default\"},\"children\":[{\"type\":\"button_item\",\"props\":{\"button_style\":\"default\",\"content\":\"Sign up today!\",\"dialog_layout\":\"modal\",\"dialog_offcanvas_flip\":true,\"icon_align\":\"left\",\"link\":\"https:\\\/\\\/www.tclp.org\\\/energy-coaching-program\\\/\"}}]}]},{\"type\":\"column\",\"props\":{\"image_position\":\"center-center\",\"position_sticky_breakpoint\":\"m\",\"width_medium\":\"1-2\"},\"children\":[{\"type\":\"html\",\"props\":{\"class\":\"uk-text-center\",\"content\":\"\n\n<div id=\\\"fb-root\\\"><\\\/div>\\n<script async defer crossorigin=\\\"anonymous\\\" src=\\\"https:\\\/\\\/connect.facebook.net\\\/en_US\\\/sdk.js#xfbml=1&version=v16.0\\\" nonce=\\\"2KgX8UFb\\\"><\\\/script>\\n\n\n<div class=\\\"fb-page\\\" data-href=\\\"https:\\\/\\\/www.facebook.com\\\/TraverseCityLightPower\\\/\\\" data-tabs=\\\"timeline\\\" data-width=\\\"\\\" data-height=\\\"\\\" data-small-header=\\\"false\\\" data-adapt-container-width=\\\"true\\\" data-hide-cover=\\\"false\\\" data-show-facepile=\\\"false\\\">\n\n<blockquote cite=\\\"https:\\\/\\\/www.facebook.com\\\/TraverseCityLightPower\\\/\\\" class=\\\"fb-xfbml-parse-ignore\\\"><a href=\\\"https:\\\/\\\/www.facebook.com\\\/TraverseCityLightPower\\\/\\\">Traverse City Light &amp; Power<\\\/a><\\\/blockquote><\\\/div>\"}}]}],\"props\":{\"layout\":\"1-2,1-2\"}}]},{\"type\":\"section\",\"props\":{\"image_position\":\"center-center\",\"style\":\"default\",\"title_breakpoint\":\"xl\",\"title_position\":\"top-left\",\"title_rotation\":\"left\",\"vertical_align\":\"middle\",\"width\":\"default\"},\"children\":[{\"type\":\"row\",\"children\":[{\"type\":\"column\",\"props\":{\"image_position\":\"center-center\",\"position_sticky_breakpoint\":\"m\"},\"children\":[{\"type\":\"html\",\"props\":{\"content\":\"<!-- Begin Constant Contact Inline Form Code -->\\n<\/p>\n<div class=\"\\\"ctct-inline-form\\\"\" data-form-id=\"\\\"4631a477-6deb-49ff-8402-ee0829945e9a\\\"\"><\\\/div>\\n<!-- End Constant Contact Inline Form Code -->&#8220;}}]}]}]}],&#8221;version&#8221;:&#8221;4.5.33&#8243;} &#8211;><\/p>","protected":false},"excerpt":{"rendered":"<p>Traverse City Light &amp; Power To serve as the trusted community partner for delivering innovative, affordable, reliable and environmentally sustainable energy and telecom solutions. OUTAGES OUTAGES PAY MY BILL PAY MY BILL Energy Rewards ENERGY REWARDS TCLPfiber TCLPfiber Highlights &amp; Resources Board Meeting Agenda &#038; Packet Read more VIEW MORE HIGHLIGHTS Tips and Guides Your [&hellip;]<\/p>","protected":false},"author":3,"featured_media":0,"parent":0,"menu_order":64,"comment_status":"closed","ping_status":"closed","template":"","meta":{"_acf_changed":false,"footnotes":""},"class_list":["post-222","page","type-page","status-publish","hentry"],"acf":[],"_links":{"self":[{"href":"https:\/\/www.tclp.org\/es\/wp-json\/wp\/v2\/pages\/222","targetHints":{"allow":["GET"]}}],"collection":[{"href":"https:\/\/www.tclp.org\/es\/wp-json\/wp\/v2\/pages"}],"about":[{"href":"https:\/\/www.tclp.org\/es\/wp-json\/wp\/v2\/types\/page"}],"author":[{"embeddable":true,"href":"https:\/\/www.tclp.org\/es\/wp-json\/wp\/v2\/users\/3"}],"replies":[{"embeddable":true,"href":"https:\/\/www.tclp.org\/es\/wp-json\/wp\/v2\/comments?post=222"}],"version-history":[{"count":122,"href":"https:\/\/www.tclp.org\/es\/wp-json\/wp\/v2\/pages\/222\/revisions"}],"predecessor-version":[{"id":7833,"href":"https:\/\/www.tclp.org\/es\/wp-json\/wp\/v2\/pages\/222\/revisions\/7833"}],"wp:attachment":[{"href":"https:\/\/www.tclp.org\/es\/wp-json\/wp\/v2\/media?parent=222"}],"curies":[{"name":"wp","href":"https:\/\/api.w.org\/{rel}","templated":true}]}}