{"id":252,"date":"2023-01-13T17:57:32","date_gmt":"2023-01-13T17:57:32","guid":{"rendered":"http:\/\/www.tclp.org\/?page_id=252"},"modified":"2026-03-04T07:52:57","modified_gmt":"2026-03-04T12:52:57","slug":"payment-options","status":"publish","type":"page","link":"https:\/\/www.tclp.org\/es\/payment-options\/","title":{"rendered":"Payment Options"},"content":{"rendered":"<div>\n<h2>Reg\u00edstrate para la facturaci\u00f3n sin papel<\/h2>\n<div class=\"flex flex-col text-sm pb-25\">\n<article class=\"text-token-text-primary w-full focus:outline-none [--shadow-height:45px] has-data-writing-block:pointer-events-none has-data-writing-block:-mt-(--shadow-height) has-data-writing-block:pt-(--shadow-height) [&amp;:has([data-writing-block])&gt;*]:pointer-events-auto scroll-mt-[calc(var(--header-height)+min(200px,max(70px,20svh)))]\" dir=\"auto\" data-turn-id=\"request-WEB:389d67db-0521-4022-8764-8fda084a60d8-1\" data-testid=\"conversation-turn-4\" data-scroll-anchor=\"true\" data-turn=\"assistant\" tabindex=\"-1\">\n<div class=\"text-base my-auto mx-auto pb-10 [--thread-content-margin:--spacing(4)] @w-sm\/main:[--thread-content-margin:--spacing(6)] @w-lg\/main:[--thread-content-margin:--spacing(16)] px-(--thread-content-margin)\">\n<div class=\"[--thread-content-max-width:40rem] @w-lg\/main:[--thread-content-max-width:48rem] mx-auto max-w-(--thread-content-max-width) flex-1 group\/turn-messages focus-visible:outline-hidden relative flex w-full min-w-0 flex-col agent-turn\" tabindex=\"-1\">\n<div class=\"flex max-w-full flex-col grow\">\n<div data-message-author-role=\"assistant\" data-message-id=\"214cda01-dc86-4384-b31d-b597d1cb36a2\" dir=\"auto\" data-message-model-slug=\"gpt-5-2\" class=\"min-h-8 text-message relative flex w-full flex-col items-end gap-2 text-start break-words whitespace-normal [.text-message+&amp;]:mt-1\">\n<div class=\"flex w-full flex-col gap-1 empty:hidden first:pt-[1px]\">\n<div class=\"markdown prose dark:prose-invert w-full wrap-break-word light markdown-new-styling\">\n<p data-start=\"0\" data-end=\"212\" data-is-last-node=\"\" data-is-only-node=\"\">Olv\u00eddate del papel y disfruta de una forma segura de gestionar tu informaci\u00f3n de facturaci\u00f3n. Accede a tu cuenta en l\u00ednea en cualquier momento y lugar, y disfruta de la comodidad y la protecci\u00f3n que ofrece la gesti\u00f3n digital de cuentas.<\/p>\n<\/div>\n<p data-start=\"0\" data-end=\"212\" data-is-last-node=\"\" data-is-only-node=\"\">Reg\u00edstrate antes del 31 de mayo de 2026 y participar\u00e1s en un sorteo para ganar una de las cuatro tarjetas de regalo de Amazon $100.\u00a0<\/p>\n<\/div>\n<\/div>\n<\/div>\n<div class=\"z-0 flex min-h-[46px] justify-start\"><\/div>\n<\/div>\n<\/div>\n<\/article>\n<\/div>\n<\/div>\n<p><p>\n        <a href=\"https:\/\/www.tclp.org\/es\/go-paperless\/\">\u00a1Reg\u00edstrate hoy! <\/a>\n    <\/p>\n<\/p>\n<h1>OPCIONES DE PAGO<\/h1>\n<ul>\n<li>\n<p>        <img decoding=\"async\" src=\"\/wp-content\/uploads\/2023\/01\/Credit-Card-min.jpg\" alt=\"\"><\/p>\n<h3>TARJETA DE CR\u00c9DITO\/D\u00c9BITO<\/h3>\n<p><a href=\"https:\/\/myaccount.tclp.org\/ebill\/GuestPayment\">PAGAR AHORA<\/a><\/p>\n<\/li>\n<li>\n<p>        <img decoding=\"async\" src=\"\/wp-content\/uploads\/2023\/04\/Untitled-design-43.png\" alt=\"\"><\/p>\n<h3>PAGO AUTOM\u00c1TICO<\/h3>\n<p><a href=\"https:\/\/myaccount.tclp.org\/ebill\/Login\">INSCRIBIRSE<\/a><\/p>\n<\/li>\n<li>\n<p>        <img decoding=\"async\" src=\"\/wp-content\/uploads\/2023\/04\/Website-Go-Green-images-21.png\" alt=\"\"><\/p>\n<h3>ACCESO A LA CUENTA<\/h3>\n<p><a href=\"https:\/\/myaccount.tclp.org\/ebill\/Login\">ACCESO<\/a><\/p>\n<\/li>\n<\/ul>\n<h1>FORMAS ADICIONALES DE PAGO<\/h1>\n<h2>Correo<\/h2>\n<div>\n<p><span>Coloque un sello en el sobre de devoluci\u00f3n provisto e incluya el tal\u00f3n de pago y un cheque a nombre de Traverse City Light &amp; Power. Los pagos pueden enviarse por correo a:<\/span><\/p>\n<p><em><strong> Luz y energ\u00eda de Traverse City<br \/>Apartado postal 5920<br \/>Traverse City, MI 49696<\/strong><\/em><\/p>\n<\/div>\n<h2>Buz\u00f3n de entrega<\/h2>\n<div>\n<p><span>Los buzones se encuentran frente al Centro Gubernamental, en la Avenida Boardman n.\u00b0 400, o frente a la oficina de TCLP, en la Calle Hastings n.\u00b0 1131. Por favor, no lleve dinero en efectivo al usar los buzones.<\/span><\/p>\n<\/div>\n<h2>En persona<\/h2>\n<div>\n<p><span>Servicio al Cliente ubicado en Hastings Street 1131, Traverse City. Se aceptan efectivo, cheques, tarjetas de cr\u00e9dito y giros postales.<\/span><\/p>\n<\/div>\n<hr>\n<h1>INFORMACI\u00d3N DE FACTURACI\u00d3N<\/h1>\n<ul>\n<li>\n<p>        <img decoding=\"async\" src=\"\/wp-content\/uploads\/2023\/01\/untitled-79-min.jpg\" alt=\"\"><\/p>\n<h3>FACTURACI\u00d3N EN L\u00cdNEA<\/h3>\n<p><a href=\"https:\/\/myaccount.tclp.org\/ebill\/Login\"><\/a><\/p>\n<\/li>\n<li>\n<p>        <img decoding=\"async\" src=\"\/wp-content\/uploads\/2023\/01\/untitled-79-min.jpg\" alt=\"\"><\/p>\n<h3>PREGUNTAS DE FACTURACI\u00d3N<\/h3>\n<p><a href=\"\/es\/billing-questions\/\"><\/a><\/p>\n<\/li>\n<li>\n<p>        <img decoding=\"async\" src=\"\/wp-content\/uploads\/2023\/01\/untitled-79-min.jpg\" alt=\"\"><\/p>\n<h3>ASISTENCIA DE PAGO<\/h3>\n<p><a href=\"\/es\/residential-assistance\/\"><\/a><\/p>\n<\/li>\n<li>\n<p>        <img decoding=\"async\" src=\"\/wp-content\/uploads\/2023\/01\/untitled-79-min.jpg\" alt=\"\"><\/p>\n<h3>LIBRO DE TARIFAS<\/h3>\n<p><a href=\"\/es\/residential-rates\/\"><\/a><\/p>\n<\/li>\n<\/ul>\n<p><!--more--><br \/>\n<!-- {\"type\":\"layout\",\"children\":[{\"type\":\"section\",\"props\":{\"image_position\":\"center-center\",\"style\":\"primary\",\"title_breakpoint\":\"xl\",\"title_position\":\"top-left\",\"title_rotation\":\"left\",\"vertical_align\":\"\",\"width\":\"default\"},\"children\":[{\"type\":\"row\",\"children\":[{\"type\":\"column\",\"props\":{\"image_position\":\"center-center\",\"position_sticky_breakpoint\":\"m\"},\"children\":[{\"type\":\"text\",\"props\":{\"column_breakpoint\":\"m\",\"content\":\"\n\n<h2>Sign up for paperless invoicing<\\\/h2>\\n\n\n<div class=\\\"flex flex-col text-sm pb-25\\\">\\n\n\n<article class=\\\"text-token-text-primary w-full focus:outline-none [--shadow-height:45px] has-data-writing-block:pointer-events-none has-data-writing-block:-mt-(--shadow-height) has-data-writing-block:pt-(--shadow-height) [&amp;:has([data-writing-block])&gt;*]:pointer-events-auto scroll-mt-[calc(var(--header-height)+min(200px,max(70px,20svh)))]\\\" dir=\\\"auto\\\" data-turn-id=\\\"request-WEB:389d67db-0521-4022-8764-8fda084a60d8-1\\\" data-testid=\\\"conversation-turn-4\\\" data-scroll-anchor=\\\"true\\\" data-turn=\\\"assistant\\\" tabindex=\\\"-1\\\">\\n\n\n<div class=\\\"text-base my-auto mx-auto pb-10 [--thread-content-margin:--spacing(4)] @w-sm\\\/main:[--thread-content-margin:--spacing(6)] @w-lg\\\/main:[--thread-content-margin:--spacing(16)] px-(--thread-content-margin)\\\">\\n\n\n<div class=\\\"[--thread-content-max-width:40rem] @w-lg\\\/main:[--thread-content-max-width:48rem] mx-auto max-w-(--thread-content-max-width) flex-1 group\\\/turn-messages focus-visible:outline-hidden relative flex w-full min-w-0 flex-col agent-turn\\\" tabindex=\\\"-1\\\">\\n\n\n<div class=\\\"flex max-w-full flex-col grow\\\">\\n\n\n<div data-message-author-role=\\\"assistant\\\" data-message-id=\\\"214cda01-dc86-4384-b31d-b597d1cb36a2\\\" dir=\\\"auto\\\" data-message-model-slug=\\\"gpt-5-2\\\" class=\\\"min-h-8 text-message relative flex w-full flex-col items-end gap-2 text-start break-words whitespace-normal [.text-message+&amp;]:mt-1\\\">\\n\n\n<div class=\\\"flex w-full flex-col gap-1 empty:hidden first:pt-[1px]\\\">\\n\n\n<div class=\\\"markdown prose dark:prose-invert w-full wrap-break-word light markdown-new-styling\\\">\\n\n\n<p data-start=\\\"0\\\" data-end=\\\"212\\\" data-is-last-node=\\\"\\\" data-is-only-node=\\\"\\\">Go paperless and enjoy a safe, secure way to manage your billing information. Access your online account anytime, anywhere\\u2014while benefiting from the added convenience and protection of digital account management.<\\\/p>\\n<\\\/div>\\n\n\n<p data-start=\\\"0\\\" data-end=\\\"212\\\" data-is-last-node=\\\"\\\" data-is-only-node=\\\"\\\">Sign up before May 31st, 2026, and you'll be entered into a drawing to win one of four $100 Amazon gift cards.\\u00a0<\\\/p>\\n<\\\/div>\\n<\\\/div>\\n<\\\/div>\\n\n\n<div class=\\\"z-0 flex min-h-[46px] justify-start\\\"><\\\/div>\\n<\\\/div>\\n<\\\/div>\\n<\\\/article>\\n<\\\/div>\",\"margin\":\"default\"}},{\"type\":\"button\",\"props\":{\"grid_column_gap\":\"small\",\"grid_row_gap\":\"small\",\"margin\":\"default\"},\"children\":[{\"type\":\"button_item\",\"props\":{\"button_style\":\"default\",\"content\":\"Sign up today! \",\"dialog_layout\":\"modal\",\"dialog_offcanvas_flip\":true,\"icon_align\":\"left\",\"link\":\"https:\\\/\\\/www.tclp.org\\\/go-paperless\\\/\"}}]}]}]}]},{\"type\":\"section\",\"props\":{\"image_position\":\"center-center\",\"style\":\"default\",\"title_breakpoint\":\"xl\",\"title_position\":\"top-left\",\"title_rotation\":\"left\",\"vertical_align\":\"middle\",\"width\":\"default\"},\"children\":[{\"type\":\"row\",\"children\":[{\"type\":\"column\",\"props\":{\"image_position\":\"center-center\",\"position_sticky_breakpoint\":\"m\"},\"children\":[{\"type\":\"headline\",\"props\":{\"content\":\"PAYMENT OPTIONS\",\"css\":\".el-element{\\n    color:#196CA7;\\n}\",\"text_align\":\"center\",\"title_element\":\"h1\",\"title_style\":\"h1\"}},{\"type\":\"grid\",\"props\":{\"content_column_breakpoint\":\"m\",\"filter_align\":\"left\",\"filter_all\":true,\"filter_grid_breakpoint\":\"m\",\"filter_grid_width\":\"auto\",\"filter_position\":\"top\",\"filter_style\":\"tab\",\"grid_column_gap\":\"large\",\"grid_default\":\"1\",\"grid_medium\":\"3\",\"icon_width\":80,\"image_align\":\"top\",\"image_border\":\"circle\",\"image_grid_breakpoint\":\"m\",\"image_grid_width\":\"1-2\",\"image_height\":\"250\",\"image_svg_color\":\"emphasis\",\"image_width\":\"250\",\"item_animation\":true,\"lightbox_bg_close\":true,\"link_size\":\"large\",\"link_style\":\"default\",\"link_text\":\"Read more\",\"margin\":\"default\",\"meta_align\":\"below-title\",\"meta_element\":\"div\",\"meta_style\":\"text-meta\",\"show_content\":true,\"show_hover_image\":true,\"show_hover_video\":true,\"show_image\":true,\"show_link\":true,\"show_meta\":true,\"show_title\":true,\"show_video\":true,\"text_align\":\"center\",\"title_align\":\"top\",\"title_element\":\"h3\",\"title_grid_breakpoint\":\"m\",\"title_grid_width\":\"1-2\",\"title_hover_style\":\"reset\"},\"children\":[{\"type\":\"grid_item\",\"props\":{\"image\":\"wp-content\\\/uploads\\\/2023\\\/01\\\/Credit-Card-min.jpg\",\"link\":\"https:\\\/\\\/myaccount.tclp.org\\\/ebill\\\/GuestPayment\",\"link_text\":\"PAY NOW\",\"title\":\"CREDIT\\\/DEBIT CARD\"}},{\"type\":\"grid_item\",\"props\":{\"image\":\"wp-content\\\/uploads\\\/2023\\\/04\\\/Untitled-design-43.png\",\"link\":\"https:\\\/\\\/myaccount.tclp.org\\\/ebill\\\/Login\",\"link_text\":\"SIGN UP\",\"title\":\"AUTO PAY\"}},{\"type\":\"grid_item\",\"props\":{\"image\":\"wp-content\\\/uploads\\\/2023\\\/04\\\/Website-Go-Green-images-21.png\",\"link\":\"https:\\\/\\\/myaccount.tclp.org\\\/ebill\\\/Login\",\"link_text\":\"LOGIN\",\"title\":\"ACCOUNT ACCESS\"}}]}]}]}]},{\"type\":\"section\",\"props\":{\"image_position\":\"center-center\",\"padding\":\"small\",\"padding_remove_top\":false,\"style\":\"primary\",\"title_breakpoint\":\"xl\",\"title_position\":\"top-left\",\"title_rotation\":\"left\",\"vertical_align\":\"\",\"width\":\"default\"},\"children\":[{\"type\":\"row\",\"children\":[{\"type\":\"column\",\"props\":{\"image_position\":\"center-center\",\"position_sticky_breakpoint\":\"m\"},\"children\":[{\"type\":\"headline\",\"props\":{\"content\":\"ADDITIONAL WAYS TO PAY\",\"text_align\":\"center\",\"title_element\":\"h1\"}}]}]}]},{\"type\":\"section\",\"props\":{\"image_position\":\"center-center\",\"style\":\"default\",\"title_breakpoint\":\"xl\",\"title_position\":\"top-left\",\"title_rotation\":\"left\",\"vertical_align\":\"\",\"width\":\"default\"},\"children\":[{\"type\":\"row\",\"props\":{\"layout\":\"2-5,3-5\"},\"children\":[{\"type\":\"column\",\"props\":{\"image_position\":\"center-center\",\"position_sticky_breakpoint\":\"m\",\"width_medium\":\"2-5\"},\"children\":[{\"type\":\"headline\",\"props\":{\"content\":\"Mail\",\"text_align\":\"left\",\"text_align_breakpoint\":\"m\",\"text_align_fallback\":\"center\",\"title_element\":\"h2\"}}]},{\"type\":\"column\",\"props\":{\"image_position\":\"center-center\",\"position_sticky_breakpoint\":\"m\",\"width_medium\":\"3-5\"},\"children\":[{\"type\":\"text\",\"props\":{\"column_breakpoint\":\"m\",\"content\":\"\n\n<p><span>Place a stamp on the provided return envelope and enclose the remittance stub and a check made out to the Traverse City Light &amp; Power. Payments can be mailed to:<\\\/span><\\\/p>\\n\n\n<p><em><strong> Traverse City Light &amp; Power<br \\\/>P.O. Box 5920<br \\\/>Traverse City, MI 49696<\\\/strong><\\\/em><\\\/p>\",\"margin\":\"default\"}}]}]},{\"type\":\"row\",\"props\":{\"layout\":\"2-5,3-5\"},\"children\":[{\"type\":\"column\",\"props\":{\"image_position\":\"center-center\",\"position_sticky_breakpoint\":\"m\",\"width_medium\":\"2-5\"},\"children\":[{\"type\":\"headline\",\"props\":{\"content\":\"Drop Box\",\"text_align\":\"left\",\"text_align_breakpoint\":\"m\",\"text_align_fallback\":\"center\",\"title_element\":\"h2\"}}]},{\"type\":\"column\",\"props\":{\"image_position\":\"center-center\",\"position_sticky_breakpoint\":\"m\",\"width_medium\":\"3-5\"},\"children\":[{\"type\":\"text\",\"props\":{\"column_breakpoint\":\"m\",\"content\":\"\n\n<p><span>Drop boxes are located in front of the Governmental Center at 400 Boardman Avenue or the TCLP office at 1131 Hastings Street. Please do not include cash when using drop boxes.<\\\/span><\\\/p>\",\"margin\":\"default\"}}]}]},{\"type\":\"row\",\"props\":{\"layout\":\"2-5,3-5\"},\"children\":[{\"type\":\"column\",\"props\":{\"image_position\":\"center-center\",\"position_sticky_breakpoint\":\"m\",\"width_medium\":\"2-5\"},\"children\":[{\"type\":\"headline\",\"props\":{\"content\":\"In Person\",\"text_align\":\"left\",\"text_align_breakpoint\":\"m\",\"text_align_fallback\":\"center\",\"title_element\":\"h2\"}}]},{\"type\":\"column\",\"props\":{\"image_position\":\"center-center\",\"position_sticky_breakpoint\":\"m\",\"width_medium\":\"3-5\"},\"children\":[{\"type\":\"text\",\"props\":{\"column_breakpoint\":\"m\",\"content\":\"\n\n<p><span>Customer Service located at 1131 Hastings Street, Traverse City. Cash, check, credit card and money orders are accepted.<\\\/span><\\\/p>\",\"margin\":\"default\"}}]}]},{\"type\":\"row\",\"children\":[{\"type\":\"column\",\"props\":{\"image_position\":\"center-center\",\"position_sticky_breakpoint\":\"m\"},\"children\":[{\"type\":\"divider\",\"props\":{\"block_align\":\"center\",\"divider_element\":\"hr\",\"margin\":\"medium\",\"maxwidth\":\"2xlarge\"}},{\"type\":\"headline\",\"props\":{\"content\":\"BILLING INFORMATION\",\"css\":\".el-element{\\n    color:#196CA7;\\n}\",\"text_align\":\"center\",\"title_element\":\"h1\",\"title_style\":\"h1\"}}]}]},{\"type\":\"row\",\"children\":[{\"type\":\"column\",\"props\":{\"image_position\":\"center-center\",\"position_sticky_breakpoint\":\"m\"},\"children\":[{\"type\":\"gallery\",\"props\":{\"filter_align\":\"left\",\"filter_all\":true,\"filter_grid_breakpoint\":\"m\",\"filter_grid_width\":\"auto\",\"filter_position\":\"top\",\"filter_style\":\"tab\",\"grid_default\":\"1\",\"grid_medium\":\"4\",\"image_height\":\"250\",\"image_width\":\"250\",\"item_animation\":true,\"lightbox_bg_close\":true,\"link_fullwidth\":false,\"link_style\":\"secondary\",\"link_text\":\"\",\"margin\":\"default\",\"meta_align\":\"below-title\",\"meta_element\":\"div\",\"meta_style\":\"text-meta\",\"overlay_hover\":false,\"overlay_link\":true,\"overlay_mode\":\"cover\",\"overlay_position\":\"center\",\"overlay_style\":\"overlay-primary\",\"overlay_transition\":\"fade\",\"show_content\":true,\"show_hover_image\":true,\"show_hover_video\":true,\"show_link\":true,\"show_meta\":true,\"show_title\":true,\"text_align\":\"center\",\"text_color\":\"light\",\"title_element\":\"h3\",\"title_hover_style\":\"reset\",\"title_link\":false,\"title_style\":\"h3\"},\"children\":[{\"type\":\"gallery_item\",\"props\":{\"image\":\"wp-content\\\/uploads\\\/2023\\\/01\\\/untitled-79-min.jpg\",\"link\":\"https:\\\/\\\/myaccount.tclp.org\\\/ebill\\\/Login\",\"title\":\"ONLINE BILLING\"}},{\"type\":\"gallery_item\",\"props\":{\"image\":\"wp-content\\\/uploads\\\/2023\\\/01\\\/untitled-79-min.jpg\",\"link\":\"\\\/billing-questions\\\/\",\"title\":\"BILLING QUESTIONS\"}},{\"type\":\"gallery_item\",\"props\":{\"image\":\"wp-content\\\/uploads\\\/2023\\\/01\\\/untitled-79-min.jpg\",\"link\":\"\\\/residential-assistance\\\/\",\"title\":\"PAYMENT ASSISTANCE\"}},{\"type\":\"gallery_item\",\"props\":{\"image\":\"wp-content\\\/uploads\\\/2023\\\/01\\\/untitled-79-min.jpg\",\"link\":\"\\\/residential-rates\\\/\",\"title\":\"RATES BOOK\"}}]}]}]}]}],\"version\":\"4.5.33\"} --><\/p>","protected":false},"excerpt":{"rendered":"<p>Sign up for paperless invoicing Go paperless and enjoy a safe, secure way to manage your billing information. Access your online account anytime, anywhere\u2014while benefiting from the added convenience and protection of digital account management. Sign up before May 31st, 2026, and you&#8217;ll be entered into a drawing to win one of four $100 Amazon [&hellip;]<\/p>","protected":false},"author":3,"featured_media":0,"parent":0,"menu_order":66,"comment_status":"closed","ping_status":"closed","template":"","meta":{"_acf_changed":false,"footnotes":""},"class_list":["post-252","page","type-page","status-publish","hentry"],"acf":[],"_links":{"self":[{"href":"https:\/\/www.tclp.org\/es\/wp-json\/wp\/v2\/pages\/252","targetHints":{"allow":["GET"]}}],"collection":[{"href":"https:\/\/www.tclp.org\/es\/wp-json\/wp\/v2\/pages"}],"about":[{"href":"https:\/\/www.tclp.org\/es\/wp-json\/wp\/v2\/types\/page"}],"author":[{"embeddable":true,"href":"https:\/\/www.tclp.org\/es\/wp-json\/wp\/v2\/users\/3"}],"replies":[{"embeddable":true,"href":"https:\/\/www.tclp.org\/es\/wp-json\/wp\/v2\/comments?post=252"}],"version-history":[{"count":40,"href":"https:\/\/www.tclp.org\/es\/wp-json\/wp\/v2\/pages\/252\/revisions"}],"predecessor-version":[{"id":7834,"href":"https:\/\/www.tclp.org\/es\/wp-json\/wp\/v2\/pages\/252\/revisions\/7834"}],"wp:attachment":[{"href":"https:\/\/www.tclp.org\/es\/wp-json\/wp\/v2\/media?parent=252"}],"curies":[{"name":"wp","href":"https:\/\/api.w.org\/{rel}","templated":true}]}}