{"id":3544,"date":"2023-09-08T12:34:12","date_gmt":"2023-09-08T16:34:12","guid":{"rendered":"https:\/\/www.tclp.org\/on-bill-financing-2\/"},"modified":"2025-01-22T17:14:59","modified_gmt":"2025-01-22T22:14:59","slug":"climate-action-plan","status":"publish","type":"page","link":"https:\/\/www.tclp.org\/es\/climate-action-plan\/","title":{"rendered":"Plan de Acci\u00f3n Clim\u00e1tica"},"content":{"rendered":"<h1>Plan de Acci\u00f3n Clim\u00e1tica<\/h1>\n<div>\n<p><span>El Plan de Acci\u00f3n Clim\u00e1tica de TCLP busca identificar soluciones innovadoras para las empresas de servicios p\u00fablicos, dise\u00f1adas para reducir su impacto de carbono y, al mismo tiempo, proteger la resiliencia de la red. Las soluciones para facilitar este proceso incluyen:<\/span><strong><span>\u00a0<\/span><\/strong><span>recursos energ\u00e9ticos distribuidos, almacenamiento de energ\u00eda, eficiencia energ\u00e9tica (tambi\u00e9n conocida como reducci\u00f3n del desperdicio de energ\u00eda), respuesta a la demanda y generaci\u00f3n renovable, con un enfoque clave en la descarbonizaci\u00f3n.\u00a0<\/span><\/p>\n<\/div>\n<p>\n    <a href=\"http:\/\/www.tclp.org\/wp-content\/uploads\/2023\/08\/5LE-TCLP-Climate-Action-Plan-Final-Report.pdf\">Ver el Plan de Acci\u00f3n Clim\u00e1tica <\/a>\n<\/p>\n<p><!--more--><br \/>\n<!-- {\"type\":\"layout\",\"children\":[{\"type\":\"section\",\"props\":{\"image\":\"wp-content\\\/uploads\\\/2023\\\/04\\\/Website-banner-1900-\\u00d7-300-px-9.png\",\"image_position\":\"center-center\",\"media_overlay\":\"rgba(0, 0, 0, 0.4)\",\"style\":\"primary\",\"title_breakpoint\":\"xl\",\"title_position\":\"top-left\",\"title_rotation\":\"left\",\"vertical_align\":\"\",\"width\":\"default\"},\"children\":[{\"type\":\"row\",\"children\":[{\"type\":\"column\",\"props\":{\"image_position\":\"center-center\",\"position_sticky_breakpoint\":\"m\"},\"children\":[{\"type\":\"headline\",\"props\":{\"content\":\"Climate Action Plan\",\"title_element\":\"h1\"}}]}]}],\"name\":\"Hero Inner\"},{\"type\":\"section\",\"props\":{\"image_position\":\"center-center\",\"style\":\"default\",\"title_breakpoint\":\"xl\",\"title_position\":\"top-left\",\"title_rotation\":\"left\",\"vertical_align\":\"\",\"width\":\"default\"},\"children\":[{\"type\":\"row\",\"children\":[{\"type\":\"column\",\"props\":{\"image_position\":\"center-center\",\"position_sticky_breakpoint\":\"m\"},\"children\":[{\"type\":\"text\",\"props\":{\"column_breakpoint\":\"m\",\"content\":\"\n\n<p><span>TCLP\\u2019s Climate Action Plan is intended to identify innovative utility solutions designed to reduce the utility\\u2019s carbon impact while protecting grid resiliency. Solutions to assist in the journey include<\\\/span><strong><span>\\u00a0<\\\/span><\\\/strong><span>distributed energy resources, energy storage, energy efficiency (aka energy waste reduction), demand response, and renewable generation, with a key focus being decarbonization.\\u00a0<\\\/span><\\\/p>\",\"margin\":\"default\"}},{\"type\":\"button\",\"props\":{\"grid_column_gap\":\"small\",\"grid_row_gap\":\"small\",\"margin\":\"default\"},\"children\":[{\"type\":\"button_item\",\"props\":{\"button_style\":\"default\",\"content\":\"View Climate Action Plan \",\"icon_align\":\"left\",\"link\":\"http:\\\/\\\/www.tclp.org\\\/wp-content\\\/uploads\\\/2023\\\/08\\\/5LE-TCLP-Climate-Action-Plan-Final-Report.pdf\",\"link_target\":\"blank\"}}]}]}]}]}],\"version\":\"4.4.17\"} --><\/p>","protected":false},"excerpt":{"rendered":"<p>Climate Action Plan TCLP\u2019s Climate Action Plan is intended to identify innovative utility solutions designed to reduce the utility\u2019s carbon impact while protecting grid resiliency. Solutions to assist in the journey include\u00a0distributed energy resources, energy storage, energy efficiency (aka energy waste reduction), demand response, and renewable generation, with a key focus being decarbonization.\u00a0 View Climate [&hellip;]<\/p>","protected":false},"author":3,"featured_media":0,"parent":0,"menu_order":57,"comment_status":"open","ping_status":"open","template":"","meta":{"_acf_changed":false,"footnotes":""},"class_list":["post-3544","page","type-page","status-publish","hentry"],"acf":[],"_links":{"self":[{"href":"https:\/\/www.tclp.org\/es\/wp-json\/wp\/v2\/pages\/3544","targetHints":{"allow":["GET"]}}],"collection":[{"href":"https:\/\/www.tclp.org\/es\/wp-json\/wp\/v2\/pages"}],"about":[{"href":"https:\/\/www.tclp.org\/es\/wp-json\/wp\/v2\/types\/page"}],"author":[{"embeddable":true,"href":"https:\/\/www.tclp.org\/es\/wp-json\/wp\/v2\/users\/3"}],"replies":[{"embeddable":true,"href":"https:\/\/www.tclp.org\/es\/wp-json\/wp\/v2\/comments?post=3544"}],"version-history":[{"count":7,"href":"https:\/\/www.tclp.org\/es\/wp-json\/wp\/v2\/pages\/3544\/revisions"}],"predecessor-version":[{"id":5476,"href":"https:\/\/www.tclp.org\/es\/wp-json\/wp\/v2\/pages\/3544\/revisions\/5476"}],"wp:attachment":[{"href":"https:\/\/www.tclp.org\/es\/wp-json\/wp\/v2\/media?parent=3544"}],"curies":[{"name":"wp","href":"https:\/\/api.w.org\/{rel}","templated":true}]}}