{"id":4386,"date":"2024-08-15T15:58:14","date_gmt":"2024-08-15T19:58:14","guid":{"rendered":"https:\/\/www.tclp.org\/?page_id=4386"},"modified":"2024-12-27T10:49:44","modified_gmt":"2024-12-27T15:49:44","slug":"about-tclpfiber","status":"publish","type":"page","link":"https:\/\/www.tclp.org\/es\/about-tclpfiber\/","title":{"rendered":"La gente y la visi\u00f3n detr\u00e1s de TCLPfiber"},"content":{"rendered":"<h1>La gente y la visi\u00f3n detr\u00e1s de TCLP<em>fibra<\/em><\/h1>\n<h1>DURANTE M\u00c1S DE UN SIGLO\u2026<\/h1>\n<div>\n<p>Traverse City Light &amp; Power ha estado presente para los residentes y las empresas de Traverse City, brindando servicios que marcan la diferencia. Como socio de confianza, nos enorgullece haber contribuido al desarrollo de Traverse City, convirti\u00e9ndola en uno de los lugares m\u00e1s atractivos del norte de Michigan para trabajar, divertirse y vivir. Y a\u00fan queda mucho por hacer.<\/p>\n<\/div>\n<p><img decoding=\"async\" src=\"\/wp-content\/uploads\/2024\/08\/Marching_band-TCLP-Crop.jpg\" alt=\"\"><\/p>\n<h2>Respondiendo a la necesidad<\/h2>\n<div>\n<p>En la \u00faltima d\u00e9cada hemos presenciado un enorme crecimiento de la tecnolog\u00eda digital y una profundizaci\u00f3n de la brecha entre las comunidades con acceso a Internet de banda ancha de alta velocidad asequible y aquellas que no lo tienen.\u00a0<\/p>\n<p>En 2016, TCLP comenz\u00f3 a visualizar una infraestructura de comunicaciones de clase mundial que ofreciera acceso a Internet de banda ancha gigabit para residentes, empresas y otros del \u00e1rea de Traverse City.<\/p>\n<\/div>\n<p><img decoding=\"async\" src=\"\/wp-content\/uploads\/2024\/11\/450646369_1007787701350639_30589.jpg\" alt=\"\"><\/p>\n<h2>Una visi\u00f3n conectada del siglo XXI<\/h2>\n<div>\n<p>Los pilares clave que sustentan la visi\u00f3n incluyen los siguientes:<\/p>\n<ul>\n<li>TCLP considera la conectividad de banda ancha basada en fibra como un servicio p\u00fablico esencial, al igual que el servicio el\u00e9ctrico que hemos proporcionado desde 1912.<\/li>\n<li>Cada hogar, empresa, organizaci\u00f3n sin fines de lucro, entidad gubernamental e instituci\u00f3n educativa deber\u00eda tener la oportunidad de conectarse.<\/li>\n<li>Proporcionar acceso igualitario y asequible a la infraestructura y los servicios de comunicaciones es esencial para promover la igualdad de oportunidades en los negocios, la educaci\u00f3n, el empleo, la atenci\u00f3n de la salud y todos los dem\u00e1s aspectos de la vida cotidiana.<\/li>\n<li>Un mayor acceso a la banda ancha ayuda a reducir los costos comerciales, atraer y retener residentes altamente calificados y nuevas industrias, y crear nuevos empleos sostenibles en nuestra econom\u00eda empresarial.<\/li>\n<li>Una s\u00f3lida conectividad empresarial, residencial e institucional tambi\u00e9n ampliar\u00e1 las oportunidades para los estudiantes locales desde preescolar hasta la secundaria y m\u00e1s all\u00e1, y posibilitar\u00e1 un gobierno m\u00e1s abierto y una mayor participaci\u00f3n c\u00edvica.<\/li>\n<li>Pretendemos empoderar a nuestros ciudadanos y empresas locales para que sean productores de econom\u00eda en red, no solo consumidores de informaci\u00f3n en red y servicios de datos.<\/li>\n<\/ul>\n<\/div>\n<h2>Enfoque inteligente por etapas<\/h2>\n<div>\n<p>Utilizando un plan de implementaci\u00f3n incremental y medido, TCLP<em>fibra<\/em> Garantiza el \u00e9xito y la sostenibilidad de la red. El plan divide Traverse City en cinco \u00e1reas de distribuci\u00f3n.<\/p>\n<p>En la Fase I, conectamos aproximadamente 2,000 hogares y negocios en el coraz\u00f3n de Traverse City. Posteriormente, pasaremos a las fases posteriores, conectando las zonas con mayor inter\u00e9s. Con gran parte de la red ya instalada, el arduo trabajo de conectar a los clientes ya est\u00e1 concluido.<\/p>\n<\/div>\n<p><img decoding=\"async\" src=\"\/wp-content\/uploads\/2024\/08\/Downtown_Traverse_City_Aerial_2000_px.jpg\" alt=\"\"><br \/>\n<img decoding=\"async\" src=\"\/wp-content\/uploads\/2024\/11\/Untitled-design-99-c6293262.jpg\" alt=\"\"><\/p>\n<h2>Dise\u00f1ado y propiedad de la comunidad, administrado por TCLP<\/h2>\n<div>\n<p>TCLP<em>fibra<\/em> Es una iniciativa comunitaria liderada por la Junta Directiva y el personal de TCLP. Adem\u00e1s, el apoyo de organizaciones con y sin fines de lucro, grupos de apoyo, incubadoras tecnol\u00f3gicas, instituciones educativas y asociaciones vecinales ha sido fundamental en el lanzamiento de TCLP.<em>fibra<\/em>.<\/p>\n<\/div>\n<h2>Conectado a un futuro m\u00e1s brillante<\/h2>\n<div>\n<p>TCLP<em>fibra<\/em> Conecta a la comunidad de Traverse City con un futuro mejor, un suscriptor a la vez. Tu comunidad, tu futuro, tu red de fibra.<\/p>\n<\/div>\n<p><img decoding=\"async\" src=\"\/wp-content\/uploads\/2024\/11\/Untitled-design-100-6e3154f5.jpg\" alt=\"\"><\/p>\n<p><!--more--><br \/>\n<!-- {\"type\":\"layout\",\"children\":[{\"type\":\"section\",\"props\":{\"image\":\"wp-content\\\/uploads\\\/2024\\\/11\\\/24-TCLP-Fiber_Background.png\",\"image_position\":\"center-center\",\"image_size\":\"cover\",\"media_overlay\":\"rgba(9, 21, 50, 0.28)\",\"style\":\"default\",\"text_color\":\"light\",\"title_breakpoint\":\"xl\",\"title_position\":\"top-left\",\"title_rotation\":\"left\",\"vertical_align\":\"middle\",\"width\":\"default\"},\"children\":[{\"type\":\"row\",\"children\":[{\"type\":\"column\",\"props\":{\"image_position\":\"center-center\",\"position_sticky_breakpoint\":\"m\"},\"children\":[{\"type\":\"headline\",\"props\":{\"content\":\"The People and Vision Behind TCLP<em>fiber<\\\/em>\",\"title_element\":\"h1\"}}]}]}]},{\"type\":\"section\",\"props\":{\"image_position\":\"center-center\",\"style\":\"default\",\"title_breakpoint\":\"xl\",\"title_position\":\"top-left\",\"title_rotation\":\"left\",\"vertical_align\":\"middle\",\"width\":\"default\"},\"children\":[{\"type\":\"row\",\"props\":{\"layout\":\"3-5,2-5\"},\"children\":[{\"type\":\"column\",\"props\":{\"image_position\":\"center-center\",\"position_sticky_breakpoint\":\"m\",\"width_medium\":\"3-5\"},\"children\":[{\"type\":\"headline\",\"props\":{\"content\":\"FOR MORE THAN A CENTURY...\",\"title_element\":\"h1\"}},{\"type\":\"text\",\"props\":{\"column_breakpoint\":\"m\",\"content\":\"\n\n<p>Traverse City Light &amp; Power has been here for the people and businesses of Traverse City, delivering the services that make a difference. As a trusted partner, we\\u2019re proud to have been a part of Traverse City\\u2019s development into one of Northern Michigan\\u2019s most desirable places to work, play and live. And we\\u2019re not done \\u2014 not by a long shot.<\\\/p>\",\"margin\":\"default\"}}]},{\"type\":\"column\",\"props\":{\"image_position\":\"center-center\",\"position_sticky_breakpoint\":\"m\",\"width_medium\":\"2-5\"},\"children\":[{\"type\":\"image\",\"props\":{\"image\":\"wp-content\\\/uploads\\\/2024\\\/08\\\/Marching_band-TCLP-Crop.jpg\",\"image_svg_color\":\"emphasis\",\"margin\":\"default\"}}]}]}]},{\"type\":\"section\",\"props\":{\"image\":\"wp-content\\\/uploads\\\/2024\\\/10\\\/White-Background-1.svg\",\"image_position\":\"center-center\",\"media_background\":\"rgba(137, 160, 181, 0.1)\",\"padding\":\"small\",\"padding_remove_bottom\":false,\"padding_remove_top\":false,\"style\":\"default\",\"title_breakpoint\":\"xl\",\"title_position\":\"top-left\",\"title_rotation\":\"left\",\"vertical_align\":\"middle\",\"width\":\"default\"},\"children\":[{\"type\":\"row\",\"children\":[{\"type\":\"column\",\"props\":{\"image_position\":\"center-center\",\"position_sticky_breakpoint\":\"m\",\"width_medium\":\"1-3\"},\"children\":[{\"type\":\"headline\",\"props\":{\"content\":\"Responding to the need\",\"title_element\":\"h2\"}},{\"type\":\"text\",\"props\":{\"column_breakpoint\":\"m\",\"content\":\"\n\n<p>The last decade has seen tremendous growth in digital technology and a deepening divide between communities with affordable high-speed broadband internet and those without it.\\u00a0<\\\/p>\\n\n\n<p>In 2016, TCLP began envisioning a world-class communications infrastructure offering gigabit broadband internet access for Traverse City-area residents, businesses and others.<\\\/p>\",\"margin\":\"default\"}}]},{\"type\":\"column\",\"props\":{\"image_position\":\"center-center\",\"position_sticky_breakpoint\":\"m\",\"width_medium\":\"2-3\"},\"children\":[{\"type\":\"image\",\"props\":{\"image\":\"\\\/wp-content\\\/uploads\\\/2024\\\/11\\\/450646369_1007787701350639_30589.jpg\",\"image_svg_color\":\"emphasis\",\"margin\":\"default\"}}]}],\"props\":{\"layout\":\"1-3,2-3\"}}]},{\"type\":\"section\",\"props\":{\"image_position\":\"center-center\",\"media_background\":\"rgba(137, 160, 181, 0.1)\",\"padding\":\"small\",\"padding_remove_bottom\":false,\"padding_remove_top\":false,\"style\":\"default\",\"title_breakpoint\":\"xl\",\"title_position\":\"top-left\",\"title_rotation\":\"left\",\"vertical_align\":\"middle\",\"width\":\"default\"},\"children\":[{\"type\":\"row\",\"children\":[{\"type\":\"column\",\"props\":{\"image_position\":\"center-center\",\"position_sticky_breakpoint\":\"m\"},\"children\":[{\"type\":\"headline\",\"props\":{\"content\":\"A 21st-century connected vision\",\"title_element\":\"h2\"}},{\"type\":\"text\",\"props\":{\"column_breakpoint\":\"m\",\"content\":\"\n\n<p>The key pillars supporting the vision included the following:<\\\/p>\\n\n\n<ul>\\n\n\n<li>TCLP views fiber-based broadband connectivity as an essential utility, just like the electric service we have provided since 1912.<\\\/li>\\n\n\n<li>Every home, business, nonprofit organization, government entity and educational institution should have the opportunity to connect.<\\\/li>\\n\n\n<li>Providing equal and affordable access to communications infrastructure and service is essential to promoting equal opportunity in business, education, employment, health care and all other aspects of everyday life.<\\\/li>\\n\n\n<li>Greater access to broadband helps lower business costs, attract and retain highly skilled residents and new industries, and create sustainable new jobs in our entrepreneurial economy.<\\\/li>\\n\n\n<li>Robust business, residential and institutional connectivity will also expand opportunities for local students in K\\u201312 and beyond, and enable more open government and civic engagement.<\\\/li>\\n\n\n<li>We intend to empower our citizens and local businesses to be network economy producers \\u2014 not just consumers of network information and data services.<\\\/li>\\n<\\\/ul>\",\"margin\":\"default\"}}]}]}]},{\"type\":\"section\",\"props\":{\"image\":\"wp-content\\\/uploads\\\/2024\\\/10\\\/White-Background-1.svg\",\"image_position\":\"center-center\",\"media_background\":\"rgba(137, 160, 181, 0.1)\",\"padding\":\"small\",\"padding_remove_bottom\":false,\"padding_remove_top\":false,\"style\":\"default\",\"title_breakpoint\":\"xl\",\"title_position\":\"top-left\",\"title_rotation\":\"left\",\"vertical_align\":\"middle\",\"width\":\"default\"},\"children\":[{\"type\":\"row\",\"children\":[{\"type\":\"column\",\"props\":{\"image_position\":\"center-center\",\"position_sticky_breakpoint\":\"m\",\"width_medium\":\"1-3\"},\"children\":[{\"type\":\"headline\",\"props\":{\"content\":\"Smart phased-in approach\",\"title_element\":\"h2\"}},{\"type\":\"text\",\"props\":{\"column_breakpoint\":\"m\",\"content\":\"\n\n<p>Using a measured, incremental roll-out plan, TCLP<em>fiber<\\\/em> ensures the network is successful and sustainable. The plan divides Traverse City into five distribution areas.<\\\/p>\\n\n\n<p>In Phase I, we connected approximately 2,000 homes and businesses, in the heart of Traverse City. Then, we are moving on to the subsequent phases, connecting the areas where interest is greatest. With much of the network already built out, the hard work of bringing customers online is already completed.<\\\/p>\",\"margin\":\"default\"}}]},{\"type\":\"column\",\"props\":{\"image_position\":\"center-center\",\"position_sticky_breakpoint\":\"m\",\"width_medium\":\"2-3\"},\"children\":[{\"type\":\"image\",\"props\":{\"image\":\"wp-content\\\/uploads\\\/2024\\\/08\\\/Downtown_Traverse_City_Aerial_2000_px.jpg\",\"image_svg_color\":\"emphasis\",\"margin\":\"default\"}}]}],\"props\":{\"layout\":\"1-3,2-3\"}}]},{\"type\":\"section\",\"props\":{\"image_position\":\"center-center\",\"media_background\":\"rgba(137, 160, 181, 0.1)\",\"padding\":\"small\",\"padding_remove_bottom\":false,\"padding_remove_top\":false,\"style\":\"default\",\"title_breakpoint\":\"xl\",\"title_position\":\"top-left\",\"title_rotation\":\"left\",\"vertical_align\":\"middle\",\"width\":\"default\"},\"children\":[{\"type\":\"row\",\"children\":[{\"type\":\"column\",\"props\":{\"image_position\":\"center-center\",\"position_sticky_breakpoint\":\"m\",\"width_medium\":\"2-3\"},\"children\":[{\"type\":\"image\",\"props\":{\"image\":\"wp-content\\\/uploads\\\/2024\\\/11\\\/Untitled-design-99-c6293262.jpg\",\"image_svg_color\":\"emphasis\",\"margin\":\"default\"}}]},{\"type\":\"column\",\"props\":{\"image_position\":\"center-center\",\"position_sticky_breakpoint\":\"m\",\"width_medium\":\"1-3\"},\"children\":[{\"type\":\"headline\",\"props\":{\"content\":\"Designed and owned by the community, managed by TCLP\",\"title_element\":\"h2\"}},{\"type\":\"text\",\"props\":{\"column_breakpoint\":\"m\",\"content\":\"\n\n<p>TCLP<em>fiber<\\\/em> is a community-wide initiative led by the TCLP Board and staff. In addition, supporters representing for-profit and nonprofit boards, advocacy groups, tech incubators, educational institutions and neighborhood associations have been instrumental in launching TCLP<em>fiber<\\\/em>.<\\\/p>\",\"margin\":\"default\"}}]}],\"props\":{\"layout\":\"2-3,1-3\"}}]},{\"type\":\"section\",\"props\":{\"image\":\"wp-content\\\/uploads\\\/2024\\\/10\\\/White-Background-1.svg\",\"image_position\":\"center-center\",\"media_background\":\"rgba(137, 160, 181, 0.1)\",\"padding\":\"small\",\"padding_remove_bottom\":false,\"padding_remove_top\":false,\"style\":\"default\",\"title_breakpoint\":\"xl\",\"title_position\":\"top-left\",\"title_rotation\":\"left\",\"vertical_align\":\"middle\",\"width\":\"default\"},\"children\":[{\"type\":\"row\",\"children\":[{\"type\":\"column\",\"props\":{\"image_position\":\"center-center\",\"position_sticky_breakpoint\":\"m\",\"width_medium\":\"1-3\"},\"children\":[{\"type\":\"headline\",\"props\":{\"content\":\"Connected to a brighter future\",\"title_element\":\"h2\"}},{\"type\":\"text\",\"props\":{\"column_breakpoint\":\"m\",\"content\":\"\n\n<p>TCLP<em>fiber<\\\/em> is connecting the Traverse City community to a brighter future, one subscriber at a time. Your community, your future, your fiber network.<\\\/p>\",\"margin\":\"default\"}}]},{\"type\":\"column\",\"props\":{\"image_position\":\"center-center\",\"position_sticky_breakpoint\":\"m\",\"width_medium\":\"2-3\"},\"children\":[{\"type\":\"image\",\"props\":{\"image\":\"wp-content\\\/uploads\\\/2024\\\/11\\\/Untitled-design-100-6e3154f5.jpg\",\"image_svg_color\":\"emphasis\",\"margin\":\"default\"}}]}],\"props\":{\"layout\":\"1-3,2-3\"}}]}],\"version\":\"4.4.17\"} --><\/p>","protected":false},"excerpt":{"rendered":"<p>The People and Vision Behind TCLPfiber FOR MORE THAN A CENTURY&#8230; Traverse City Light &amp; Power has been here for the people and businesses of Traverse City, delivering the services that make a difference. As a trusted partner, we\u2019re proud to have been a part of Traverse City\u2019s development into one of Northern Michigan\u2019s most [&hellip;]<\/p>","protected":false},"author":1,"featured_media":4425,"parent":0,"menu_order":0,"comment_status":"closed","ping_status":"closed","template":"","meta":{"_acf_changed":false,"footnotes":""},"class_list":["post-4386","page","type-page","status-publish","has-post-thumbnail","hentry"],"acf":[],"_links":{"self":[{"href":"https:\/\/www.tclp.org\/es\/wp-json\/wp\/v2\/pages\/4386","targetHints":{"allow":["GET"]}}],"collection":[{"href":"https:\/\/www.tclp.org\/es\/wp-json\/wp\/v2\/pages"}],"about":[{"href":"https:\/\/www.tclp.org\/es\/wp-json\/wp\/v2\/types\/page"}],"author":[{"embeddable":true,"href":"https:\/\/www.tclp.org\/es\/wp-json\/wp\/v2\/users\/1"}],"replies":[{"embeddable":true,"href":"https:\/\/www.tclp.org\/es\/wp-json\/wp\/v2\/comments?post=4386"}],"version-history":[{"count":14,"href":"https:\/\/www.tclp.org\/es\/wp-json\/wp\/v2\/pages\/4386\/revisions"}],"predecessor-version":[{"id":5108,"href":"https:\/\/www.tclp.org\/es\/wp-json\/wp\/v2\/pages\/4386\/revisions\/5108"}],"wp:featuredmedia":[{"embeddable":true,"href":"https:\/\/www.tclp.org\/es\/wp-json\/wp\/v2\/media\/4425"}],"wp:attachment":[{"href":"https:\/\/www.tclp.org\/es\/wp-json\/wp\/v2\/media?parent=4386"}],"curies":[{"name":"wp","href":"https:\/\/api.w.org\/{rel}","templated":true}]}}