{"id":4525,"date":"2024-08-21T11:50:57","date_gmt":"2024-08-21T15:50:57","guid":{"rendered":"https:\/\/www.tclp.org\/?page_id=4525"},"modified":"2025-12-29T12:08:38","modified_gmt":"2025-12-29T17:08:38","slug":"fiber","status":"publish","type":"page","link":"https:\/\/www.tclp.org\/es\/fiber\/","title":{"rendered":"Fibra"},"content":{"rendered":"<h1><strong>Local, asequible y gigafast.<\/strong><br \/>\n<\/h1>\n<div>Bienvenido a TCLP<em style=\"color:white\">fibra<\/em>:Su red totalmente de fibra, propiedad de la comunidad.<\/div>\n<p>\n    <a href=\"https:\/\/www.tclp.org\/es\/signup\/\">Reg\u00edstrate ahora<\/a>\n<\/p>\n<h1>\u00a1Las nuevas suscripciones residenciales y comerciales incluyen instalaci\u00f3n y m\u00f3dem gratis!<\/h1>\n<p><img decoding=\"async\" src=\"\/wp-content\/uploads\/2024\/11\/AdobeStock_86701437-244a1475.jpg\" alt=\"\"><\/p>\n<h3>Precios de Internet residencial desde <strong>$59.99 para servicio de 200\/200 mbps.<\/strong><\/h3>\n<p>\n    <a href=\"https:\/\/www.tclp.org\/es\/fiber-residential\/\">M\u00e1s informaci\u00f3n<\/a>\n<\/p>\n<p><img decoding=\"async\" src=\"\/wp-content\/uploads\/2024\/11\/AdobeStock_565116862-be269b39.jpg\" alt=\"\"><\/p>\n<h3>Precios de Internet comercial a partir de <strong>$99.99 para servicio de 500\/500 mbps.<\/strong><\/h3>\n<p>\n    <a href=\"https:\/\/www.tclp.org\/es\/fiber-business\/\">M\u00e1s informaci\u00f3n<\/a>\n<\/p>\n<div>\n<p>        <img decoding=\"async\" src=\"\/wp-content\/uploads\/2024\/08\/family.jpg\" alt=\"Internet for family\"><\/p>\n<h3>Conecta a tu familia<\/h3>\n<div>\n<p><span>Servicio de internet Gigabit, sin l\u00edmite de datos. Transmite m\u00e1s r\u00e1pido, trabaja de forma m\u00e1s inteligente y mant\u00e9n a toda la familia conectada en varios dispositivos al mismo tiempo.<\/span><\/p>\n<\/div>\n<\/div>\n<p>\n    <a href=\"https:\/\/www.tclp.org\/es\/fiber-residential\/\">Servicios residenciales<\/a>\n<\/p>\n<div>\n<p>        <img decoding=\"async\" src=\"\/wp-content\/uploads\/2024\/11\/AdobeStock_553100365-df37def1.jpg\" alt=\"\"><\/p>\n<h3>Haga crecer su negocio<\/h3>\n<div>\n<p><span>La conectividad gigabit totalmente de fibra y la voz digital le permiten comunicarse, colaborar y competir de manera m\u00e1s efectiva y eficiente, dondequiera que haga negocios.<\/span><\/p>\n<\/div>\n<\/div>\n<p>\n    <a href=\"https:\/\/www.tclp.org\/es\/fiber-business\/\">Servicios comerciales<\/a>\n<\/p>\n<div>\n<p>        <img decoding=\"async\" src=\"\/wp-content\/uploads\/2024\/11\/Untitled-design-99-c6293262.jpg\" alt=\"\"><\/p>\n<h3>Vea la diferencia<\/h3>\n<div>\n<p><span>\u00a1Hicimos que Internet de banda ancha fuera tan r\u00e1pido, asequible y confiable porque es as\u00ed de importante para usted y nuestra comunidad de Traverse City!<\/span><\/p>\n<\/div>\n<\/div>\n<p>\n    <a href=\"https:\/\/www.tclp.org\/es\/why-tclpfiber\/\">\u00bfPor qu\u00e9 TCLPfiber?<\/a>\n<\/p>\n<h1>\n<h2><b data-olk-copy-source=\"MessageBody\">Actualizaci\u00f3n de la instalaci\u00f3n \u2014 diciembre de 2025<\/b><\/h2>\n<\/h1>\n<div>\n<div data-olk-copy-source=\"MessageBody\">TCLP<i>fibra<\/i>\u00a0La construcci\u00f3n contin\u00faa avanzando a paso firme en Traverse City. Se proyecta que la mayor parte de la construcci\u00f3n est\u00e9 pr\u00e1cticamente terminada para el verano de 2026. Si bien avanzamos hacia un objetivo anterior, el oto\u00f1o de 2025, la construcci\u00f3n completa se extender\u00e1 hasta 2026, lo cual no es inusual en proyectos de infraestructura de esta envergadura.<\/p>\n<p>La disponibilidad del servicio de fibra \u00f3ptica se realizar\u00e1 de forma progresiva, barrio por barrio, a medida que las \u00e1reas est\u00e9n completamente construidas, probadas y listas para recibir energ\u00eda. Los clientes ver\u00e1n la informaci\u00f3n de suscripci\u00f3n en cuanto su \u00e1rea est\u00e9 lista. Si bien solo un peque\u00f1o n\u00famero de barrios est\u00e1n actualmente listos para la suscripci\u00f3n, se proyecta que m\u00e1s \u00e1reas estar\u00e1n disponibles esta primavera.<\/p>\n<p>Reconocemos que muchos clientes han estado esperando mucho tiempo y agradecemos su paciencia mientras completamos esta importante inversi\u00f3n comunitaria.<\/p><\/div>\n<div>Cont\u00e1ctanos en<span>\u00a0<\/span><a id=\"OWA12d9e8e2-54d2-a3cf-6c7e-c87d21219043\" class=\"x_x_x_OWAAutoLink\" title=\"mailto:customerservice@tclp.org\" data-linkindex=\"5\" href=\"mailto:customerservice@tclp.org\">servicioalcliente@tclp.org<\/a>\u00a0Si tienes alguna pregunta.<\/div>\n<\/div>\n<div>\n<h2>Informaci\u00f3n adicional<\/h2>\n<\/div>\n<ul>\n<li>\n<p><a href=\"https:\/\/www.tclp.org\/es\/about-tclpfiber\/\"><\/p>\n<p>La gente y la visi\u00f3n detr\u00e1s de TCLPfiber<\/p>\n<p><\/a><\/p>\n<\/li>\n<li>\n<p><a href=\"https:\/\/www.tclp.org\/es\/fiber-residential\/\"><\/p>\n<p>Servicios residenciales<\/p>\n<p><\/a><\/p>\n<\/li>\n<li>\n<p><a href=\"https:\/\/www.tclp.org\/es\/fiber-business\/\"><\/p>\n<p>Servicios empresariales<\/p>\n<p><\/a><\/p>\n<\/li>\n<li>\n<p><a href=\"https:\/\/www.tclp.org\/es\/fiber-faq\/\"><\/p>\n<p>Preguntas y respuestas frecuentes<\/p>\n<p><\/a><\/p>\n<\/li>\n<\/ul>\n<p><!--more--><br \/>\n<!-- {\"type\":\"layout\",\"children\":[{\"type\":\"section\",\"props\":{\"css\":\".uk-margin > .el-content.uk-button.uk-button-default:hover{\\n    background-color: transparent;\\n  color: #FFF!important;\\n  border-color: #fff;\\n}\\n\\n.uk-margin > .el-content.uk-button.uk-button-default {\\n    background-color: #FFF;\\n  border-color: #fff;\\n    color: #000;\\n}\\n\\n.uk-margin-top > .el-content.uk-button.uk-button-default:hover{\\n    background-color: transparent;\\n  color: #fff!important;\\n  border-color: #fff;\\n}\\n\",\"height\":\"pixels\",\"height_viewport\":600,\"id\":\"Hero\",\"image\":\"wp-content\\\/uploads\\\/2024\\\/11\\\/24-TCLP-Fiber_Background.png\",\"image_loading\":true,\"image_position\":\"center-center\",\"image_size\":\"cover\",\"media_overlay\":\"rgba(9, 21, 50, 0.27)\",\"overlap\":false,\"padding\":\"none\",\"padding_remove_bottom\":false,\"padding_remove_top\":false,\"style\":\"default\",\"title_breakpoint\":\"xl\",\"title_position\":\"top-left\",\"title_rotation\":\"left\",\"vertical_align\":\"middle\",\"width\":\"default\"},\"children\":[{\"type\":\"row\",\"children\":[{\"type\":\"column\",\"props\":{\"image_position\":\"center-center\",\"position_sticky_breakpoint\":\"m\",\"vertical_align\":\"middle\",\"width_medium\":\"2-3\"},\"children\":[{\"type\":\"headline\",\"props\":{\"content\":\"<strong>Local, Affordable and Gigafast.<\\\/strong>\\n\",\"title_color\":\"success\",\"title_element\":\"h1\",\"title_font_family\":\"default\",\"title_style\":\"heading-medium\"}},{\"type\":\"text\",\"props\":{\"class\":\"text-subheader\",\"column_breakpoint\":\"m\",\"content\":\"Welcome to TCLP<em style=\\\"color:white\\\">fiber<\\\/em>: Your community-owned, all-fiber network.\",\"margin\":\"default\",\"text_color\":\"success\",\"text_style\":\"large\"}},{\"type\":\"button\",\"props\":{\"grid_column_gap\":\"small\",\"grid_row_gap\":\"small\",\"margin\":\"default\"},\"children\":[{\"type\":\"button_item\",\"props\":{\"button_style\":\"default\",\"content\":\"Sign Up Now\",\"icon_align\":\"left\",\"link\":\"https:\\\/\\\/www.tclp.org\\\/signup\\\/\"}}]}]},{\"type\":\"column\",\"props\":{\"image_position\":\"center-center\",\"position_sticky_breakpoint\":\"m\",\"width_medium\":\"1-3\"}}],\"props\":{\"layout\":\"2-3,1-3\"}}],\"name\":\"Hero\"},{\"type\":\"section\",\"props\":{\"image_position\":\"center-center\",\"style\":\"default\",\"title_breakpoint\":\"xl\",\"title_position\":\"top-left\",\"title_rotation\":\"left\",\"vertical_align\":\"middle\",\"width\":\"default\"},\"children\":[{\"type\":\"row\",\"children\":[{\"type\":\"column\",\"props\":{\"image_position\":\"center-center\",\"position_sticky_breakpoint\":\"m\"},\"children\":[{\"type\":\"headline\",\"props\":{\"block_align\":\"center\",\"content\":\"New residential and commercial sign-ups include free installation and modem!\",\"text_align\":\"center\",\"title_color\":\"primary\",\"title_element\":\"h1\",\"title_style\":\"h1\"}}]}],\"props\":{\"width\":\"xlarge\"}},{\"type\":\"row\",\"props\":{\"layout\":\"1-2,1-2\"},\"children\":[{\"type\":\"column\",\"props\":{\"image_position\":\"center-center\",\"position_sticky_breakpoint\":\"m\",\"width_medium\":\"1-2\"},\"children\":[{\"type\":\"image\",\"props\":{\"image\":\"wp-content\\\/uploads\\\/2024\\\/11\\\/AdobeStock_86701437-244a1475.jpg\",\"image_svg_color\":\"emphasis\",\"margin\":\"default\"}},{\"type\":\"headline\",\"props\":{\"content\":\"Residential internet pricing starting at <strong>$59.99 for 200\\\/200 mbps service.<\\\/strong>\",\"title_element\":\"h3\",\"title_font_family\":\"primary\"}},{\"type\":\"button\",\"props\":{\"grid_column_gap\":\"small\",\"grid_row_gap\":\"small\",\"margin\":\"default\"},\"children\":[{\"type\":\"button_item\",\"props\":{\"button_style\":\"primary\",\"content\":\"Learn More\",\"icon_align\":\"left\",\"link\":\"https:\\\/\\\/www.tclp.org\\\/fiber-residential\\\/\"}}]}]},{\"type\":\"column\",\"props\":{\"image_position\":\"center-center\",\"position_sticky_breakpoint\":\"m\",\"width_medium\":\"1-2\"},\"children\":[{\"type\":\"image\",\"props\":{\"image\":\"wp-content\\\/uploads\\\/2024\\\/11\\\/AdobeStock_565116862-be269b39.jpg\",\"image_svg_color\":\"emphasis\",\"margin\":\"default\"}},{\"type\":\"headline\",\"props\":{\"content\":\"Commercial internet pricing starting at <strong>$99.99 for 500\\\/500 mbps service.<\\\/strong>\",\"title_element\":\"h3\",\"title_font_family\":\"primary\"}},{\"type\":\"button\",\"props\":{\"grid_column_gap\":\"small\",\"grid_row_gap\":\"small\",\"margin\":\"default\"},\"children\":[{\"type\":\"button_item\",\"props\":{\"button_style\":\"primary\",\"content\":\"Learn More\",\"icon_align\":\"left\",\"link\":\"https:\\\/\\\/www.tclp.org\\\/fiber-business\\\/\"}}]}]}]},{\"type\":\"row\",\"props\":{\"layout\":\"1-3,1-3,1-3\"},\"children\":[{\"type\":\"column\",\"props\":{\"image_position\":\"center-center\",\"position_sticky_breakpoint\":\"m\",\"width_medium\":\"1-3\"}},{\"type\":\"column\",\"props\":{\"image_position\":\"center-center\",\"position_sticky_breakpoint\":\"m\",\"width_medium\":\"1-3\"}},{\"type\":\"column\",\"props\":{\"image_position\":\"center-center\",\"position_sticky_breakpoint\":\"m\",\"width_medium\":\"1-3\"}}]}]},{\"type\":\"section\",\"props\":{\"css\":\".uk-margin > .el-content.uk-button.uk-button-default:hover{\\n    background-color: transparent;\\n  color: #FFF!important;\\n  border-color: #fff;\\n}\\n\\n.uk-margin > .el-content.uk-button.uk-button-default {\\n    background-color: #FFF;\\n  border-color: #fff;\\n    color: #196ca7;\\n}\\n\\n.uk-margin-top > .el-content.uk-button.uk-button-default:hover{\\n    background-color: transparent;\\n  color: #fff!important;\\n  border-color: #fff;\\n}\\n\",\"image_position\":\"center-center\",\"style\":\"primary\",\"title_breakpoint\":\"xl\",\"title_position\":\"top-left\",\"title_rotation\":\"left\",\"vertical_align\":\"middle\",\"width\":\"default\"},\"children\":[{\"type\":\"row\",\"children\":[{\"type\":\"column\",\"props\":{\"image_position\":\"center-center\",\"position_sticky_breakpoint\":\"m\",\"width_medium\":\"1-3\"},\"children\":[{\"type\":\"panel\",\"props\":{\"content\":\"\n\n<p><span>Gigabit internet service, no data caps. Stream faster, work smarter and keep the whole family connected on multiple devices at the same time.<\\\/span><\\\/p>\",\"content_column_breakpoint\":\"m\",\"icon_width\":80,\"image\":\"wp-content\\\/uploads\\\/2024\\\/08\\\/family.jpg\",\"image_align\":\"top\",\"image_alt\":\"Internet for family\",\"image_grid_breakpoint\":\"m\",\"image_grid_width\":\"1-2\",\"image_svg_color\":\"emphasis\",\"link_style\":\"default\",\"link_text\":\"Residential Services\",\"margin\":\"default\",\"meta_align\":\"below-title\",\"meta_element\":\"div\",\"meta_style\":\"text-meta\",\"title\":\"Connect Your Family\",\"title_align\":\"top\",\"title_color\":\"primary\",\"title_element\":\"h3\",\"title_grid_breakpoint\":\"m\",\"title_grid_width\":\"1-2\",\"title_hover_style\":\"reset\"}},{\"type\":\"button\",\"props\":{\"grid_column_gap\":\"small\",\"grid_row_gap\":\"small\",\"margin\":\"default\"},\"children\":[{\"type\":\"button_item\",\"props\":{\"button_style\":\"default\",\"content\":\"Residential Services\",\"icon_align\":\"left\",\"link\":\"https:\\\/\\\/www.tclp.org\\\/fiber-residential\"}}]}]},{\"type\":\"column\",\"props\":{\"image_position\":\"center-center\",\"position_sticky_breakpoint\":\"m\",\"width_medium\":\"1-3\"},\"children\":[{\"type\":\"panel\",\"props\":{\"content\":\"\n\n<p><span>All-fiber, gigabit connectivity and digital voice let you communicate, collaborate and compete more effectively and efficiently\\u2015wherever you do business.<\\\/span><\\\/p>\",\"content_column_breakpoint\":\"m\",\"icon_width\":80,\"image\":\"wp-content\\\/uploads\\\/2024\\\/11\\\/AdobeStock_553100365-df37def1.jpg\",\"image_align\":\"top\",\"image_grid_breakpoint\":\"m\",\"image_grid_width\":\"1-2\",\"image_svg_color\":\"emphasis\",\"link_style\":\"default\",\"link_text\":\"Commercial Services\",\"margin\":\"default\",\"meta_align\":\"below-title\",\"meta_element\":\"div\",\"meta_style\":\"text-meta\",\"title\":\"Grow Your Business\",\"title_align\":\"top\",\"title_color\":\"primary\",\"title_element\":\"h3\",\"title_grid_breakpoint\":\"m\",\"title_grid_width\":\"1-2\",\"title_hover_style\":\"reset\"}},{\"type\":\"button\",\"props\":{\"grid_column_gap\":\"small\",\"grid_row_gap\":\"small\",\"margin\":\"default\"},\"children\":[{\"type\":\"button_item\",\"props\":{\"button_style\":\"default\",\"content\":\"Commercial Services\",\"icon_align\":\"left\",\"link\":\"https:\\\/\\\/www.tclp.org\\\/fiber-business\"}}]}]},{\"type\":\"column\",\"props\":{\"image_position\":\"center-center\",\"position_sticky_breakpoint\":\"m\",\"width_medium\":\"1-3\"},\"children\":[{\"type\":\"panel\",\"props\":{\"content\":\"\n\n<p><span>We made broadband internet this fast, affordable and reliable because it\\u2019s that important to you and our Traverse City community!<\\\/span><\\\/p>\",\"content_column_breakpoint\":\"m\",\"icon_width\":80,\"image\":\"wp-content\\\/uploads\\\/2024\\\/11\\\/Untitled-design-99-c6293262.jpg\",\"image_align\":\"top\",\"image_grid_breakpoint\":\"m\",\"image_grid_width\":\"1-2\",\"image_svg_color\":\"emphasis\",\"link_style\":\"default\",\"link_text\":\"The TCLPfiber Difference\",\"margin\":\"default\",\"meta_align\":\"below-title\",\"meta_element\":\"div\",\"meta_style\":\"text-meta\",\"title\":\"See the Difference\",\"title_align\":\"top\",\"title_color\":\"primary\",\"title_element\":\"h3\",\"title_grid_breakpoint\":\"m\",\"title_grid_width\":\"1-2\",\"title_hover_style\":\"reset\"}},{\"type\":\"button\",\"props\":{\"grid_column_gap\":\"small\",\"grid_row_gap\":\"small\",\"margin\":\"default\"},\"children\":[{\"type\":\"button_item\",\"props\":{\"button_style\":\"default\",\"content\":\"Why TCLPfiber?\",\"icon_align\":\"left\",\"link\":\"https:\\\/\\\/www.tclp.org\\\/why-tclpfiber\"}}]}]}],\"props\":{\"layout\":\"1-3,1-3,1-3\"}}]},{\"type\":\"section\",\"props\":{\"image_position\":\"center-center\",\"style\":\"default\",\"title_breakpoint\":\"xl\",\"title_position\":\"top-left\",\"title_rotation\":\"left\",\"vertical_align\":\"middle\",\"width\":\"default\"},\"children\":[{\"type\":\"row\",\"children\":[{\"type\":\"column\",\"props\":{\"image_position\":\"center-center\",\"position_sticky_breakpoint\":\"m\"},\"children\":[{\"type\":\"headline\",\"props\":{\"content\":\"\n\n<h2><b data-olk-copy-source=\\\"MessageBody\\\">Installation Update \\u2014 December 2025<\\\/b><\\\/h2>\",\"title_element\":\"h1\"}},{\"type\":\"text\",\"props\":{\"column_breakpoint\":\"m\",\"content\":\"\n\n<div data-olk-copy-source=\\\"MessageBody\\\">TCLP<i>fiber<\\\/i>\\u00a0construction continues to make steady progress across Traverse City. Major construction remains projected to be substantially complete by summer 2026. While we made progress toward an earlier stretch goal of fall 2025, the full buildout will extend into 2026, which is not uncommon for infrastructure projects of this scale.<br \\\/><br \\\/>Fiber service availability will occur progressively, neighborhood by neighborhood, as areas are fully constructed, tested, and ready to be energized. Customers will see subscription information as soon as their area is ready. While only a small number of neighborhoods are currently subscription-ready, projections indicate that more areas will become available this spring.<br \\\/><br \\\/>We recognize many customers have been waiting a long time, and we appreciate your patience as we complete this important community investment.<\\\/div>\\n\n\n<div>Contact us at<span>\\u00a0<\\\/span><a id=\\\"OWA12d9e8e2-54d2-a3cf-6c7e-c87d21219043\\\" class=\\\"x_x_x_OWAAutoLink\\\" title=\\\"mailto:customerservice@tclp.org\\\" data-linkindex=\\\"5\\\" href=\\\"mailto:customerservice@tclp.org\\\">customerservice@tclp.org<\\\/a>\\u00a0with any questions.<\\\/div>\",\"margin\":\"default\"}}]}]}]},{\"type\":\"section\",\"props\":{\"image_position\":\"center-center\",\"style\":\"default\",\"title_breakpoint\":\"xl\",\"title_position\":\"top-left\",\"title_rotation\":\"left\",\"vertical_align\":\"middle\",\"width\":\"default\"},\"children\":[{\"type\":\"row\",\"children\":[{\"type\":\"column\",\"props\":{\"image_position\":\"center-center\",\"position_sticky_breakpoint\":\"m\"},\"children\":[{\"type\":\"text\",\"props\":{\"column_breakpoint\":\"m\",\"content\":\"\n\n<h2>Additional information<\\\/h2>\",\"margin\":\"default\"}}]}]},{\"type\":\"row\",\"children\":[{\"type\":\"column\",\"props\":{\"image_position\":\"center-center\",\"position_sticky_breakpoint\":\"m\"},\"children\":[{\"type\":\"list\",\"props\":{\"column_breakpoint\":\"m\",\"image_align\":\"left\",\"image_svg_color\":\"emphasis\",\"image_vertical_align\":true,\"list_element\":\"ul\",\"list_horizontal_separator\":\", \",\"list_type\":\"vertical\",\"show_image\":true,\"show_link\":true},\"children\":[{\"type\":\"list_item\",\"props\":{\"content\":\"\n\n<p>The People and Vision Behind TCLPfiber<\\\/p>\",\"link\":\"https:\\\/\\\/www.tclp.org\\\/about-tclpfiber\"}},{\"type\":\"list_item\",\"props\":{\"content\":\"\n\n<p>Residential Services<\\\/p>\",\"link\":\"https:\\\/\\\/www.tclp.org\\\/fiber-residential\"}},{\"type\":\"list_item\",\"props\":{\"content\":\"\n\n<p>Business Services<\\\/p>\",\"image\":\"\",\"link\":\"https:\\\/\\\/www.tclp.org\\\/fiber-business\"}},{\"type\":\"list_item\",\"props\":{\"content\":\"\n\n<p>Frequently Asked Questions and Answers<\\\/p>\",\"link\":\"https:\\\/\\\/www.tclp.org\\\/fiber-faq\"}}]}]}]}]}],\"version\":\"4.5.33\"} --><\/p>","protected":false},"excerpt":{"rendered":"<p>Local, Affordable and Gigafast. Welcome to TCLPfiber: Your community-owned, all-fiber network. Sign Up Now New residential and commercial sign-ups include free installation and modem! Residential internet pricing starting at $59.99 for 200\/200 mbps service. Learn More Commercial internet pricing starting at $99.99 for 500\/500 mbps service. Learn More Connect Your Family Gigabit internet service, no [&hellip;]<\/p>","protected":false},"author":1,"featured_media":0,"parent":0,"menu_order":0,"comment_status":"closed","ping_status":"closed","template":"","meta":{"_acf_changed":false,"footnotes":""},"class_list":["post-4525","page","type-page","status-publish","hentry"],"acf":[],"_links":{"self":[{"href":"https:\/\/www.tclp.org\/es\/wp-json\/wp\/v2\/pages\/4525","targetHints":{"allow":["GET"]}}],"collection":[{"href":"https:\/\/www.tclp.org\/es\/wp-json\/wp\/v2\/pages"}],"about":[{"href":"https:\/\/www.tclp.org\/es\/wp-json\/wp\/v2\/types\/page"}],"author":[{"embeddable":true,"href":"https:\/\/www.tclp.org\/es\/wp-json\/wp\/v2\/users\/1"}],"replies":[{"embeddable":true,"href":"https:\/\/www.tclp.org\/es\/wp-json\/wp\/v2\/comments?post=4525"}],"version-history":[{"count":44,"href":"https:\/\/www.tclp.org\/es\/wp-json\/wp\/v2\/pages\/4525\/revisions"}],"predecessor-version":[{"id":7491,"href":"https:\/\/www.tclp.org\/es\/wp-json\/wp\/v2\/pages\/4525\/revisions\/7491"}],"wp:attachment":[{"href":"https:\/\/www.tclp.org\/es\/wp-json\/wp\/v2\/media?parent=4525"}],"curies":[{"name":"wp","href":"https:\/\/api.w.org\/{rel}","templated":true}]}}