{"id":4563,"date":"2024-08-21T15:47:22","date_gmt":"2024-08-21T19:47:22","guid":{"rendered":"https:\/\/www.tclp.org\/?page_id=4563"},"modified":"2024-12-27T11:09:07","modified_gmt":"2024-12-27T16:09:07","slug":"why-tclpfiber","status":"publish","type":"page","link":"https:\/\/www.tclp.org\/es\/why-tclpfiber\/","title":{"rendered":"Why TCLPfiber"},"content":{"rendered":"<h1>\u00bfPor qu\u00e9 TCLP?<em style=\"color:white\">fibra<\/em>?<\/h1>\n<div>\n<p>Porque este es el servicio de internet de banda ancha que te mereces. Velocidad de gigabit y muy asequible, TCLP.<em style=\"color: white;\">fibra<\/em> es un activo comunitario administrado por una instituci\u00f3n comunitaria, que impulsa el crecimiento econ\u00f3mico y una mejor calidad de vida para todos en Traverse City.<\/p>\n<p>En TCLP<em style=\"color: white;\">fibra<\/em>Nos comprometemos a apoyarle con:<\/p>\n<ul>\n<li>Servicios de Internet 100% por fibra y voz digital: sin l\u00edmites de datos ni l\u00edmites.<\/li>\n<li>Precios transparentes por adelantado.<\/li>\n<li>Un compromiso para invertir en el futuro digital de Traverse City.<\/li>\n<li>Servicio personalizado y receptivo basado en el respeto mutuo y la confianza.<\/li>\n<\/ul>\n<p>Cuando se trata de proveedores de servicios de internet de banda ancha en Traverse City, hay una diferencia. Perm\u00edtanos demostr\u00e1rselo.<\/p>\n<\/div>\n<p>\n    <a href=\"https:\/\/www.tclp.org\/es\/signup\/\">Reg\u00edstrate hoy<\/a>\n<\/p>\n<h1>El TCLP<em>fibra<\/em> Diferencia<\/h1>\n<h3>De propiedad de la comunidad y administrado por gente que usted conoce.<\/h3>\n<div>\n<p><span>TCLP<\/span><em>fibra<\/em><span>\u00a0Es desarrollado y es propiedad de la gente y las empresas de Traverse City.<\/span><\/p>\n<p><span>Esta es su comunidad, su futuro y su red de fibra \u00f3ptica. Y est\u00e1 operada y administrada por quienes han confiado en el crecimiento de Traverse City desde 1912.<\/span><\/p>\n<\/div>\n<p><img decoding=\"async\" src=\"\/wp-content\/uploads\/2024\/11\/Untitled-design-99-c6293262.jpg\" alt=\"\"><\/p>\n<hr>\n<h3>Servicio de Internet r\u00e1pido en Traverse City.<\/h3>\n<div>\n<p><span>El TCLP<\/span><em>fibra<\/em><span> La red es toda de fibra, sin cable coaxial, DSL ni cobre.<\/span><\/p>\n<p><span>Esto significa que obtienes las mismas velocidades incre\u00edblemente r\u00e1pidas de subida y bajada. Y como todo es fibra, es incre\u00edblemente confiable, brind\u00e1ndote conexiones fluidas y siempre activas.<\/span><\/p>\n<\/div>\n<p><img decoding=\"async\" src=\"\/wp-content\/uploads\/2024\/11\/AdobeStock_795612259-10d7c942.jpg\" alt=\"\"><\/p>\n<hr>\n<h3>Una Traverse City conectada digitalmente.<\/h3>\n<div>\n<p><span>Una red de fibra es la columna vertebral de una comunidad pr\u00f3spera y conectada.<\/span><\/p>\n<p><span>Todos tienen acceso a los beneficios del teletrabajo, el aprendizaje a distancia, la telemedicina, la tecnolog\u00eda de redes inteligentes y una econom\u00eda en crecimiento, sin tener que abandonar las orillas del Lago Michigan.<\/span><\/p>\n<\/div>\n<p><img decoding=\"async\" src=\"\/wp-content\/uploads\/2023\/04\/Untitled-design-48.png\" alt=\"\"><\/p>\n<hr>\n<h3> Velocidad, confiabilidad y soporte que usted merece.<\/h3>\n<div>\n<p><span>Nos comprometemos a brindarle conectividad a Internet r\u00e1pida, asequible y confiable.<\/span><\/p>\n<p><span>Puede esperar un servicio receptivo con respuestas directas las 24 horas, los 7 d\u00edas de la semana, desde el primer d\u00eda.<\/span><\/p>\n<p><span>M\u00e1s que un proveedor de internet de confianza en Traverse City, somos tus vecinos. \u00a1Estamos aqu\u00ed para ayudarte!<\/span><\/p>\n<\/div>\n<p><img decoding=\"async\" src=\"\/wp-content\/uploads\/2024\/11\/450646369_1007787701350639_30589.jpg\" alt=\"\"><\/p>\n<p><!--more--><br \/>\n<!-- {\"type\":\"layout\",\"children\":[{\"type\":\"section\",\"props\":{\"css\":\".uk-margin > .el-content.uk-button.uk-button-default:hover{\\n    background-color: transparent;\\n  color: #FFF!important;\\n  border-color: #fff;\\n}\\n\\n.uk-margin > .el-content.uk-button.uk-button-default {\\n    background-color: #FFF;\\n  border-color: #fff;\\n    color: #000;\\n}\\n\\n.uk-margin-top > .el-content.uk-button.uk-button-default:hover{\\n    background-color: transparent;\\n  color: #fff!important;\\n  border-color: #fff;\\n}\\n\",\"image\":\"wp-content\\\/uploads\\\/2024\\\/11\\\/24-TCLP-Fiber_Background.png\",\"image_position\":\"center-center\",\"image_size\":\"cover\",\"media_overlay\":\"rgba(9, 21, 50, 0.33)\",\"style\":\"default\",\"title_breakpoint\":\"xl\",\"title_position\":\"top-left\",\"title_rotation\":\"left\",\"vertical_align\":\"middle\",\"width\":\"default\"},\"children\":[{\"type\":\"row\",\"children\":[{\"type\":\"column\",\"props\":{\"image_position\":\"center-center\",\"position_sticky_breakpoint\":\"m\"},\"children\":[{\"type\":\"headline\",\"props\":{\"content\":\"Why TCLP<em style=\\\"color:white\\\">fiber<\\\/em>?\",\"title_color\":\"success\",\"title_element\":\"h1\"}},{\"type\":\"text\",\"props\":{\"column_breakpoint\":\"m\",\"content\":\"\n\n<p>Because this is the broadband internet service YOU deserve. Gigabit-fast and seriously affordable, TCLP<em style=\\\"color: white;\\\">fiber<\\\/em> is a community asset managed by a community institution, fueling economic growth and a better quality of life for all of Traverse City.<\\\/p>\\n\n\n<p>At TCLP<em style=\\\"color: white;\\\">fiber<\\\/em>, we pledge to support you with:<\\\/p>\\n\n\n<ul>\\n\n\n<li>All-fiber internet and digital voice services \\u2014 no data caps, no limits.<\\\/li>\\n\n\n<li>Upfront transparent pricing.<\\\/li>\\n\n\n<li>A commitment to invest in the digital future of Traverse City.<\\\/li>\\n\n\n<li>Personalized and responsive service based on mutual respect and trust.<\\\/li>\\n<\\\/ul>\\n\n\n<p>When it comes to broadband Traverse City internet service providers, there is a difference. Let us prove it to you.<\\\/p>\",\"margin\":\"default\",\"text_color\":\"success\",\"text_style\":\"large\"}},{\"type\":\"button\",\"props\":{\"grid_column_gap\":\"small\",\"grid_row_gap\":\"small\",\"margin\":\"default\"},\"children\":[{\"type\":\"button_item\",\"props\":{\"button_style\":\"default\",\"content\":\"Sign Up Today\",\"icon_align\":\"left\",\"link\":\"https:\\\/\\\/www.tclp.org\\\/signup\"}}]}]}]}]},{\"type\":\"section\",\"props\":{\"image_position\":\"center-center\",\"style\":\"default\",\"title_breakpoint\":\"xl\",\"title_position\":\"top-left\",\"title_rotation\":\"left\",\"vertical_align\":\"middle\",\"width\":\"default\"},\"children\":[{\"type\":\"row\",\"children\":[{\"type\":\"column\",\"props\":{\"image_position\":\"center-center\",\"position_sticky_breakpoint\":\"m\"},\"children\":[{\"type\":\"headline\",\"props\":{\"content\":\"The TCLP<em>fiber<\\\/em> Difference\",\"text_align\":\"center\",\"title_element\":\"h1\"}}]}]},{\"type\":\"row\",\"props\":{\"layout\":\"2-5,3-5\"},\"children\":[{\"type\":\"column\",\"props\":{\"image_position\":\"center-center\",\"position_sticky_breakpoint\":\"m\",\"width_medium\":\"2-5\"},\"children\":[{\"type\":\"headline\",\"props\":{\"content\":\"Community-owned and run by folks you know.\",\"title_color\":\"primary\",\"title_element\":\"h3\"}},{\"type\":\"text\",\"props\":{\"column_breakpoint\":\"m\",\"content\":\"\n\n<p><span>TCLP<\\\/span><em>fiber<\\\/em><span>\\u00a0is developed and owned by the people and businesses of Traverse City.<\\\/span><br \\\/><br \\\/><span>This is your community, your future and your fiber internet network. And it\\u2019s operated and managed by the folks you\\u2019ve counted on to power Traverse City\\u2019s growth since 1912.<\\\/span><\\\/p>\",\"margin\":\"default\"}}]},{\"type\":\"column\",\"props\":{\"image_position\":\"center-center\",\"position_sticky_breakpoint\":\"m\",\"width_medium\":\"3-5\"},\"children\":[{\"type\":\"image\",\"props\":{\"image\":\"wp-content\\\/uploads\\\/2024\\\/11\\\/Untitled-design-99-c6293262.jpg\",\"image_svg_color\":\"emphasis\",\"margin\":\"default\"}}]}]},{\"type\":\"row\",\"children\":[{\"type\":\"column\",\"props\":{\"image_position\":\"center-center\",\"position_sticky_breakpoint\":\"m\"},\"children\":[{\"type\":\"divider\",\"props\":{\"divider_element\":\"hr\"}}]}]},{\"type\":\"row\",\"props\":{\"layout\":\"2-5,3-5\"},\"children\":[{\"type\":\"column\",\"props\":{\"image_position\":\"center-center\",\"position_sticky_breakpoint\":\"m\",\"width_medium\":\"2-5\"},\"children\":[{\"type\":\"headline\",\"props\":{\"content\":\"Traverse City fast internet service.\",\"title_color\":\"primary\",\"title_element\":\"h3\"}},{\"type\":\"text\",\"props\":{\"column_breakpoint\":\"m\",\"content\":\"\n\n<p><span>The TCLP<\\\/span><em>fiber<\\\/em><span> network is all fiber \\u2014 no coax, DSL or copper.<\\\/span><br \\\/><br \\\/><span>This means you get the same ridiculously fast speeds for uploads and downloads. And because it\\u2019s all fiber, it\\u2019s incredibly reliable, giving you seamless, always-on connections.<\\\/span><\\\/p>\",\"margin\":\"default\"}}]},{\"type\":\"column\",\"props\":{\"image_position\":\"center-center\",\"position_sticky_breakpoint\":\"m\",\"width_medium\":\"3-5\"},\"children\":[{\"type\":\"image\",\"props\":{\"image\":\"wp-content\\\/uploads\\\/2024\\\/11\\\/AdobeStock_795612259-10d7c942.jpg\",\"image_svg_color\":\"emphasis\",\"margin\":\"default\"}}]}]},{\"type\":\"row\",\"children\":[{\"type\":\"column\",\"props\":{\"image_position\":\"center-center\",\"position_sticky_breakpoint\":\"m\"},\"children\":[{\"type\":\"divider\",\"props\":{\"divider_element\":\"hr\"}}]}]},{\"type\":\"row\",\"props\":{\"layout\":\"2-5,3-5\"},\"children\":[{\"type\":\"column\",\"props\":{\"image_position\":\"center-center\",\"position_sticky_breakpoint\":\"m\",\"width_medium\":\"2-5\"},\"children\":[{\"type\":\"headline\",\"props\":{\"content\":\"A digitally connected Traverse City.\",\"title_color\":\"primary\",\"title_element\":\"h3\"}},{\"type\":\"text\",\"props\":{\"column_breakpoint\":\"m\",\"content\":\"\n\n<p><span>A fiber network is the backbone of a thriving, connected community.<\\\/span><br \\\/><br \\\/><span>Everyone has access to the benefits of telecommuting, distance learning, telemedicine, smart grid technology and a growing economy \\u2015 without having to leave the shores of Lake Michigan.<\\\/span><\\\/p>\",\"margin\":\"default\"}}]},{\"type\":\"column\",\"props\":{\"image_position\":\"center-center\",\"position_sticky_breakpoint\":\"m\",\"width_medium\":\"3-5\"},\"children\":[{\"type\":\"image\",\"props\":{\"image\":\"wp-content\\\/uploads\\\/2023\\\/04\\\/Untitled-design-48.png\",\"image_svg_color\":\"emphasis\",\"margin\":\"default\"}}]}]},{\"type\":\"row\",\"children\":[{\"type\":\"column\",\"props\":{\"image_position\":\"center-center\",\"position_sticky_breakpoint\":\"m\"},\"children\":[{\"type\":\"divider\",\"props\":{\"divider_element\":\"hr\"}}]}]},{\"type\":\"row\",\"props\":{\"layout\":\"2-5,3-5\"},\"children\":[{\"type\":\"column\",\"props\":{\"image_position\":\"center-center\",\"position_sticky_breakpoint\":\"m\",\"width_medium\":\"2-5\"},\"children\":[{\"type\":\"headline\",\"props\":{\"content\":\" Speed, reliability and support you deserve.\",\"title_color\":\"primary\",\"title_element\":\"h3\"}},{\"type\":\"text\",\"props\":{\"column_breakpoint\":\"m\",\"content\":\"\n\n<p><span>We\\u2019re committed to providing you with fast, affordable and reliable internet connectivity.<\\\/span><br \\\/><br \\\/><span>You can expect responsive service with straightforward answers 24\\\/7 from us on day one.<\\\/span><br \\\/><br \\\/><span>More than a community-trusted Traverse City internet provider, we\\u2019re your neighbors. We\\u2019re here for you!<\\\/span><\\\/p>\",\"margin\":\"default\"}}]},{\"type\":\"column\",\"props\":{\"image_position\":\"center-center\",\"position_sticky_breakpoint\":\"m\",\"width_medium\":\"3-5\"},\"children\":[{\"type\":\"image\",\"props\":{\"image\":\"wp-content\\\/uploads\\\/2024\\\/11\\\/450646369_1007787701350639_30589.jpg\",\"image_svg_color\":\"emphasis\",\"margin\":\"default\"}}]}]}]}],\"version\":\"4.4.17\"} --><\/p>","protected":false},"excerpt":{"rendered":"<p>Why TCLPfiber? Because this is the broadband internet service YOU deserve. Gigabit-fast and seriously affordable, TCLPfiber is a community asset managed by a community institution, fueling economic growth and a better quality of life for all of Traverse City. At TCLPfiber, we pledge to support you with: All-fiber internet and digital voice services \u2014 no [&hellip;]<\/p>","protected":false},"author":1,"featured_media":0,"parent":0,"menu_order":0,"comment_status":"closed","ping_status":"closed","template":"","meta":{"_acf_changed":false,"footnotes":""},"class_list":["post-4563","page","type-page","status-publish","hentry"],"acf":[],"_links":{"self":[{"href":"https:\/\/www.tclp.org\/es\/wp-json\/wp\/v2\/pages\/4563","targetHints":{"allow":["GET"]}}],"collection":[{"href":"https:\/\/www.tclp.org\/es\/wp-json\/wp\/v2\/pages"}],"about":[{"href":"https:\/\/www.tclp.org\/es\/wp-json\/wp\/v2\/types\/page"}],"author":[{"embeddable":true,"href":"https:\/\/www.tclp.org\/es\/wp-json\/wp\/v2\/users\/1"}],"replies":[{"embeddable":true,"href":"https:\/\/www.tclp.org\/es\/wp-json\/wp\/v2\/comments?post=4563"}],"version-history":[{"count":16,"href":"https:\/\/www.tclp.org\/es\/wp-json\/wp\/v2\/pages\/4563\/revisions"}],"predecessor-version":[{"id":5125,"href":"https:\/\/www.tclp.org\/es\/wp-json\/wp\/v2\/pages\/4563\/revisions\/5125"}],"wp:attachment":[{"href":"https:\/\/www.tclp.org\/es\/wp-json\/wp\/v2\/media?parent=4563"}],"curies":[{"name":"wp","href":"https:\/\/api.w.org\/{rel}","templated":true}]}}