{"id":4769,"date":"2024-10-30T13:54:47","date_gmt":"2024-10-30T17:54:47","guid":{"rendered":"https:\/\/www.tclp.org\/?page_id=4769"},"modified":"2025-05-20T11:26:49","modified_gmt":"2025-05-20T15:26:49","slug":"rules-and-regulations-policy","status":"publish","type":"page","link":"https:\/\/www.tclp.org\/es\/rules-and-regulations-policy\/","title":{"rendered":"Reglas y regulaciones"},"content":{"rendered":"<h1>Reglas y regulaciones<\/h1>\n<div>\n<p>TCLP cuenta con una nueva Pol\u00edtica de Normas y Reglamentos que establece las condiciones para que los clientes obtengan, utilicen y se les facture el servicio el\u00e9ctrico. A partir del 1 de enero de 2025, la nueva pol\u00edtica incorpora o reemplaza 14 pol\u00edticas individuales en una sola p\u00f3liza y ubicaci\u00f3n.<\/p>\n<\/div>\n<p>\n    <a href=\"\/wp-content\/uploads\/2025\/05\/POLICY-Rules-and-Regulations-1.pdf\">NUEVAS Reglas y Regulaciones<\/a>\n<\/p>\n<p><!--more--><br \/>\n<!-- {\"type\":\"layout\",\"children\":[{\"type\":\"section\",\"props\":{\"image\":\"wp-content\\\/uploads\\\/2023\\\/04\\\/Website-banner-1500-\\u00d7-300-px-1900-\\u00d7-300-px.png\",\"image_position\":\"center-center\",\"media_overlay\":\"rgba(0, 0, 0, 0.4)\",\"style\":\"primary\",\"title_breakpoint\":\"xl\",\"title_position\":\"top-left\",\"title_rotation\":\"left\",\"vertical_align\":\"\",\"width\":\"default\"},\"children\":[{\"type\":\"row\",\"children\":[{\"type\":\"column\",\"props\":{\"image_position\":\"center-center\",\"position_sticky_breakpoint\":\"m\"},\"children\":[{\"type\":\"headline\",\"props\":{\"content\":\"Rules and Regulations\",\"title_element\":\"h1\"}}]}]}],\"name\":\"Hero Inner\"},{\"type\":\"section\",\"props\":{\"image_position\":\"center-center\",\"style\":\"default\",\"title_breakpoint\":\"xl\",\"title_position\":\"top-left\",\"title_rotation\":\"left\",\"vertical_align\":\"\",\"width\":\"default\"},\"children\":[{\"type\":\"row\",\"children\":[{\"type\":\"column\",\"props\":{\"image_position\":\"center-center\",\"position_sticky_breakpoint\":\"m\"},\"children\":[{\"type\":\"text\",\"props\":{\"column_breakpoint\":\"m\",\"content\":\"\n\n<p>TCLP has a new Rules and Regulations Policy that sets the terms on how customers obtain, use and are billed for electric service. Effective Jan. 1, 2025, the new policy incorporates and\\\/or replaces 14 individual policies into one policy and location.<\\\/p>\",\"margin\":\"default\"}},{\"type\":\"button\",\"props\":{\"grid_column_gap\":\"small\",\"grid_row_gap\":\"small\",\"margin\":\"default\"},\"children\":[{\"type\":\"button_item\",\"props\":{\"button_style\":\"default\",\"content\":\"NEW Rules and Regulations\",\"icon_align\":\"left\",\"link\":\"wp-content\\\/uploads\\\/2025\\\/05\\\/POLICY-Rules-and-Regulations-1.pdf\",\"link_target\":\"blank\"}}]}]}]}]}],\"version\":\"4.4.17\"} --><\/p>","protected":false},"excerpt":{"rendered":"<p>Rules and Regulations TCLP has a new Rules and Regulations Policy that sets the terms on how customers obtain, use and are billed for electric service. Effective Jan. 1, 2025, the new policy incorporates and\/or replaces 14 individual policies into one policy and location. NEW Rules and Regulations<\/p>","protected":false},"author":3,"featured_media":0,"parent":0,"menu_order":9,"comment_status":"closed","ping_status":"closed","template":"","meta":{"_acf_changed":false,"footnotes":""},"class_list":["post-4769","page","type-page","status-publish","hentry"],"acf":[],"_links":{"self":[{"href":"https:\/\/www.tclp.org\/es\/wp-json\/wp\/v2\/pages\/4769","targetHints":{"allow":["GET"]}}],"collection":[{"href":"https:\/\/www.tclp.org\/es\/wp-json\/wp\/v2\/pages"}],"about":[{"href":"https:\/\/www.tclp.org\/es\/wp-json\/wp\/v2\/types\/page"}],"author":[{"embeddable":true,"href":"https:\/\/www.tclp.org\/es\/wp-json\/wp\/v2\/users\/3"}],"replies":[{"embeddable":true,"href":"https:\/\/www.tclp.org\/es\/wp-json\/wp\/v2\/comments?post=4769"}],"version-history":[{"count":16,"href":"https:\/\/www.tclp.org\/es\/wp-json\/wp\/v2\/pages\/4769\/revisions"}],"predecessor-version":[{"id":5854,"href":"https:\/\/www.tclp.org\/es\/wp-json\/wp\/v2\/pages\/4769\/revisions\/5854"}],"wp:attachment":[{"href":"https:\/\/www.tclp.org\/es\/wp-json\/wp\/v2\/media?parent=4769"}],"curies":[{"name":"wp","href":"https:\/\/api.w.org\/{rel}","templated":true}]}}