{"id":5540,"date":"2025-02-05T16:14:41","date_gmt":"2025-02-05T21:14:41","guid":{"rendered":"https:\/\/www.tclp.org\/?page_id=5540"},"modified":"2025-08-20T10:57:30","modified_gmt":"2025-08-20T14:57:30","slug":"service-area","status":"publish","type":"page","link":"https:\/\/www.tclp.org\/es\/service-area\/","title":{"rendered":"V\u00eda de Serv\u00edcio"},"content":{"rendered":"<h1>V\u00eda de Serv\u00edcio<\/h1>\n<div>\n<p>Traverse City Light &amp; Power presta servicios a Traverse City, as\u00ed como a partes de los municipios circundantes de East Bay, Elmwood, Garfield y Peninsula.<\/p>\n<\/div>\n<p>\n    <a href=\"\/wp-content\/uploads\/2025\/08\/TCLP_Service_Area.pdf\">Descargar \u00c1rea de Servicio PDF<\/a>\n<\/p>\n<p><a href=\"\/wp-content\/uploads\/2025\/08\/TCLP_Service_Area.pdf\"><img decoding=\"async\" src=\"\/wp-content\/uploads\/2025\/08\/TCLP_Service_Area.jpg\" alt=\"Map outlining TCLP service area\"><\/a><\/p>\n<p><!--more--><br \/>\n<!-- {\"type\":\"layout\",\"children\":[{\"type\":\"section\",\"props\":{\"image\":\"wp-content\\\/uploads\\\/2023\\\/04\\\/Website-banner-1500-\\u00d7-300-px-2.png\",\"image_position\":\"center-center\",\"style\":\"primary\",\"title_breakpoint\":\"xl\",\"title_position\":\"top-left\",\"title_rotation\":\"left\",\"vertical_align\":\"middle\",\"width\":\"default\"},\"children\":[{\"type\":\"row\",\"children\":[{\"type\":\"column\",\"props\":{\"image_position\":\"center-center\",\"position_sticky_breakpoint\":\"m\"},\"children\":[{\"type\":\"headline\",\"props\":{\"content\":\"Service Area\",\"title_element\":\"h1\"}}]}]}]},{\"type\":\"section\",\"props\":{\"image_position\":\"center-center\",\"style\":\"default\",\"title_breakpoint\":\"xl\",\"title_position\":\"top-left\",\"title_rotation\":\"left\",\"vertical_align\":\"middle\",\"width\":\"default\"},\"children\":[{\"type\":\"row\",\"children\":[{\"type\":\"column\",\"props\":{\"image_position\":\"center-center\",\"position_sticky_breakpoint\":\"m\"},\"children\":[{\"type\":\"text\",\"props\":{\"column_breakpoint\":\"m\",\"content\":\"\n\n<p>Traverse City Light &amp; Power serves Traverse City proper as well as parts of the surrounding townships of East Bay, Elmwood, Garfield and Peninsula.<\\\/p>\",\"margin\":\"default\"}},{\"type\":\"button\",\"props\":{\"grid_column_gap\":\"small\",\"grid_row_gap\":\"small\",\"margin\":\"default\"},\"children\":[{\"type\":\"button_item\",\"props\":{\"button_style\":\"default\",\"content\":\"Download Service Area PDF\",\"icon_align\":\"left\",\"link\":\"wp-content\\\/uploads\\\/2025\\\/08\\\/TCLP_Service_Area.pdf\",\"link_target\":\"blank\"}}]},{\"type\":\"image\",\"props\":{\"image\":\"wp-content\\\/uploads\\\/2025\\\/08\\\/TCLP_Service_Area.jpg\",\"image_alt\":\"Map outlining TCLP service area\",\"image_svg_color\":\"emphasis\",\"link\":\"wp-content\\\/uploads\\\/2025\\\/08\\\/TCLP_Service_Area.pdf\",\"link_target\":\"blank\",\"margin\":\"default\"}}]}]}]}],\"version\":\"4.4.17\"} --><\/p>","protected":false},"excerpt":{"rendered":"<p>Service Area Traverse City Light &amp; Power serves Traverse City proper as well as parts of the surrounding townships of East Bay, Elmwood, Garfield and Peninsula. Download Service Area PDF<\/p>","protected":false},"author":3,"featured_media":0,"parent":0,"menu_order":0,"comment_status":"closed","ping_status":"closed","template":"","meta":{"_acf_changed":false,"footnotes":""},"class_list":["post-5540","page","type-page","status-publish","hentry"],"acf":[],"_links":{"self":[{"href":"https:\/\/www.tclp.org\/es\/wp-json\/wp\/v2\/pages\/5540","targetHints":{"allow":["GET"]}}],"collection":[{"href":"https:\/\/www.tclp.org\/es\/wp-json\/wp\/v2\/pages"}],"about":[{"href":"https:\/\/www.tclp.org\/es\/wp-json\/wp\/v2\/types\/page"}],"author":[{"embeddable":true,"href":"https:\/\/www.tclp.org\/es\/wp-json\/wp\/v2\/users\/3"}],"replies":[{"embeddable":true,"href":"https:\/\/www.tclp.org\/es\/wp-json\/wp\/v2\/comments?post=5540"}],"version-history":[{"count":15,"href":"https:\/\/www.tclp.org\/es\/wp-json\/wp\/v2\/pages\/5540\/revisions"}],"predecessor-version":[{"id":6178,"href":"https:\/\/www.tclp.org\/es\/wp-json\/wp\/v2\/pages\/5540\/revisions\/6178"}],"wp:attachment":[{"href":"https:\/\/www.tclp.org\/es\/wp-json\/wp\/v2\/media?parent=5540"}],"curies":[{"name":"wp","href":"https:\/\/api.w.org\/{rel}","templated":true}]}}