{"id":5624,"date":"2025-02-21T17:53:50","date_gmt":"2025-02-21T22:53:50","guid":{"rendered":"https:\/\/www.tclp.org\/?page_id=5624"},"modified":"2026-01-05T15:21:49","modified_gmt":"2026-01-05T20:21:49","slug":"availability-status","status":"publish","type":"page","link":"https:\/\/www.tclp.org\/es\/availability-status\/","title":{"rendered":"Estado de disponibilidad"},"content":{"rendered":"<h1>Disponibilidad y estado<\/h1>\n<div>\n<p>El mapa indica TCLP<em>fibra<\/em> actividad en su \u00e1rea.\u00a0<\/p>\n<p><a href=\"https:\/\/www.tclp.org\/es\/tcp-fiber-map-indicators-1\/\" rel=\"attachment wp-att-6596\"><img loading=\"lazy\" decoding=\"async\" src=\"https:\/\/www.tclp.org\/wp-content\/uploads\/2025\/09\/TCP-fiber-Map-indicators-1.png\" alt=\"\" width=\"23\" height=\"23\" class=\"alignnone  wp-image-6596\" srcset=\"https:\/\/www.tclp.org\/wp-content\/uploads\/2025\/09\/TCP-fiber-Map-indicators-1.png 142w, https:\/\/www.tclp.org\/wp-content\/uploads\/2025\/09\/TCP-fiber-Map-indicators-1-12x12.png 12w\" sizes=\"(max-width: 23px) 100vw, 23px\" \/><\/a> <strong>Red de fibra completa y activa: <\/strong><em>TCLPfiber ha completado la construcci\u00f3n de la red de fibra \u00f3ptica en esta \u00e1rea y est\u00e1 conectando activamente a los clientes.<\/em><\/p>\n<p><a href=\"https:\/\/www.tclp.org\/es\/tcp-fiber-map-indicators\/\" rel=\"attachment wp-att-5603\"><img loading=\"lazy\" decoding=\"async\" src=\"https:\/\/www.tclp.org\/wp-content\/uploads\/2025\/06\/TCP-fiber-Map-indicators-.png\" alt=\"\" width=\"20\" height=\"20\" class=\"alignnone wp-image-5904\" \/><\/a> <strong>Construcci\u00f3n de red de fibra en marcha: <\/strong><em>TCLPfiber est\u00e1 construyendo activamente la infraestructura de red de fibra \u00f3ptica en esta \u00e1rea.<\/em><\/p>\n<\/div>\n<p><img decoding=\"async\" src=\"\/wp-content\/uploads\/2026\/01\/Fiber_Status_Map_20260105.png\" alt=\"\"><\/p>\n<p><!--more--><br \/>\n<!-- {\"type\":\"layout\",\"children\":[{\"type\":\"section\",\"props\":{\"image\":\"wp-content\\\/uploads\\\/2024\\\/11\\\/24-TCLP-Fiber_Background.png\",\"image_position\":\"center-center\",\"image_size\":\"cover\",\"media_overlay\":\"rgba(9, 21, 50, 0.4)\",\"padding_remove_bottom\":false,\"style\":\"default\",\"text_color\":\"light\",\"title_breakpoint\":\"xl\",\"title_position\":\"top-left\",\"title_rotation\":\"left\",\"vertical_align\":\"middle\",\"width\":\"default\"},\"children\":[{\"type\":\"row\",\"children\":[{\"type\":\"column\",\"props\":{\"image_position\":\"center-center\",\"position_sticky_breakpoint\":\"m\"},\"children\":[{\"type\":\"headline\",\"props\":{\"content\":\"Availability & Status\",\"title_element\":\"h1\"}}]}]}],\"name\":\"2025 fiber header\"},{\"type\":\"section\",\"props\":{\"image_position\":\"center-center\",\"style\":\"default\",\"title_breakpoint\":\"xl\",\"title_position\":\"top-left\",\"title_rotation\":\"left\",\"vertical_align\":\"middle\",\"width\":\"default\"},\"children\":[{\"type\":\"row\",\"children\":[{\"type\":\"column\",\"props\":{\"image_position\":\"center-center\",\"position_sticky_breakpoint\":\"m\",\"width_medium\":\"1-3\"},\"children\":[{\"type\":\"text\",\"props\":{\"column_breakpoint\":\"m\",\"content\":\"\n\n<p>The map indicates TCLP<em>fiber<\\\/em> activity in your area.\\u00a0<\\\/p>\\n\n\n<p><a href=\\\"https:\\\/\\\/www.tclp.org\\\/tcp-fiber-map-indicators-1\\\/\\\" rel=\\\"attachment wp-att-6596\\\"><img src=\\\"https:\\\/\\\/www.tclp.org\\\/wp-content\\\/uploads\\\/2025\\\/09\\\/TCP-fiber-Map-indicators-1.png\\\" alt=\\\"\\\" width=\\\"23\\\" height=\\\"23\\\" class=\\\"alignnone  wp-image-6596\\\" \\\/><\\\/a> <strong>Fiber Network Complete &amp; Active: <\\\/strong><em>TCLPfiber has completed fiber-optic network construction in this area and is actively connecting customers.<\\\/em><\\\/p>\\n\n\n<p><a href=\\\"https:\\\/\\\/www.tclp.org\\\/tcp-fiber-map-indicators\\\/\\\" rel=\\\"attachment wp-att-5603\\\"><img src=\\\"https:\\\/\\\/www.tclp.org\\\/wp-content\\\/uploads\\\/2025\\\/06\\\/TCP-fiber-Map-indicators-.png\\\" alt=\\\"\\\" width=\\\"20\\\" height=\\\"20\\\" class=\\\"alignnone wp-image-5904 \\\" \\\/><\\\/a> <strong>Fiber Network Construction Underway: <\\\/strong><em>TCLPfiber is actively building the fiber-optic network infrastructure in this area.<\\\/em><\\\/p>\",\"margin\":\"default\"}}]},{\"type\":\"column\",\"props\":{\"image_position\":\"center-center\",\"position_sticky_breakpoint\":\"m\",\"width_medium\":\"2-3\"},\"children\":[{\"type\":\"image\",\"props\":{\"image\":\"wp-content\\\/uploads\\\/2026\\\/01\\\/Fiber_Status_Map_20260105.png\",\"image_height\":0,\"image_svg_color\":\"emphasis\",\"image_width\":0,\"margin\":\"default\"}}]}],\"props\":{\"layout\":\"1-3,2-3\"}}],\"name\":\"2025 Availability Status\"}],\"version\":\"4.5.33\"} --><\/p>","protected":false},"excerpt":{"rendered":"<p>Availability &#038; Status The map indicates TCLPfiber activity in your area.\u00a0 Fiber Network Complete &amp; Active: TCLPfiber has completed fiber-optic network construction in this area and is actively connecting customers. Fiber Network Construction Underway: TCLPfiber is actively building the fiber-optic network infrastructure in this area.<\/p>","protected":false},"author":3,"featured_media":0,"parent":0,"menu_order":0,"comment_status":"closed","ping_status":"closed","template":"","meta":{"_acf_changed":false,"footnotes":""},"class_list":["post-5624","page","type-page","status-publish","hentry"],"acf":[],"_links":{"self":[{"href":"https:\/\/www.tclp.org\/es\/wp-json\/wp\/v2\/pages\/5624","targetHints":{"allow":["GET"]}}],"collection":[{"href":"https:\/\/www.tclp.org\/es\/wp-json\/wp\/v2\/pages"}],"about":[{"href":"https:\/\/www.tclp.org\/es\/wp-json\/wp\/v2\/types\/page"}],"author":[{"embeddable":true,"href":"https:\/\/www.tclp.org\/es\/wp-json\/wp\/v2\/users\/3"}],"replies":[{"embeddable":true,"href":"https:\/\/www.tclp.org\/es\/wp-json\/wp\/v2\/comments?post=5624"}],"version-history":[{"count":13,"href":"https:\/\/www.tclp.org\/es\/wp-json\/wp\/v2\/pages\/5624\/revisions"}],"predecessor-version":[{"id":7598,"href":"https:\/\/www.tclp.org\/es\/wp-json\/wp\/v2\/pages\/5624\/revisions\/7598"}],"wp:attachment":[{"href":"https:\/\/www.tclp.org\/es\/wp-json\/wp\/v2\/media?parent=5624"}],"curies":[{"name":"wp","href":"https:\/\/api.w.org\/{rel}","templated":true}]}}