{"id":6051,"date":"2025-07-10T08:13:55","date_gmt":"2025-07-10T12:13:34","guid":{"rendered":"https:\/\/www.tclp.org\/commercial-rebates-2\/"},"modified":"2026-02-05T12:10:59","modified_gmt":"2026-02-05T17:10:59","slug":"commercial-incentives","status":"publish","type":"page","link":"https:\/\/www.tclp.org\/es\/commercial-incentives\/","title":{"rendered":"Incentivos comerciales"},"content":{"rendered":"<h1>Incentivos comerciales<\/h1>\n<h2>\n<h2>Programa de incentivos comerciales<\/h2>\n<\/h2>\n<ul>\n<li>\n        <a href=\"\/wp-content\/uploads\/2026\/02\/25-26-CI-General-Non-Lighting-App.pdf\">Aplicaci\u00f3n general <\/a>\n    <\/li>\n<li>\n        <a href=\"\/wp-content\/uploads\/2026\/02\/25-26-CI-Lighting-App.pdf\">Aplicaci\u00f3n de iluminaci\u00f3n <\/a>\n    <\/li>\n<\/ul>\n<div>\n<p>Se requieren recibos como prueba de compra.<\/p>\n<p>Por favor env\u00ede un correo electr\u00f3nico\u00a0<a href=\"mailto:rebates@tclp.org\">reembolsos@tclp.org<\/a>\u00a0o llamar <a href=\"tel:+12319224940\">231-922-4940<\/a> Si tienes alguna pregunta.<\/p>\n<p>TCLP tiene un extenso programa de incentivos comerciales que ofrece incentivos para todo, desde actualizaciones de iluminaci\u00f3n LED* hasta ENERGY STAR<sup>\u00ae<\/sup> Equipos de cocina y sistemas de climatizaci\u00f3n. Descarga nuestra aplicaci\u00f3n para ver todo lo que ofrecemos o cont\u00e1ctanos para hablar sobre tu nuevo proyecto.<\/p>\n<p>Si no lo ve en nuestra solicitud, no significa necesariamente que no califique para un incentivo. Podemos personalizar los incentivos si hay un proyecto que ahorra electricidad, pero que no necesariamente se incluye en una categor\u00eda de nuestra solicitud.\u00a0<\/p>\n<p>*<em>Para calificar, la iluminaci\u00f3n debe usarse al menos 1.800 horas por a\u00f1o y otros equipos deben funcionar al menos 1.500 horas por a\u00f1o.<\/em>.\u00a0<\/p>\n<p><em>**Las solicitudes se aceptan por orden de llegada hasta que haya fondos anuales disponibles.\u00a0<\/em><\/p>\n<p><em>***Se requiere una preaprobaci\u00f3n para reservar fondos en la mayor\u00eda de los proyectos; podr\u00eda requerirse una inspecci\u00f3n del proyecto una vez finalizado y, en algunos casos, antes de comenzar las obras. Por favor, contacte a TCLP para verificar antes de comenzar las obras. Si se requiere una preaprobaci\u00f3n y las obras ya est\u00e1n terminadas, TCLP podr\u00eda rechazar la solicitud de incentivo.<\/em><\/p>\n<\/div>\n<hr>\n<h2>\n<h4>Ley de Inversi\u00f3n en Infraestructura y Empleo y Rastreador de la Ley de Reducci\u00f3n de la Inflaci\u00f3n<\/h4>\n<\/h2>\n<div>\n<p>El Instituto de Sostenibilidad Graham de la Universidad de Michigan ha compilado un rastreador que muestra, organiza y clasifica las oportunidades de financiamiento federal relevantes para Michigan y la sostenibilidad.<\/p>\n<\/div>\n<p>\n    <a href=\"https:\/\/graham.umich.edu\/IIJA-tracker\">Rastreador de IIJA e IRA<\/a>\n<\/p>\n<p><!--more--><br \/>\n<!-- {\"type\":\"layout\",\"children\":[{\"type\":\"section\",\"props\":{\"image\":\"wp-content\\\/uploads\\\/2024\\\/06\\\/Website-banner-1900-\\u00d7-300-px-30.png\",\"image_position\":\"center-center\",\"image_size\":\"cover\",\"media_overlay\":\"rgba(0, 0, 0, 0.4)\",\"style\":\"primary\",\"title_breakpoint\":\"xl\",\"title_position\":\"top-left\",\"title_rotation\":\"left\",\"vertical_align\":\"\",\"width\":\"default\"},\"children\":[{\"type\":\"row\",\"children\":[{\"type\":\"column\",\"props\":{\"image_position\":\"center-center\",\"position_sticky_breakpoint\":\"m\"},\"children\":[{\"type\":\"headline\",\"props\":{\"content\":\"Commercial Incentives\",\"title_element\":\"h1\"}}]}]}],\"name\":\"Hero Inner\"},{\"type\":\"section\",\"props\":{\"image_position\":\"center-center\",\"padding\":\"xsmall\",\"padding_remove_top\":true,\"style\":\"default\",\"title_breakpoint\":\"xl\",\"title_position\":\"top-left\",\"title_rotation\":\"left\",\"vertical_align\":\"\",\"width\":\"default\"},\"children\":[{\"type\":\"row\",\"children\":[{\"type\":\"column\",\"props\":{\"image_position\":\"center-center\",\"position_sticky_breakpoint\":\"m\"},\"children\":[{\"type\":\"headline\",\"props\":{\"content\":\"\n\n<h2>Commercial Incentive Program<\\\/h2>\",\"id\":\"commercial\",\"title_element\":\"h2\"}},{\"type\":\"button\",\"props\":{\"grid_column_gap\":\"small\",\"grid_row_gap\":\"small\",\"margin\":\"default\"},\"children\":[{\"type\":\"button_item\",\"props\":{\"button_style\":\"default\",\"content\":\"General Application \",\"icon_align\":\"left\",\"link\":\"wp-content\\\/uploads\\\/2026\\\/02\\\/25-26-CI-General-Non-Lighting-App.pdf\",\"link_target\":\"blank\"}},{\"type\":\"button_item\",\"props\":{\"button_style\":\"default\",\"content\":\"Lighting Application \",\"icon_align\":\"left\",\"link\":\"wp-content\\\/uploads\\\/2026\\\/02\\\/25-26-CI-Lighting-App.pdf\",\"link_target\":\"blank\"}}]},{\"type\":\"text\",\"props\":{\"column_breakpoint\":\"m\",\"content\":\"\n\n<p>Receipts are required as proof of purchase.<\\\/p>\\n\n\n<p>Please email\\u00a0<a href=\\\"mailto:rebates@tclp.org\\\">rebates@tclp.org<\\\/a>\\u00a0or call <a href=\\\"tel:+12319224940\\\">231-922-4940<\\\/a> with any questions.<\\\/p>\\n\n\n<p>TCLP has an extensive commercial incentive program that offers incentives for everything from LED lighting* upgrades to ENERGY STAR<sup>\\u00ae<\\\/sup> kitchen equipment and HVAC systems. Download our application to see everything we have to offer or contact us to discuss your new project.<\\\/p>\\n\n\n<p>If you don\\u2019t see it on our application, it doesn\\u2019t necessarily mean you won\\u2019t qualify for an incentive. We can customize incentives if there is a project that saves electricity but doesn\\u2019t necessarily fall under a category on our application.\\u00a0<\\\/p>\\n\n\n<p>*<em>To qualify, lighting must be used at least 1,800 hours per year and other equipment must operate at least 1,500 hours per year<\\\/em>.\\u00a0<\\\/p>\\n\n\n<p><em>**Applications are accepted on a first-come, first-served basis while annual funds are available.\\u00a0<\\\/em><\\\/p>\\n\n\n<p><em>***A pre-approval is required to reserve funding for most projects; an inspection of the project may be required once the project is complete and, in some cases, before work begins. Please contact TCLP to verify before starting work. If a pre-approval is required and work is already completed, TCLP may deny the incentive application.<\\\/em><\\\/p>\",\"margin\":\"default\"}},{\"type\":\"divider\",\"props\":{\"divider_element\":\"hr\"}},{\"type\":\"headline\",\"props\":{\"content\":\"\n\n<h4>Infrastructure Investment and Jobs Act &amp; Inflation Reduction Act Tracker<\\\/h4>\",\"id\":\"commercial\",\"title_element\":\"h2\"}},{\"type\":\"text\",\"props\":{\"column_breakpoint\":\"m\",\"content\":\"\n\n<p>The Graham Sustainability Institute at the University of Michigan has compiled a tracker that displays, organizes and sorts federal funding opportunities relevant to Michigan and sustainability.<\\\/p>\",\"margin\":\"default\"}},{\"type\":\"button\",\"props\":{\"grid_column_gap\":\"small\",\"grid_row_gap\":\"small\",\"margin\":\"default\"},\"children\":[{\"type\":\"button_item\",\"props\":{\"button_style\":\"default\",\"content\":\"IIJA & IRA Tracker\",\"icon_align\":\"left\",\"link\":\"https:\\\/\\\/graham.umich.edu\\\/IIJA-tracker\",\"link_target\":\"blank\"}}]}]}]}]}],\"version\":\"4.5.33\"} --><\/p>","protected":false},"excerpt":{"rendered":"<p>Commercial Incentives Commercial Incentive Program General Application Lighting Application Receipts are required as proof of purchase. Please email\u00a0rebates@tclp.org\u00a0or call 231-922-4940 with any questions. TCLP has an extensive commercial incentive program that offers incentives for everything from LED lighting* upgrades to ENERGY STAR\u00ae kitchen equipment and HVAC systems. Download our application to see everything we have [&hellip;]<\/p>","protected":false},"author":3,"featured_media":0,"parent":0,"menu_order":65,"comment_status":"closed","ping_status":"closed","template":"","meta":{"_acf_changed":false,"footnotes":""},"class_list":["post-6051","page","type-page","status-publish","hentry"],"acf":[],"_links":{"self":[{"href":"https:\/\/www.tclp.org\/es\/wp-json\/wp\/v2\/pages\/6051","targetHints":{"allow":["GET"]}}],"collection":[{"href":"https:\/\/www.tclp.org\/es\/wp-json\/wp\/v2\/pages"}],"about":[{"href":"https:\/\/www.tclp.org\/es\/wp-json\/wp\/v2\/types\/page"}],"author":[{"embeddable":true,"href":"https:\/\/www.tclp.org\/es\/wp-json\/wp\/v2\/users\/3"}],"replies":[{"embeddable":true,"href":"https:\/\/www.tclp.org\/es\/wp-json\/wp\/v2\/comments?post=6051"}],"version-history":[{"count":7,"href":"https:\/\/www.tclp.org\/es\/wp-json\/wp\/v2\/pages\/6051\/revisions"}],"predecessor-version":[{"id":7739,"href":"https:\/\/www.tclp.org\/es\/wp-json\/wp\/v2\/pages\/6051\/revisions\/7739"}],"wp:attachment":[{"href":"https:\/\/www.tclp.org\/es\/wp-json\/wp\/v2\/media?parent=6051"}],"curies":[{"name":"wp","href":"https:\/\/api.w.org\/{rel}","templated":true}]}}