{"id":615,"date":"2023-02-05T23:41:54","date_gmt":"2023-02-05T23:41:54","guid":{"rendered":"https:\/\/www.tclp.org\/?page_id=615"},"modified":"2024-08-15T13:07:54","modified_gmt":"2024-08-15T17:07:54","slug":"distribution-policies","status":"publish","type":"page","link":"https:\/\/www.tclp.org\/es\/distribution-policies\/","title":{"rendered":"Pol\u00edticas de distribuci\u00f3n"},"content":{"rendered":"<h1>Pol\u00edticas de distribuci\u00f3n<\/h1>\n<div>\n<p><span>\u00bfEst\u00e1 construyendo un nuevo edificio comercial? \u00bfNecesita actualizar su servicio el\u00e9ctrico comercial actual? Revise los documentos a continuaci\u00f3n, complete y env\u00ede el formulario de &quot;Solicitud de Servicio&quot; y nos pondremos manos a la obra.<\/span><\/p>\n<\/div>\n<div>\n<p><span>Complete este formulario y env\u00edelo a TCLP para iniciar su proyecto.<\/span><\/p>\n<\/div>\n<p>\n    <a href=\"https:\/\/www.tclp.org\/es\/Uploads\/TCL%26P%20Request%20for%20Service%20%28Signature%20Enabled%29.pdf\/\">Solicitud de servicio<\/a>\n<\/p>\n<div>\n<p><span>NOTA PARA LOS CONTRATISTAS: La Solicitud de Servicio debe estar firmada por el\u00a0<\/span><strong><u>PROPIETARIO DE LA PROPIEDAD<\/u><\/strong><span>TCLP no puede procesar una solicitud de servicio sin esta autorizaci\u00f3n. Si tiene alguna pregunta, comun\u00edquese con nuestro departamento de programaci\u00f3n al 231-922-4940, ext. 243.<\/span><\/p>\n<\/div>\n<div>\n<p><span>Encuentre informaci\u00f3n sobre costos y reglas para extensiones de l\u00ednea y trabajos solicitados por el cliente.<\/span><\/p>\n<\/div>\n<p>\n    <a href=\"https:\/\/www.tclp.org\/Uploads\/Residential\/underground_policy.pdf\">Reglas y regulaciones<\/a>\n<\/p>\n<div>\n<p><span>Familiar\u00edcese con los requisitos y responsabilidades de construcci\u00f3n antes de comenzar su proyecto.<\/span><\/p>\n<\/div>\n<p>\n    <a href=\"https:\/\/www.tclp.org\/wp-content\/uploads\/2024\/08\/Electric-Service-Requirements.pdf\">Manual de requisitos del servicio el\u00e9ctrico<\/a>\n<\/p>\n<h2>Medici\u00f3n neta<\/h2>\n<div>\n<p>\u00bfHa considerado alguna vez instalar energ\u00eda renovable en su hogar o negocio? TCLP cuenta con un Programa de Medici\u00f3n Neta que brinda a sus clientes la oportunidad de producir energ\u00eda renovable local que puede compensar parcial o totalmente sus necesidades energ\u00e9ticas. El programa garantiza la seguridad general de los empleados de TCLP y del p\u00fablico, adem\u00e1s de mantener la integridad del sistema de distribuci\u00f3n de TCLP.<\/p>\n<p>La medici\u00f3n neta est\u00e1 disponible para los clientes residenciales, comerciales e industriales de TCLP por orden de llegada para aquellos que cumplan con todos los requisitos dentro de las disposiciones de la Solicitud y Acuerdo de Medici\u00f3n Neta.<\/p>\n<p>El siguiente documento describe los pasos que deben seguirse para calificar para el Programa de Medici\u00f3n Neta TCLP.<\/p>\n<\/div>\n<p>\n    <a href=\"https:\/\/www.tclp.org\/es\/Uploads\/Residential\/Renewable%20Net%20Metering%20Program%202022.pdf\/\">Informaci\u00f3n del programa y solicitud<\/a>\n<\/p>\n<div>\n<p style=\"text-align: left;\"><em>Comun\u00edquese con el Departamento de Ingenier\u00eda de TCLP si tiene preguntas al 231-932-4562.<\/em><\/p>\n<\/div>\n<h2>Otras formas<\/h2>\n<ul>\n<li>\n        <a href=\"https:\/\/www.tclp.org\/es\/Uploads\/Private%20Area%20Light%20Request%20%2804.30.21%29.pdf\/\">Solicitud de luz en \u00e1rea privada<\/a>\n    <\/li>\n<li>\n        <a href=\"https:\/\/www.tclp.org\/es\/Uploads\/Demolition%20Request%20Form%20%2807.12.22%29.pdf\/\">Solicitud de demolici\u00f3n<\/a>\n    <\/li>\n<\/ul>\n<p><!--more--><br \/>\n<!-- {\"type\":\"layout\",\"children\":[{\"type\":\"section\",\"props\":{\"image\":\"wp-content\\\/uploads\\\/2023\\\/04\\\/Website-banner-1500-\\u00d7-300-px-1900-\\u00d7-300-px.png\",\"image_position\":\"center-center\",\"media_overlay\":\"rgba(0, 0, 0, 0.4)\",\"style\":\"primary\",\"title_breakpoint\":\"xl\",\"title_position\":\"top-left\",\"title_rotation\":\"left\",\"vertical_align\":\"\",\"width\":\"default\"},\"children\":[{\"type\":\"row\",\"children\":[{\"type\":\"column\",\"props\":{\"image_position\":\"center-center\",\"position_sticky_breakpoint\":\"m\"},\"children\":[{\"type\":\"headline\",\"props\":{\"content\":\"Distribution Policies\",\"title_element\":\"h1\"}}]}]}],\"name\":\"Hero Inner\"},{\"type\":\"section\",\"props\":{\"image_position\":\"center-center\",\"style\":\"default\",\"title_breakpoint\":\"xl\",\"title_position\":\"top-left\",\"title_rotation\":\"left\",\"vertical_align\":\"\",\"width\":\"default\"},\"children\":[{\"type\":\"row\",\"children\":[{\"type\":\"column\",\"props\":{\"image_position\":\"center-center\",\"position_sticky_breakpoint\":\"m\"},\"children\":[{\"type\":\"text\",\"props\":{\"column_breakpoint\":\"m\",\"content\":\"\n\n<p><span>Are you constructing a new commercial building? \\u00a0Do you need to upgrade your existing commercial electric service? Please review the documents below, complete and return the 'Request for Service' form and we'll get to work for you.<\\\/span><\\\/p>\",\"margin\":\"default\"}}]}]},{\"type\":\"row\",\"children\":[{\"type\":\"column\",\"props\":{\"image_position\":\"center-center\",\"position_sticky_breakpoint\":\"m\"},\"children\":[{\"type\":\"text\",\"props\":{\"column_breakpoint\":\"m\",\"content\":\"\n\n<p><span>Please fill out this form and submit to TCLP to get your project started.<\\\/span><\\\/p>\",\"margin\":\"default\"}},{\"type\":\"button\",\"props\":{\"grid_column_gap\":\"small\",\"grid_row_gap\":\"small\",\"margin\":\"default\"},\"children\":[{\"type\":\"button_item\",\"props\":{\"button_style\":\"default\",\"content\":\"Request for Service\",\"icon_align\":\"left\",\"link\":\"https:\\\/\\\/www.tclp.org\\\/Uploads\\\/TCL%26P%20Request%20for%20Service%20%28Signature%20Enabled%29.pdf\"}}]},{\"type\":\"text\",\"props\":{\"column_breakpoint\":\"m\",\"content\":\"\n\n<p><span>NOTE TO CONTRACTORS: The Request for Service must be signed by the\\u00a0<\\\/span><strong><u>PROPERTY OWNER<\\\/u><\\\/strong><span>.\\u00a0 TCLP is unable to process a request for service without this authorization. Please contact our scheduling department at 231-922-4940 ext. 243 with any questions.<\\\/span><\\\/p>\",\"margin\":\"default\"}}]}]},{\"type\":\"row\",\"children\":[{\"type\":\"column\",\"props\":{\"image_position\":\"center-center\",\"position_sticky_breakpoint\":\"m\"},\"children\":[{\"type\":\"text\",\"props\":{\"column_breakpoint\":\"m\",\"content\":\"\n\n<p><span>Find information on costs and rules for line extensions and customer-requested work.<\\\/span><\\\/p>\",\"margin\":\"default\"}},{\"type\":\"button\",\"props\":{\"grid_column_gap\":\"small\",\"grid_row_gap\":\"small\",\"margin\":\"default\"},\"children\":[{\"type\":\"button_item\",\"props\":{\"button_style\":\"default\",\"content\":\"Rules & Regulations\",\"icon_align\":\"left\",\"link\":\"https:\\\/\\\/www.tclp.org\\\/Uploads\\\/Residential\\\/underground_policy.pdf\"}}]}]}]},{\"type\":\"row\",\"children\":[{\"type\":\"column\",\"props\":{\"image_position\":\"center-center\",\"position_sticky_breakpoint\":\"m\"},\"children\":[{\"type\":\"text\",\"props\":{\"column_breakpoint\":\"m\",\"content\":\"\n\n<p><span>Become familiar with construction requirements and responsibilities prior to starting your project.<\\\/span><\\\/p>\",\"margin\":\"default\"}},{\"type\":\"button\",\"props\":{\"grid_column_gap\":\"small\",\"grid_row_gap\":\"small\",\"margin\":\"default\"},\"children\":[{\"type\":\"button_item\",\"props\":{\"button_style\":\"default\",\"content\":\"Electric Service Requirements Manual\",\"icon_align\":\"left\",\"link\":\"https:\\\/\\\/www.tclp.org\\\/wp-content\\\/uploads\\\/2024\\\/08\\\/Electric-Service-Requirements.pdf\"}}]}]}]},{\"type\":\"row\",\"children\":[{\"type\":\"column\",\"props\":{\"image_position\":\"center-center\",\"position_sticky_breakpoint\":\"m\"},\"children\":[{\"type\":\"headline\",\"props\":{\"content\":\"Net Metering\",\"title_element\":\"h2\"}},{\"type\":\"text\",\"props\":{\"column_breakpoint\":\"m\",\"content\":\"\n\n<p>Have you ever thought about installing renewable energy on your home or business? Well TCLP has a Net Metering Program which provides an opportunity for customers to produce local renewable energy that may partially or fully offset their energy requirements. The program ensures the general safety of TCLP employees and the public, as well as maintaining the integrity of the TCLP distribution system.<\\\/p>\\n\n\n<p>Net metering is available to TCLP residential, commercial and industrial customers on a \\\"first come-first served\\\" basis for those who meet all of the requirements within the provisions of the Net Metering Application and Agreement.<\\\/p>\\n\n\n<p>The document below outlines the steps that need to be taken to qualify for the TCLP Net Metering Program.<\\\/p>\",\"margin\":\"default\"}},{\"type\":\"button\",\"props\":{\"grid_column_gap\":\"small\",\"grid_row_gap\":\"small\",\"margin\":\"default\"},\"children\":[{\"type\":\"button_item\",\"props\":{\"button_style\":\"default\",\"content\":\"Program Information & Application\",\"icon_align\":\"left\",\"link\":\"https:\\\/\\\/www.tclp.org\\\/Uploads\\\/Residential\\\/Renewable%20Net%20Metering%20Program%202022.pdf\"}}]},{\"type\":\"text\",\"props\":{\"column_breakpoint\":\"m\",\"content\":\"\n\n<p style=\\\"text-align: left;\\\"><em>Contact the TCLP Engineering Department with questions at 231-932-4562.<\\\/em><\\\/p>\",\"margin\":\"default\",\"text_align\":\"center\"}}]}]},{\"type\":\"row\",\"children\":[{\"type\":\"column\",\"props\":{\"image_position\":\"center-center\",\"position_sticky_breakpoint\":\"m\"},\"children\":[{\"type\":\"headline\",\"props\":{\"content\":\"Other Forms\",\"text_align\":\"left\",\"title_element\":\"h2\"}},{\"type\":\"button\",\"props\":{\"grid_column_gap\":\"small\",\"grid_row_gap\":\"small\",\"margin\":\"default\"},\"children\":[{\"type\":\"button_item\",\"props\":{\"button_style\":\"default\",\"content\":\"Private Area Light Request\",\"icon_align\":\"left\",\"link\":\"https:\\\/\\\/www.tclp.org\\\/Uploads\\\/Private%20Area%20Light%20Request%20%2804.30.21%29.pdf\"}},{\"type\":\"button_item\",\"props\":{\"button_style\":\"default\",\"content\":\"Demolition Request\",\"icon_align\":\"left\",\"link\":\"https:\\\/\\\/www.tclp.org\\\/Uploads\\\/Demolition%20Request%20Form%20%2807.12.22%29.pdf\"}}]}]}]}]}],\"version\":\"4.4.4\"} --><\/p>","protected":false},"excerpt":{"rendered":"<p>Distribution Policies Are you constructing a new commercial building? \u00a0Do you need to upgrade your existing commercial electric service? Please review the documents below, complete and return the &#8216;Request for Service&#8217; form and we&#8217;ll get to work for you. Please fill out this form and submit to TCLP to get your project started. Request for [&hellip;]<\/p>","protected":false},"author":3,"featured_media":0,"parent":0,"menu_order":9,"comment_status":"closed","ping_status":"closed","template":"","meta":{"_acf_changed":false,"footnotes":""},"class_list":["post-615","page","type-page","status-publish","hentry"],"acf":[],"_links":{"self":[{"href":"https:\/\/www.tclp.org\/es\/wp-json\/wp\/v2\/pages\/615","targetHints":{"allow":["GET"]}}],"collection":[{"href":"https:\/\/www.tclp.org\/es\/wp-json\/wp\/v2\/pages"}],"about":[{"href":"https:\/\/www.tclp.org\/es\/wp-json\/wp\/v2\/types\/page"}],"author":[{"embeddable":true,"href":"https:\/\/www.tclp.org\/es\/wp-json\/wp\/v2\/users\/3"}],"replies":[{"embeddable":true,"href":"https:\/\/www.tclp.org\/es\/wp-json\/wp\/v2\/comments?post=615"}],"version-history":[{"count":23,"href":"https:\/\/www.tclp.org\/es\/wp-json\/wp\/v2\/pages\/615\/revisions"}],"predecessor-version":[{"id":4385,"href":"https:\/\/www.tclp.org\/es\/wp-json\/wp\/v2\/pages\/615\/revisions\/4385"}],"wp:attachment":[{"href":"https:\/\/www.tclp.org\/es\/wp-json\/wp\/v2\/media?parent=615"}],"curies":[{"name":"wp","href":"https:\/\/api.w.org\/{rel}","templated":true}]}}