{"id":6318,"date":"2025-09-10T17:28:32","date_gmt":"2025-09-10T21:28:07","guid":{"rendered":"https:\/\/www.tclp.org\/time-of-use-rates\/residential-rates\/eco-steady-residential\/"},"modified":"2025-10-03T11:51:50","modified_gmt":"2025-10-03T15:51:50","slug":"eco-steady","status":"publish","type":"page","link":"https:\/\/www.tclp.org\/es\/time-of-use\/residential\/eco-steady\/","title":{"rendered":"Residencial Eco Steady"},"content":{"rendered":"<h1>Residencial Eco Steady<\/h1>\n<ul>\n<li>\n        <a href=\"https:\/\/www.tclp.org\/es\/time-of-use-rates\/residential\/eco-champion\/\">Campe\u00f3n ecol\u00f3gico<\/a>\n    <\/li>\n<li>\n        <a href=\"https:\/\/www.tclp.org\/es\/time-of-use-rates\/residential\/eco-steady\/\">Eco estable<\/a>\n    <\/li>\n<\/ul>\n<div>\n<p>Las tarifas por horario de uso est\u00e1n dise\u00f1adas para no aumentar la factura del cliente promedio. Sin embargo, si puede cambiar su consumo de electricidad fuera de las horas punta, puede reducir sus facturas de electricidad.<\/p>\n<p>A partir de diciembre de 2025, los clientes pasar\u00e1n a esta tarifa, la de incorporaci\u00f3n gradual. Si desea suscribirse a la tarifa no gradual, comun\u00edquese con un representante de atenci\u00f3n al cliente al <a href=\"mailto:customerservice@tclp.org\">servicioalcliente@tclp.org<\/a> o llamar <a href=\"tel:12319224940\">231-922-4940<\/a>.<\/p>\n<\/div>\n<h2>Desglose de tarifas<\/h2>\n<div>\n<p><strong>IMPLEMENTACI\u00d3N PROGRESIVA (A LO LARGO DE CUATRO A\u00d1OS)<\/strong><br \/>$13.50 por mes (m\u00e1s las tarifas de kilovatio-hora a continuaci\u00f3n)<br \/><em>Fuera de horas punta incluye fines de semana y d\u00edas festivos federales.<\/em><\/p>\n<\/div>\n<p><img decoding=\"async\" src=\"\/wp-content\/uploads\/2025\/10\/25-TCLP_Graphs_Eco-Steady-Residential_Phase-In.jpg\" alt=\"Residential Eco Steady Phase In pricing graph\"><\/p>\n<div>\n<p><strong>NO INTRODUCCI\u00d3N FASELADA<\/strong><br \/>$13.50 por mes (m\u00e1s las tarifas de kilovatio-hora a continuaci\u00f3n)<br \/><em>Fuera de horas punta incluye fines de semana y d\u00edas festivos federales.<\/em><\/p>\n<\/div>\n<p><img decoding=\"async\" src=\"\/wp-content\/uploads\/2025\/10\/25-TCLP_Graphs_Eco-Steady-Residential_Non-Phase-In.jpg\" alt=\"Residential Eco Steady Non Phase In pricing graph\"><\/p>\n<h2>Ideas para maximizar el ahorro energ\u00e9tico<\/h2>\n<h3>Actualice a la iluminaci\u00f3n LED y aproveche la luz natural<\/h3>\n<div>\n<p>Las bombillas LED consumen hasta 75% menos energ\u00eda y duran hasta 25 veces m\u00e1s que las bombillas incandescentes tradicionales. Cambiar a la iluminaci\u00f3n LED es una forma sencilla de reducir los costos de energ\u00eda y mantener su hogar bien iluminado.<\/p>\n<p>Adem\u00e1s, aprovecha las horas de luz abriendo las cortinas y dejando entrar la luz natural. Esto reduce la necesidad de iluminaci\u00f3n artificial y puede ayudar a calentar tu hogar de forma natural.<\/p>\n<\/div>\n<hr>\n<h3>Programe sus configuraciones de temperatura<\/h3>\n<div>\n<p>Para ahorrar en calefacci\u00f3n y refrigeraci\u00f3n, configure su termostato inteligente con un horario que minimice el consumo de energ\u00eda durante las horas punta. En invierno, una temperatura agradable en casa es de 20 a 21 \u00b0C, y suficiente con 18 \u00b0C fuera.<\/p>\n<\/div>\n<hr>\n<h3>Guarda la tarea de lavar los platos para la noche<\/h3>\n<div>\n<p>Ahorre dinero y energ\u00eda usando su lavavajillas con carga completa y en horas de menor demanda. La funci\u00f3n de retardo es ideal para usarlo por la noche despu\u00e9s de cenar, cuando las tarifas son m\u00e1s bajas.<\/p>\n<\/div>\n<hr>\n<h3>Consigue enchufes y regletas inteligentes<\/h3>\n<div>Los dispositivos modernos, como tel\u00e9fonos y televisores, suelen consumir energ\u00eda incluso cuando no est\u00e1n en uso. Usa una regleta inteligente para gestionar este desperdicio de energ\u00eda. Un enchufe inteligente, controlado por tu tel\u00e9fono, te permite apagar f\u00e1cilmente l\u00e1mparas, televisores, impresoras y consolas de videojuegos cuando no los est\u00e9s usando.<\/div>\n<hr>\n<h3>Haga que la colada sea una actividad de fin de semana<\/h3>\n<div>Aprovecha las tarifas de fin de semana fuera de temporada alta para lavar tu ropa. Lava con agua fr\u00eda o templada para ahorrar energ\u00eda (\u00a1calentar el agua consume mucha!) y llena la secadora, sin sobrecargarla, ya que las cargas peque\u00f1as consumen la misma energ\u00eda que las grandes. <\/div>\n<hr>\n<h3>Cargue su veh\u00edculo el\u00e9ctrico durante la noche<\/h3>\n<div>La mayor\u00eda de los veh\u00edculos el\u00e9ctricos modernos y los cargadores dom\u00e9sticos de Nivel 2 incorporan funciones de programaci\u00f3n. Esto te permite enchufar tu veh\u00edculo al llegar a casa, pero programarlo para que solo empiece a cargar cuando se activen las tarifas de menor consumo, a menudo mientras duermes.<\/div>\n<p><!--more--><br \/>\n<!-- {\"type\":\"layout\",\"children\":[{\"type\":\"section\",\"props\":{\"image\":\"wp-content\\\/uploads\\\/2023\\\/04\\\/Website-banner-1900-\\u00d7-300-px-9.png\",\"image_position\":\"center-center\",\"media_overlay\":\"rgba(0, 0, 0, 0.4)\",\"style\":\"primary\",\"title_breakpoint\":\"xl\",\"title_position\":\"top-left\",\"title_rotation\":\"left\",\"vertical_align\":\"\",\"width\":\"default\"},\"children\":[{\"type\":\"row\",\"children\":[{\"type\":\"column\",\"props\":{\"image_position\":\"center-center\",\"position_sticky_breakpoint\":\"m\"},\"children\":[{\"type\":\"headline\",\"props\":{\"content\":\"Residential Eco Steady\",\"title_element\":\"h1\"}},{\"type\":\"subnav\",\"children\":[{\"type\":\"subnav_item\",\"props\":{\"active\":true,\"content\":\"Residential Rates\",\"link\":\"https:\\\/\\\/www.tclp.org\\\/time-of-use-rates\\\/residential\\\/\"}},{\"type\":\"subnav_item\",\"props\":{\"active\":false,\"content\":\"Commercial Rates\",\"link\":\"https:\\\/\\\/www.tclp.org\\\/time-of-use-rates\\\/commercial\\\/\"}}],\"props\":{\"id\":\"toutabs\",\"margin_remove_top\":false,\"position\":\"relative\",\"position_bottom\":\"0\",\"status\":\"disabled\",\"subnav_style\":\"pill\"}}]}]}],\"name\":\"Hero Inner\"},{\"type\":\"section\",\"props\":{\"id\":\"tounavs\",\"image_position\":\"center-center\",\"padding\":\"small\",\"padding_remove_bottom\":false,\"style\":\"default\",\"title_breakpoint\":\"xl\",\"title_position\":\"top-left\",\"title_rotation\":\"left\",\"vertical_align\":\"middle\",\"width\":\"default\"},\"children\":[{\"type\":\"row\",\"children\":[{\"type\":\"column\",\"props\":{\"image_position\":\"center-center\",\"position_sticky_breakpoint\":\"m\"},\"children\":[{\"type\":\"subnav\",\"props\":{\"id\":\"tousubnav\",\"subnav_style\":\"tab\"},\"children\":[{\"type\":\"subnav_item\",\"props\":{\"content\":\"Eco Champion\",\"link\":\"https:\\\/\\\/www.tclp.org\\\/time-of-use-rates\\\/residential\\\/eco-champion\\\/\"}},{\"type\":\"subnav_item\",\"props\":{\"active\":true,\"content\":\"Eco Steady\",\"link\":\"https:\\\/\\\/www.tclp.org\\\/time-of-use-rates\\\/residential\\\/eco-steady\\\/\"}}]}]}]}]},{\"type\":\"section\",\"props\":{\"image_position\":\"center-center\",\"padding_remove_top\":true,\"style\":\"default\",\"title_breakpoint\":\"xl\",\"title_position\":\"top-left\",\"title_rotation\":\"left\",\"vertical_align\":\"middle\",\"width\":\"default\"},\"children\":[{\"type\":\"row\",\"children\":[{\"type\":\"column\",\"props\":{\"image_position\":\"center-center\",\"position_sticky_breakpoint\":\"m\"}}]},{\"type\":\"row\",\"props\":{\"column_gap\":\"collapse\",\"id\":\"toubox\",\"layout\":\"1-2,1-2\"},\"children\":[{\"type\":\"column\",\"props\":{\"css\":\".el-column {\\n    background: #143960;\\n    padding: 60px 30px;\\n}\\n\",\"image_position\":\"center-center\",\"position_sticky_breakpoint\":\"m\",\"width_medium\":\"1-2\"},\"children\":[{\"type\":\"text\",\"props\":{\"column_breakpoint\":\"m\",\"content\":\"\n\n<p>The time-of-use rates are designed not to raise the bill of the average customer. However, if you can shift your electric usage to outside of on-peak hours, you can reduce your electric bills.<\\\/p>\\n\n\n<p>As of December 2025, customers will be transitioned to this rate, Phase-In. If you would like to sign up for the Non-Phased-In rate, contact a customer service representative at <a href=\\\"mailto:customerservice@tclp.org\\\">customerservice@tclp.org<\\\/a> or call <a href=\\\"tel:12319224940\\\">231-922-4940<\\\/a>.<\\\/p>\",\"css\":\".el-element {\\n    color: white;\\n}\\n\\na {\\n    color: white;\\n}\\n\\n\\n\",\"margin\":\"default\"}}]},{\"type\":\"column\",\"props\":{\"css\":\".el-column {\\n    background: #143960;\\n    border-radius: 0px 20px 20px 0px;\\n}\\n\",\"image\":\"wp-content\\\/uploads\\\/2025\\\/09\\\/AdobeStock_187601812-min.jpeg\",\"image_position\":\"center-center\",\"image_size\":\"cover\",\"position_sticky_breakpoint\":\"m\",\"width_medium\":\"1-2\"}}]}]},{\"type\":\"section\",\"props\":{\"image_position\":\"center-center\",\"padding_remove_top\":true,\"style\":\"default\",\"title_breakpoint\":\"xl\",\"title_position\":\"top-left\",\"title_rotation\":\"left\",\"vertical_align\":\"middle\",\"width\":\"default\"},\"children\":[{\"type\":\"row\",\"children\":[{\"type\":\"column\",\"props\":{\"image_position\":\"center-center\",\"position_sticky_breakpoint\":\"m\"},\"children\":[{\"type\":\"headline\",\"props\":{\"content\":\"Rate Breakdown\",\"css\":\".el-element {\\n    color: #143960;\\n}\",\"text_align\":\"center\",\"title_element\":\"h2\",\"title_style\":\"h3\"}},{\"type\":\"text\",\"props\":{\"column_breakpoint\":\"m\",\"content\":\"\n\n<p><strong>PHASE-IN (OVER FOUR YEARS)<\\\/strong><br \\\/>$13.50 per month (plus kilowatt-hour rates below)<br \\\/><em>Off-Peak includes weekends and federal holidays.<\\\/em><\\\/p>\",\"margin\":\"default\",\"text_align\":\"center\"}},{\"type\":\"image\",\"props\":{\"image\":\"wp-content\\\/uploads\\\/2025\\\/10\\\/25-TCLP_Graphs_Eco-Steady-Residential_Phase-In.jpg\",\"image_alt\":\"Residential Eco Steady Phase In pricing graph\",\"image_svg_color\":\"emphasis\",\"image_width\":900,\"margin\":\"default\",\"text_align\":\"center\"}}]}]},{\"type\":\"row\",\"children\":[{\"type\":\"column\",\"props\":{\"image_position\":\"center-center\",\"position_sticky_breakpoint\":\"m\"},\"children\":[{\"type\":\"text\",\"props\":{\"column_breakpoint\":\"m\",\"content\":\"\n\n<p><strong>NON-PHASE-IN<\\\/strong><br \\\/>$13.50 per month (plus kilowatt-hour rates below)<br \\\/><em>Off-Peak includes weekends and federal holidays.<\\\/em><\\\/p>\",\"margin\":\"default\",\"text_align\":\"center\"}},{\"type\":\"image\",\"props\":{\"image\":\"wp-content\\\/uploads\\\/2025\\\/10\\\/25-TCLP_Graphs_Eco-Steady-Residential_Non-Phase-In.jpg\",\"image_alt\":\"Residential Eco Steady Non Phase In pricing graph\",\"image_svg_color\":\"emphasis\",\"image_width\":900,\"margin\":\"default\",\"text_align\":\"center\"}}]}]}]},{\"type\":\"section\",\"props\":{\"image_position\":\"center-center\",\"padding_remove_top\":true,\"style\":\"default\",\"title_breakpoint\":\"xl\",\"title_position\":\"top-left\",\"title_rotation\":\"left\",\"vertical_align\":\"\",\"width\":\"default\"},\"children\":[{\"type\":\"row\",\"children\":[{\"type\":\"column\",\"props\":{\"image_position\":\"center-center\",\"position_sticky_breakpoint\":\"m\"},\"children\":[{\"type\":\"headline\",\"props\":{\"content\":\"Ideas to Maximize Energy Savings\",\"css\":\".el-element {\\n    color: #143960;\\n}\",\"text_align\":\"center\",\"title_element\":\"h2\",\"title_style\":\"h3\"}}]}]},{\"type\":\"row\",\"children\":[{\"type\":\"column\",\"props\":{\"image_position\":\"center-center\",\"position_sticky_breakpoint\":\"m\"},\"children\":[{\"type\":\"headline\",\"props\":{\"content\":\"Upgrade to LED Lighting and Use Natural Light\",\"css\":\".el-element {\\n    color: #143960;\\n    letter-spacing: 0;\\n}\",\"title_element\":\"h3\",\"title_style\":\"h4\"}},{\"type\":\"text\",\"props\":{\"column_breakpoint\":\"m\",\"content\":\"\n\n<p>LED bulbs use up to 75% less energy and last up to 25 times longer than traditional incandescent bulbs. Switching to LED lighting is an easy way to cut down on energy costs while keeping your home well-lit.<\\\/p>\\n\n\n<p>Also, take advantage of daylight hours by opening curtains and letting in natural sunlight. This reduces the need for artificial lighting and can help warm your home naturally.<\\\/p>\",\"margin\":\"default\"}},{\"type\":\"divider\",\"props\":{\"divider_element\":\"hr\",\"margin\":\"medium\"}}]}]},{\"type\":\"row\",\"children\":[{\"type\":\"column\",\"props\":{\"image_position\":\"center-center\",\"position_sticky_breakpoint\":\"m\"},\"children\":[{\"type\":\"headline\",\"props\":{\"content\":\"Schedule Your Temp Settings\",\"css\":\".el-element {\\n    color: #143960;\\n    letter-spacing: 0;\\n}\",\"title_element\":\"h3\",\"title_style\":\"h4\"}},{\"type\":\"text\",\"props\":{\"column_breakpoint\":\"m\",\"content\":\"\n\n<p>To save on heating and cooling, set your smart thermostat to a schedule that minimizes energy use during on-peak hours. For winter, 68-70 degrees is comfortable when you\\u2019re home, and 65 degrees is sufficient when you\\u2019re out.<\\\/p>\",\"margin\":\"default\"}},{\"type\":\"divider\",\"props\":{\"divider_element\":\"hr\",\"margin\":\"medium\"}}]}]},{\"type\":\"row\",\"children\":[{\"type\":\"column\",\"props\":{\"image_position\":\"center-center\",\"position_sticky_breakpoint\":\"m\"},\"children\":[{\"type\":\"headline\",\"props\":{\"content\":\"Save Dish Duty for the Evening\",\"css\":\".el-element {\\n    color: #143960;\\n    letter-spacing: 0;\\n}\",\"title_element\":\"h3\",\"title_style\":\"h4\"}},{\"type\":\"text\",\"props\":{\"column_breakpoint\":\"m\",\"content\":\"\n\n<p>Save money and energy by operating your dishwasher on full loads and during off-peak times. The delay setting is perfect for running it overnight after dinner when rates are lower.<\\\/p>\",\"margin\":\"default\"}},{\"type\":\"divider\",\"props\":{\"divider_element\":\"hr\",\"margin\":\"medium\"}}]}]},{\"type\":\"row\",\"children\":[{\"type\":\"column\",\"props\":{\"image_position\":\"center-center\",\"position_sticky_breakpoint\":\"m\"},\"children\":[{\"type\":\"headline\",\"props\":{\"content\":\"Get Smart Plugs and Strips\",\"css\":\".el-element {\\n    color: #143960;\\n    letter-spacing: 0;\\n}\",\"title_element\":\"h3\",\"title_style\":\"h4\"}},{\"type\":\"text\",\"props\":{\"column_breakpoint\":\"m\",\"content\":\"Modern devices, like phones and TVs, often draw power even when idle.  Use a smart power strip to manage this wasted energy. A smart plug, controlled by your phone, allows you to easily turn off lamps, TVs, printers and game consoles when you\\u2019re not using them.\",\"margin\":\"default\"}},{\"type\":\"divider\",\"props\":{\"divider_element\":\"hr\",\"margin\":\"medium\"}}]}]},{\"type\":\"row\",\"children\":[{\"type\":\"column\",\"props\":{\"image_position\":\"center-center\",\"position_sticky_breakpoint\":\"m\"},\"children\":[{\"type\":\"headline\",\"props\":{\"content\":\"Make Laundry a Weekend Activity\",\"css\":\".el-element {\\n    color: #143960;\\n    letter-spacing: 0;\\n}\",\"title_element\":\"h3\",\"title_style\":\"h4\"}},{\"type\":\"text\",\"props\":{\"column_breakpoint\":\"m\",\"content\":\"Take advantage of weekend off-peak rates to do your laundry. Wash in cold or cool water to save energy (heating water uses a lot!), and fill your dryer, without overstuffing, because small loads use the same energy as large ones. \",\"margin\":\"default\"}},{\"type\":\"divider\",\"props\":{\"divider_element\":\"hr\",\"margin\":\"medium\"}}]}]},{\"type\":\"row\",\"children\":[{\"type\":\"column\",\"props\":{\"image_position\":\"center-center\",\"position_sticky_breakpoint\":\"m\"},\"children\":[{\"type\":\"headline\",\"props\":{\"content\":\"Charge Your Electric Vehicle Overnight\",\"css\":\".el-element {\\n    color: #143960;\\n    letter-spacing: 0;\\n}\",\"title_element\":\"h3\",\"title_style\":\"h4\"}},{\"type\":\"text\",\"props\":{\"column_breakpoint\":\"m\",\"content\":\"Most modern EVs and Level 2 home chargers come with built-in scheduling features. This allows you to plug in your vehicle when you get home, but program it to only begin charging when off-peak rates kick in, often while you're sleeping.\",\"margin\":\"default\"}}]}]}]}],\"version\":\"4.4.17\"} --><\/p>","protected":false},"excerpt":{"rendered":"<p>Residential Eco Steady Eco Champion Eco Steady The time-of-use rates are designed not to raise the bill of the average customer. However, if you can shift your electric usage to outside of on-peak hours, you can reduce your electric bills. As of December 2025, customers will be transitioned to this rate, Phase-In. If you would [&hellip;]<\/p>","protected":false},"author":3,"featured_media":0,"parent":6248,"menu_order":1,"comment_status":"closed","ping_status":"closed","template":"","meta":{"_acf_changed":false,"footnotes":""},"class_list":["post-6318","page","type-page","status-publish","hentry"],"acf":[],"_links":{"self":[{"href":"https:\/\/www.tclp.org\/es\/wp-json\/wp\/v2\/pages\/6318","targetHints":{"allow":["GET"]}}],"collection":[{"href":"https:\/\/www.tclp.org\/es\/wp-json\/wp\/v2\/pages"}],"about":[{"href":"https:\/\/www.tclp.org\/es\/wp-json\/wp\/v2\/types\/page"}],"author":[{"embeddable":true,"href":"https:\/\/www.tclp.org\/es\/wp-json\/wp\/v2\/users\/3"}],"replies":[{"embeddable":true,"href":"https:\/\/www.tclp.org\/es\/wp-json\/wp\/v2\/comments?post=6318"}],"version-history":[{"count":28,"href":"https:\/\/www.tclp.org\/es\/wp-json\/wp\/v2\/pages\/6318\/revisions"}],"predecessor-version":[{"id":6993,"href":"https:\/\/www.tclp.org\/es\/wp-json\/wp\/v2\/pages\/6318\/revisions\/6993"}],"up":[{"embeddable":true,"href":"https:\/\/www.tclp.org\/es\/wp-json\/wp\/v2\/pages\/6248"}],"wp:attachment":[{"href":"https:\/\/www.tclp.org\/es\/wp-json\/wp\/v2\/media?parent=6318"}],"curies":[{"name":"wp","href":"https:\/\/api.w.org\/{rel}","templated":true}]}}