{"id":6662,"date":"2025-09-17T12:18:43","date_gmt":"2025-09-17T16:18:43","guid":{"rendered":"https:\/\/www.tclp.org\/?page_id=6662"},"modified":"2025-09-17T12:41:04","modified_gmt":"2025-09-17T16:41:04","slug":"tc-electric-vehicles-benefits-of-electric-vehicles","status":"publish","type":"page","link":"https:\/\/www.tclp.org\/es\/tc-electric-vehicles-benefits-of-electric-vehicles\/","title":{"rendered":"Beneficios de los veh\u00edculos el\u00e9ctricos"},"content":{"rendered":"<h1>Beneficios de los veh\u00edculos el\u00e9ctricos<\/h1>\n<div>\n<h2>Ahorro de costos y energ\u00eda<\/h2>\n<p>Cambiar a un veh\u00edculo el\u00e9ctrico no solo beneficia al medio ambiente, sino tambi\u00e9n a tu bolsillo. Los veh\u00edculos el\u00e9ctricos cuestan menos combustible, menos mantenimiento y aprovechan mejor la energ\u00eda que los coches tradicionales de gasolina. Para los conductores de Traverse City, estas ventajas se traducen r\u00e1pidamente en ahorros reales y una forma m\u00e1s inteligente de conducir.<\/p>\n<p><strong>Ahorro de combustible: <\/strong>Los veh\u00edculos el\u00e9ctricos son significativamente m\u00e1s econ\u00f3micos de operar que los de gasolina. El conductor promedio de un veh\u00edculo el\u00e9ctrico en Traverse City gasta el equivalente a tan solo $0.75 por gal\u00f3n al cargarlo en casa. Esto se traduce en un gasto de entre dos y tres centavos por milla, en comparaci\u00f3n con los doce y quince centavos por milla de un veh\u00edculo de gasolina. A lo largo de un a\u00f1o, esta diferencia supone un ahorro de cientos de d\u00f3lares solo en combustible.<\/p>\n<p><strong>Ahorros en mantenimiento:<\/strong> Los costos de mantenimiento tambi\u00e9n son mucho menores con un veh\u00edculo el\u00e9ctrico. Dado que los veh\u00edculos el\u00e9ctricos tienen menos piezas m\u00f3viles, los conductores pueden esperar gastar entre un 30 % y un 50 % menos en mantenimiento a lo largo de su vida \u00fatil. Desde menos cambios de aceite hasta un menor desgaste, los ahorros son tanto inmediatos como a largo plazo.<\/p>\n<p><strong>Ahorro de energ\u00eda:<\/strong> Los veh\u00edculos el\u00e9ctricos tambi\u00e9n son m\u00e1s eficientes energ\u00e9ticamente. Utilizan aproximadamente entre el 87 % y el 91 % de la energ\u00eda almacenada en la bater\u00eda, adem\u00e1s del frenado regenerativo, para impulsar el veh\u00edculo. En cambio, los coches de gasolina solo convierten entre el 16 % y el 25 % de la energ\u00eda del combustible en movimiento real. Esto convierte a los veh\u00edculos el\u00e9ctricos en una opci\u00f3n mucho m\u00e1s eficiente y rentable.<\/p>\n<\/div>\n<hr>\n<div>\n<h2>Energ\u00eda local m\u00e1s limpia e inteligente\u00a0<\/h2>\n<p data-start=\"549\" data-end=\"909\">Conducir un veh\u00edculo el\u00e9ctrico es una de las maneras m\u00e1s sencillas de reducir la huella de carbono y contribuir a una comunidad m\u00e1s saludable. Los veh\u00edculos el\u00e9ctricos producen muchas menos emisiones que los veh\u00edculos de gasolina, lo que se traduce en un aire m\u00e1s limpio y menos contaminaci\u00f3n para Traverse City. A medida que TCLP contin\u00faa incorporando m\u00e1s energ\u00eda renovable a la red, los beneficios ambientales de los veh\u00edculos el\u00e9ctricos se intensificar\u00e1n con el tiempo.<\/p>\n<p data-start=\"549\" data-end=\"909\">\n<p data-start=\"1280\" data-end=\"1764\"><strong>Aire m\u00e1s limpio:<\/strong> Cambiar a un veh\u00edculo el\u00e9ctrico significa menos emisiones, aire m\u00e1s limpio y una comunidad m\u00e1s saludable para todos.<\/p>\n<p data-start=\"1280\" data-end=\"1764\"><strong>Reduce tu huella de carbono:<\/strong> El Departamento de Energ\u00eda de EE. UU. estima que un veh\u00edculo el\u00e9ctrico promedio produce solo 1240 kg de di\u00f3xido de carbono al a\u00f1o, en comparaci\u00f3n con los 5600 kg de un veh\u00edculo de gasolina promedio. Es una diferencia enorme, y la ventaja solo aumenta a medida que se conduce m\u00e1s.<\/p>\n<p data-start=\"1280\" data-end=\"1764\"><strong>Un futuro m\u00e1s verde:<\/strong> La ventaja de carbono de los veh\u00edculos el\u00e9ctricos aumenta con el uso y seguir\u00e1 creciendo a medida que la red el\u00e9ctrica se vuelva m\u00e1s limpia con m\u00e1s fuentes de energ\u00eda renovables.<\/p>\n<\/div>\n<hr>\n<div>\n<h2>Incentivos y programas<\/h2>\n<p data-start=\"549\" data-end=\"909\">Reducir el costo de cambiar a un veh\u00edculo el\u00e9ctrico es m\u00e1s f\u00e1cil que nunca. Con los incentivos del TCLP y los cr\u00e9ditos fiscales federales a\u00fan disponibles, los conductores locales pueden ahorrar miles de d\u00f3lares en veh\u00edculos y cargadores. Estos programas est\u00e1n dise\u00f1ados para que el transporte limpio sea accesible y asequible, pero no durar\u00e1n para siempre, as\u00ed que ahora es el mejor momento para aprovecharlos.\u00a0<\/p>\n<p><strong>Incentivo TCLP:<\/strong> TCLP ayuda a hacer m\u00e1s f\u00e1cil la transici\u00f3n a lo el\u00e9ctrico con un incentivo $300 para instalar un cargador de veh\u00edculos el\u00e9ctricos dom\u00e9stico calificado.<\/p>\n<p><strong>Cr\u00e9dito fiscal federal:<\/strong> Los cr\u00e9ditos fiscales federales tambi\u00e9n pueden reducir el costo inicial de la compra de un veh\u00edculo el\u00e9ctrico hasta en $7,500 para un veh\u00edculo nuevo o $4,000 para uno usado. Estos cr\u00e9ditos est\u00e1n disponibles por tiempo limitado y vencen el 30 de septiembre de 2025, as\u00ed que ahora es el momento perfecto para hacer el cambio. <strong>ACT\u00daE AHORA: los cr\u00e9ditos fiscales vencen el 30\/09\/2025. <\/strong>Obtenga m\u00e1s informaci\u00f3n y solicite este cr\u00e9dito fiscal <a href=\"https:\/\/nam04.safelinks.protection.outlook.com\/?url=https%3A%2F%2Fwww.irs.gov%2Fclean-vehicle-tax-credits&amp;data=05%7C02%7Chduell%40tclp.org%7C7fe1f096fb2d42e07e9508ddf20ba484%7C91f3ce5cbc67437aa94020a994bcab68%7C0%7C0%7C638932854001788462%7CUnknown%7CTWFpbGZsb3d8eyJFbXB0eU1hcGkiOnRydWUsIlYiOiIwLjAuMDAwMCIsIlAiOiJXaW4zMiIsIkFOIjoiTWFpbCIsIldUIjoyfQ%3D%3D%7C0%7C%7C%7C&amp;sdata=yCzHh2BZA%2F%2BGFCCKfOACydGEjt8HWg%2Frc6AbncRQyKE%3D&amp;reserved=0\">aqu\u00ed<\/a>.\u00a0<\/p>\n<\/div>\n<p><!--more--><br \/>\n<!-- {\"type\":\"layout\",\"children\":[{\"type\":\"section\",\"props\":{\"image\":\"wp-content\\\/uploads\\\/2023\\\/04\\\/Website-banner-1500-\\u00d7-300-px-1900-\\u00d7-300-px.png\",\"image_position\":\"center-center\",\"media_overlay\":\"rgba(0, 0, 0, 0.4)\",\"style\":\"primary\",\"title_breakpoint\":\"xl\",\"title_position\":\"top-left\",\"title_rotation\":\"left\",\"vertical_align\":\"\",\"width\":\"default\"},\"children\":[{\"type\":\"row\",\"children\":[{\"type\":\"column\",\"props\":{\"image_position\":\"center-center\",\"position_sticky_breakpoint\":\"m\"},\"children\":[{\"type\":\"headline\",\"props\":{\"content\":\"Benefits of Electric Vehicles\",\"title_element\":\"h1\"}}]}]}],\"name\":\"Hero Inner\"},{\"type\":\"section\",\"props\":{\"image_position\":\"center-center\",\"style\":\"default\",\"title_breakpoint\":\"xl\",\"title_position\":\"top-left\",\"title_rotation\":\"left\",\"vertical_align\":\"middle\",\"width\":\"default\"},\"children\":[{\"type\":\"row\",\"children\":[{\"type\":\"column\",\"props\":{\"image_position\":\"center-center\",\"position_sticky_breakpoint\":\"m\"},\"children\":[{\"type\":\"text\",\"props\":{\"column_breakpoint\":\"m\",\"content\":\"\n\n<h2>Cost &amp; Energy Savings<\\\/h2>\\n\n\n<p>Making the switch to an electric vehicle isn\\u2019t just good for the environment\\u2014it\\u2019s good for your wallet too. EVs cost less to fuel, less to maintain, and make better use of the energy you put into them compared to traditional gas-powered cars. For Traverse City drivers, these advantages quickly add up to real savings and a smarter way to drive.<\\\/p>\\n\n\n<p><strong>Fuel Savings: <\\\/strong>Electric vehicles are significantly cheaper to operate than gas-powered cars. The average Traverse City EV driver spends the equivalent of just $0.75 per gallon when charging at home. That translates to about two to three cents per mile, compared to twelve to fifteen cents per mile for a gasoline vehicle. Over the course of a year, this difference adds up to hundreds of dollars in fuel savings alone.<\\\/p>\\n\n\n<p><strong>Maintenance Savings:<\\\/strong> Maintenance costs are also much lower with an EV. Because electric vehicles have fewer moving parts, drivers can expect to spend 30 to 50 percent less on maintenance over the life of the vehicle. From fewer oil changes to reduced wear and tear, the savings are both immediate and long-term.<\\\/p>\\n\n\n<p><strong>Energy Savings:<\\\/strong> EVs are also more energy efficient. They use roughly 87 to 91 percent of the energy stored in the battery\\u2014plus regenerative braking\\u2014to power the vehicle. In contrast, gasoline cars only convert about 16 to 25 percent of the energy from fuel into actual movement. This makes EVs a far more efficient and cost-effective choice.<\\\/p>\",\"margin\":\"default\"}},{\"type\":\"divider\",\"props\":{\"divider_element\":\"hr\"}},{\"type\":\"text\",\"props\":{\"column_breakpoint\":\"m\",\"content\":\"\n\n<h2>Cleaner, Smarter, Local Power\\u00a0<\\\/h2>\\n\n\n<p data-start=\\\"549\\\" data-end=\\\"909\\\">Driving electric is one of the simplest ways to reduce your carbon footprint and support a healthier community. EVs produce far fewer emissions than gasoline vehicles, which means cleaner air and less pollution for Traverse City. As TCLP continues to add more renewable energy to the grid, the environmental benefits of EVs will only grow stronger over time.<\\\/p>\\n\n\n<p data-start=\\\"549\\\" data-end=\\\"909\\\"><\\\/p>\\n\n\n<p data-start=\\\"1280\\\" data-end=\\\"1764\\\"><strong>Cleaner Air:<\\\/strong> Switching to an electric vehicle means lower emissions, cleaner air, and a healthier community for everyone.<\\\/p>\\n\n\n<p data-start=\\\"1280\\\" data-end=\\\"1764\\\"><strong>Reduce your Carbon Footprint:<\\\/strong> The U.S. Department of Energy estimates that the average EV produces just 2,727 pounds of carbon dioxide per year, compared to 12,594 pounds for the average gasoline vehicle. That\\u2019s a massive difference, and the advantage only grows as you drive more.<\\\/p>\\n\n\n<p data-start=\\\"1280\\\" data-end=\\\"1764\\\"><strong>Greener Future:<\\\/strong> The carbon advantage of electric vehicles increases with usage and will continue to grow as the electric grid becomes cleaner with more renewable energy sources.<\\\/p>\",\"margin\":\"default\"}},{\"type\":\"divider\",\"props\":{\"divider_element\":\"hr\"}},{\"type\":\"text\",\"props\":{\"column_breakpoint\":\"m\",\"content\":\"\n\n<h2>Incentives and Programs<\\\/h2>\\n\n\n<p data-start=\\\"549\\\" data-end=\\\"909\\\">Lowering the cost of switching to an EV is easier than ever. With incentives from TCLP and federal tax credits still available, local drivers can save thousands on vehicles and chargers. These programs are designed to make clean transportation accessible and affordable\\u2014but they won\\u2019t last forever, so now is the best time to take advantage.\\u00a0<\\\/p>\\n\n\n<p><strong>TCLP Incentive:<\\\/strong> TCLP helps make the transition to electric easier with a $300 incentive for installing a qualifying home EV charger.<\\\/p>\\n\n\n<p><strong>Federal Tax Credit:<\\\/strong> Federal tax credits can also reduce the upfront cost of buying an EV by up to $7,500 for a new vehicle or $4,000 for a used one. These credits are available for a limited time and will expire on September 30, 2025, so now is the perfect time to make the switch. <strong>ACT NOW: tax credits expire 9\\\/30\\\/2025. <\\\/strong>Learn more and apply for this tax credit <a href=\\\"https:\\\/\\\/nam04.safelinks.protection.outlook.com\\\/?url=https%3A%2F%2Fwww.irs.gov%2Fclean-vehicle-tax-credits&amp;data=05%7C02%7Chduell%40tclp.org%7C7fe1f096fb2d42e07e9508ddf20ba484%7C91f3ce5cbc67437aa94020a994bcab68%7C0%7C0%7C638932854001788462%7CUnknown%7CTWFpbGZsb3d8eyJFbXB0eU1hcGkiOnRydWUsIlYiOiIwLjAuMDAwMCIsIlAiOiJXaW4zMiIsIkFOIjoiTWFpbCIsIldUIjoyfQ%3D%3D%7C0%7C%7C%7C&amp;sdata=yCzHh2BZA%2F%2BGFCCKfOACydGEjt8HWg%2Frc6AbncRQyKE%3D&amp;reserved=0\\\">here<\\\/a>.\\u00a0<\\\/p>\",\"margin\":\"default\"}}]}]}]}],\"version\":\"4.4.17\"} --><\/p>","protected":false},"excerpt":{"rendered":"<p>Benefits of Electric Vehicles Cost &amp; Energy Savings Making the switch to an electric vehicle isn\u2019t just good for the environment\u2014it\u2019s good for your wallet too. EVs cost less to fuel, less to maintain, and make better use of the energy you put into them compared to traditional gas-powered cars. For Traverse City drivers, these [&hellip;]<\/p>","protected":false},"author":3,"featured_media":0,"parent":0,"menu_order":8,"comment_status":"closed","ping_status":"closed","template":"","meta":{"_acf_changed":false,"footnotes":""},"class_list":["post-6662","page","type-page","status-publish","hentry"],"acf":[],"_links":{"self":[{"href":"https:\/\/www.tclp.org\/es\/wp-json\/wp\/v2\/pages\/6662","targetHints":{"allow":["GET"]}}],"collection":[{"href":"https:\/\/www.tclp.org\/es\/wp-json\/wp\/v2\/pages"}],"about":[{"href":"https:\/\/www.tclp.org\/es\/wp-json\/wp\/v2\/types\/page"}],"author":[{"embeddable":true,"href":"https:\/\/www.tclp.org\/es\/wp-json\/wp\/v2\/users\/3"}],"replies":[{"embeddable":true,"href":"https:\/\/www.tclp.org\/es\/wp-json\/wp\/v2\/comments?post=6662"}],"version-history":[{"count":11,"href":"https:\/\/www.tclp.org\/es\/wp-json\/wp\/v2\/pages\/6662\/revisions"}],"predecessor-version":[{"id":6704,"href":"https:\/\/www.tclp.org\/es\/wp-json\/wp\/v2\/pages\/6662\/revisions\/6704"}],"wp:attachment":[{"href":"https:\/\/www.tclp.org\/es\/wp-json\/wp\/v2\/media?parent=6662"}],"curies":[{"name":"wp","href":"https:\/\/api.w.org\/{rel}","templated":true}]}}