{"id":6671,"date":"2025-09-17T09:10:14","date_gmt":"2025-09-17T13:10:06","guid":{"rendered":"https:\/\/www.tclp.org\/?page_id=6671"},"modified":"2025-09-17T13:39:38","modified_gmt":"2025-09-17T17:39:38","slug":"tc-electric-vehicles","status":"publish","type":"page","link":"https:\/\/www.tclp.org\/es\/tc-electric-vehicles\/","title":{"rendered":"Veh\u00edculos el\u00e9ctricos"},"content":{"rendered":"<h1>Veh\u00edculos el\u00e9ctricos<\/h1>\n<div>\n<h2>Con\u00e9ctalo. Conduce limpio. Ahorra m\u00e1s.<\/h2>\n<p>Descubra c\u00f3mo los veh\u00edculos el\u00e9ctricos (VE) pueden ahorrarle dinero, reducir las emisiones y hacer que Traverse City siga avanzando.<\/p>\n<\/div>\n<ul>\n<li>\n<p>        <img decoding=\"async\" src=\"\/wp-content\/uploads\/2025\/09\/My-Clean-Choice-Logo-Draft-1-1.png\" alt=\"\"><\/p>\n<h3>Beneficios de los veh\u00edculos el\u00e9ctricos <\/h3>\n<p><a href=\"https:\/\/www.tclp.org\/es\/tc-electric-vehicles-benefits-of-electric-vehicles\/\">M\u00e1s informaci\u00f3n<\/a><\/p>\n<\/li>\n<li>\n<p>        <img decoding=\"async\" src=\"\/wp-content\/uploads\/2025\/09\/My-Clean-Choice-Logo-Draft-1-6.png\" alt=\"\"><\/p>\n<h3>Incentivos para veh\u00edculos el\u00e9ctricos <\/h3>\n<p><a href=\"https:\/\/www.tclp.org\/es\/tc-electric-vehihttps:\/\/www.tclp.org\/tc-electric-vehicles-electric-vehicle-incentives\/\">Solicite hoy <\/a><\/p>\n<\/li>\n<li>\n<p>        <img decoding=\"async\" src=\"\/wp-content\/uploads\/2025\/09\/DSC_2496.jpg\" alt=\"\"><\/p>\n<h3>Red de carga de veh\u00edculos el\u00e9ctricos<\/h3>\n<p><a href=\"https:\/\/www.tclp.org\/es\/tc-ev-network\/\">Localizar cargadores<\/a><\/p>\n<\/li>\n<li>\n<p>        <img decoding=\"async\" src=\"\/wp-content\/uploads\/2025\/09\/My-Clean-Choice-Logo-Draft-1-2.png\" alt=\"\"><\/p>\n<h3>Mitos sobre los veh\u00edculos el\u00e9ctricos desmentidos <\/h3>\n<p><a href=\"https:\/\/www.tclp.org\/es\/tc-electric-vehttps:\/\/www.tclp.org\/tc-electric-vehicles-electric-vehicle-myths\/\">Descubra m\u00e1s<\/a><\/p>\n<\/li>\n<\/ul>\n<div>\n<h2>Recursos adicionales\u00a0<\/h2>\n<p><strong>EPA \u2013 Veh\u00edculos ecol\u00f3gicos: <\/strong><a href=\"https:\/\/www.epa.gov\/greenvehicles\/learn-about-green-vehicles\">https:\/\/www.epa.gov\/greenvehicles\/learn-about-green-vehicles<\/a><\/p>\n<p><strong>Estado de Michigan \u2013 EV 101: <\/strong><a href=\"https:\/\/southeast-michigan-ev-resource-kit-and-planning-hub-semcog.hub.arcgis.com\/pages\/bf5d4ff8a5ac4e1fac3fd6e87f078762\">https:\/\/southeast-michigan-ev-resource-kit-and-planning-hub-semcog.hub.arcgis.com\/pages\/bf5d4ff8a5ac4e1fac3fd6e87f078762<\/a><\/p>\n<p><strong>Mapa de carga de Plugshare<\/strong>: <a href=\"https:\/\/www.plugshare.com\/\">https:\/\/www.plugshare.com\/<\/a><\/p>\n<p><strong>Plugstar \u2013 Gu\u00eda del comprador de veh\u00edculos el\u00e9ctricos<\/strong>: <a href=\"https:\/\/plugstar.com\/\">https:\/\/plugstar.com\/<\/a><\/p>\n<\/div>\n<p><!--more--><br \/>\n<!-- {\"type\":\"layout\",\"children\":[{\"type\":\"section\",\"props\":{\"image\":\"wp-content\\\/uploads\\\/2023\\\/04\\\/Website-banner-1500-\\u00d7-300-px-1900-\\u00d7-300-px.png\",\"image_position\":\"center-center\",\"media_overlay\":\"rgba(0, 0, 0, 0.4)\",\"style\":\"primary\",\"title_breakpoint\":\"xl\",\"title_position\":\"top-left\",\"title_rotation\":\"left\",\"vertical_align\":\"\",\"width\":\"default\"},\"children\":[{\"type\":\"row\",\"children\":[{\"type\":\"column\",\"props\":{\"image_position\":\"center-center\",\"position_sticky_breakpoint\":\"m\"},\"children\":[{\"type\":\"headline\",\"props\":{\"content\":\"Electric Vehicles\",\"title_element\":\"h1\"}}]}]}],\"name\":\"Hero Inner\"},{\"type\":\"section\",\"props\":{\"image_position\":\"center-center\",\"style\":\"default\",\"title_breakpoint\":\"xl\",\"title_position\":\"top-left\",\"title_rotation\":\"left\",\"vertical_align\":\"middle\",\"width\":\"default\"},\"children\":[{\"type\":\"row\",\"children\":[{\"type\":\"column\",\"props\":{\"image_position\":\"center-center\",\"position_sticky_breakpoint\":\"m\"},\"children\":[{\"type\":\"text\",\"props\":{\"column_breakpoint\":\"m\",\"content\":\"\n\n<h2>Plug In. Drive Clean. Save More.<\\\/h2>\\n\n\n<p>Learn how electric vehicles (EVs) can save you money, reduce emissions, and keep Traverse City moving forward.<\\\/p>\",\"margin\":\"default\"}}]}]}]},{\"type\":\"section\",\"props\":{\"image_position\":\"center-center\",\"overlap\":false,\"preserve_color\":false,\"style\":\"primary\",\"title_breakpoint\":\"xl\",\"title_position\":\"top-left\",\"title_rotation\":\"left\",\"vertical_align\":\"middle\",\"width\":\"default\"},\"children\":[{\"type\":\"row\",\"children\":[{\"type\":\"column\",\"props\":{\"image_position\":\"center-center\",\"position_sticky_breakpoint\":\"m\"},\"children\":[{\"type\":\"grid\",\"props\":{\"content_align\":false,\"content_column_breakpoint\":\"m\",\"filter_align\":\"left\",\"filter_all\":true,\"filter_grid_breakpoint\":\"m\",\"filter_grid_width\":\"auto\",\"filter_position\":\"top\",\"filter_style\":\"tab\",\"grid_default\":\"4\",\"grid_medium\":\"4\",\"icon_width\":\"80\",\"image_align\":\"top\",\"image_border\":\"circle\",\"image_grid_breakpoint\":\"m\",\"image_grid_width\":\"1-2\",\"image_height\":\"350 \",\"image_svg_color\":\"emphasis\",\"image_width\":\"350\",\"item_animation\":true,\"link_style\":\"default\",\"link_text\":\"Read more\",\"margin\":\"default\",\"meta_align\":\"below-title\",\"meta_element\":\"div\",\"meta_style\":\"text-meta\",\"panel_padding\":\"small\",\"show_content\":true,\"show_image\":true,\"show_link\":true,\"show_meta\":true,\"show_title\":true,\"title_align\":\"top\",\"title_element\":\"h3\",\"title_grid_breakpoint\":\"m\",\"title_grid_width\":\"1-2\",\"title_hover_style\":\"reset\",\"title_style\":\"h3\"},\"children\":[{\"type\":\"grid_item\",\"props\":{\"image\":\"wp-content\\\/uploads\\\/2025\\\/09\\\/My-Clean-Choice-Logo-Draft-1-1.png\",\"link\":\"https:\\\/\\\/www.tclp.org\\\/tc-electric-vehicles-benefits-of-electric-vehicles\\\/\",\"link_text\":\"Learn more\",\"title\":\"Benefits of Electric Vehicles \"}},{\"type\":\"grid_item\",\"props\":{\"image\":\"wp-content\\\/uploads\\\/2025\\\/09\\\/My-Clean-Choice-Logo-Draft-1-6.png\",\"link\":\"https:\\\/\\\/www.tclp.org\\\/tc-electric-vehihttps:\\\/\\\/www.tclp.org\\\/tc-electric-vehicles-electric-vehicle-incentives\\\/\",\"link_text\":\"Apply Today \",\"title\":\"Electric Vehicle Incentives \"}},{\"type\":\"grid_item\",\"props\":{\"image\":\"wp-content\\\/uploads\\\/2025\\\/09\\\/DSC_2496.jpg\",\"link\":\"https:\\\/\\\/www.tclp.org\\\/tc-ev-network\\\/\",\"link_text\":\"Locate Chargers\",\"title\":\"Electric Vehicle Charging Network\"}},{\"type\":\"grid_item\",\"props\":{\"image\":\"wp-content\\\/uploads\\\/2025\\\/09\\\/My-Clean-Choice-Logo-Draft-1-2.png\",\"link\":\"https:\\\/\\\/www.tclp.org\\\/tc-electric-vehttps:\\\/\\\/www.tclp.org\\\/tc-electric-vehicles-electric-vehicle-myths\\\/\",\"link_text\":\"Discover more\",\"title\":\"Electric Vehicle Myths Debunked \"}}]}]}]}]},{\"type\":\"section\",\"props\":{\"image_position\":\"center-center\",\"style\":\"default\",\"title_breakpoint\":\"xl\",\"title_position\":\"top-left\",\"title_rotation\":\"left\",\"vertical_align\":\"middle\",\"width\":\"default\"},\"children\":[{\"type\":\"row\",\"children\":[{\"type\":\"column\",\"props\":{\"image_position\":\"center-center\",\"position_sticky_breakpoint\":\"m\"},\"children\":[{\"type\":\"text\",\"props\":{\"column_breakpoint\":\"m\",\"content\":\"\n\n<h2>Additional Resources\\u00a0<\\\/h2>\\n\n\n<p><strong>EPA \\u2013 Green Vehicles: <\\\/strong><a href=\\\"https:\\\/\\\/www.epa.gov\\\/greenvehicles\\\/learn-about-green-vehicles\\\">https:\\\/\\\/www.epa.gov\\\/greenvehicles\\\/learn-about-green-vehicles<\\\/a><\\\/p>\\n\n\n<p><strong>State of Michigan \\u2013 EV 101: <\\\/strong><a href=\\\"https:\\\/\\\/southeast-michigan-ev-resource-kit-and-planning-hub-semcog.hub.arcgis.com\\\/pages\\\/bf5d4ff8a5ac4e1fac3fd6e87f078762\\\">https:\\\/\\\/southeast-michigan-ev-resource-kit-and-planning-hub-semcog.hub.arcgis.com\\\/pages\\\/bf5d4ff8a5ac4e1fac3fd6e87f078762<\\\/a><\\\/p>\\n\n\n<p><strong>Plugshare Charging Map<\\\/strong>: <a href=\\\"https:\\\/\\\/www.plugshare.com\\\/\\\">https:\\\/\\\/www.plugshare.com\\\/<\\\/a><\\\/p>\\n\n\n<p><strong>Plugstar \\u2013 EV Buyers Guide<\\\/strong>: <a href=\\\"https:\\\/\\\/plugstar.com\\\/\\\">https:\\\/\\\/plugstar.com\\\/<\\\/a><\\\/p>\",\"margin\":\"default\"}}]}]}]}],\"version\":\"4.4.17\"} --><\/p>","protected":false},"excerpt":{"rendered":"<p>Electric Vehicles Plug In. Drive Clean. Save More. Learn how electric vehicles (EVs) can save you money, reduce emissions, and keep Traverse City moving forward. Benefits of Electric Vehicles Learn more Electric Vehicle Incentives Apply Today Electric Vehicle Charging Network Locate Chargers Electric Vehicle Myths Debunked Discover more Additional Resources\u00a0 EPA \u2013 Green Vehicles: https:\/\/www.epa.gov\/greenvehicles\/learn-about-green-vehicles [&hellip;]<\/p>","protected":false},"author":3,"featured_media":0,"parent":0,"menu_order":8,"comment_status":"closed","ping_status":"closed","template":"","meta":{"_acf_changed":false,"footnotes":""},"class_list":["post-6671","page","type-page","status-publish","hentry"],"acf":[],"_links":{"self":[{"href":"https:\/\/www.tclp.org\/es\/wp-json\/wp\/v2\/pages\/6671","targetHints":{"allow":["GET"]}}],"collection":[{"href":"https:\/\/www.tclp.org\/es\/wp-json\/wp\/v2\/pages"}],"about":[{"href":"https:\/\/www.tclp.org\/es\/wp-json\/wp\/v2\/types\/page"}],"author":[{"embeddable":true,"href":"https:\/\/www.tclp.org\/es\/wp-json\/wp\/v2\/users\/3"}],"replies":[{"embeddable":true,"href":"https:\/\/www.tclp.org\/es\/wp-json\/wp\/v2\/comments?post=6671"}],"version-history":[{"count":12,"href":"https:\/\/www.tclp.org\/es\/wp-json\/wp\/v2\/pages\/6671\/revisions"}],"predecessor-version":[{"id":6716,"href":"https:\/\/www.tclp.org\/es\/wp-json\/wp\/v2\/pages\/6671\/revisions\/6716"}],"wp:attachment":[{"href":"https:\/\/www.tclp.org\/es\/wp-json\/wp\/v2\/media?parent=6671"}],"curies":[{"name":"wp","href":"https:\/\/api.w.org\/{rel}","templated":true}]}}