{"id":6682,"date":"2025-09-17T12:18:58","date_gmt":"2025-09-17T16:18:58","guid":{"rendered":"https:\/\/www.tclp.org\/?page_id=6682"},"modified":"2025-09-17T12:18:58","modified_gmt":"2025-09-17T16:18:58","slug":"tc-electric-vehicles-electric-vehicle-myths","status":"publish","type":"page","link":"https:\/\/www.tclp.org\/es\/tc-electric-vehicles-electric-vehicle-myths\/","title":{"rendered":"Electric Vehicle Myths"},"content":{"rendered":"<h1>Mitos sobre los veh\u00edculos el\u00e9ctricos desmentidos<\/h1>\n<div>\n<h2>La verdad detr\u00e1s de los veh\u00edculos el\u00e9ctricos\u00a0<\/h2>\n<\/p>\n<\/div>\n<ul>\n<li>\n<h3>Mito: Los veh\u00edculos el\u00e9ctricos son peores para el clima que los autom\u00f3viles de gasolina debido a las emisiones de sus centrales el\u00e9ctricas.<\/h3>\n<div>\n<p><strong>Hecho: <\/strong>Los veh\u00edculos el\u00e9ctricos (VE) suelen tener una menor huella de carbono que los de gasolina, incluso considerando la electricidad utilizada para la carga, y adem\u00e1s son mucho m\u00e1s eficientes en el consumo de energ\u00eda. Una ventaja significativa de los VE en comparaci\u00f3n con los veh\u00edculos de gasolina convencionales es su eficiencia energ\u00e9tica. Los VE utilizan aproximadamente entre 871 y 911 TP\u00b3T de la energ\u00eda de la bater\u00eda y el frenado regenerativo para impulsar el veh\u00edculo. Los veh\u00edculos de gasolina solo convierten entre 16 y 251 TP\u00b3T de la energ\u00eda de la gasolina en movimiento (en promedio, en carretera y ciudad).<\/p>\n<\/div>\n<\/li>\n<li>\n<h3>Mito: Cargar es un inconveniente.<\/h3>\n<div>\n<p><strong>Hecho<\/strong>La gran mayor\u00eda de las cargas se realizan en casa durante la noche. Para viajes m\u00e1s largos, la red de cargadores r\u00e1pidos p\u00fablicos es extensa y est\u00e1 creciendo r\u00e1pidamente.<\/p>\n<\/div>\n<\/li>\n<li>\n<h3>Mito: Los veh\u00edculos el\u00e9ctricos no tienen suficiente autonom\u00eda.<\/h3>\n<div>\n<p><strong>Hecho: <\/strong>La mayor\u00eda de los veh\u00edculos el\u00e9ctricos m\u00e1s nuevos pueden recorrer entre 250 y 300 millas con una sola carga, suficiente para la conducci\u00f3n diaria.<\/p>\n<\/div>\n<\/li>\n<li>\n<h3>Mito: Los veh\u00edculos el\u00e9ctricos son demasiado caros.<\/h3>\n<div>\n<p><strong>Hecho: <\/strong>Los precios est\u00e1n bajando y, con los ahorros en combustible y mantenimiento, el costo total de propiedad suele ser menor que el de los autos a gasolina.<\/p>\n<\/div>\n<\/li>\n<li>\n<h3>Mito: Los veh\u00edculos el\u00e9ctricos son peores para el clima que los autom\u00f3viles de gasolina debido a la fabricaci\u00f3n de bater\u00edas.<\/h3>\n<div>\n<p><strong>Hecho:<\/strong> Las emisiones de gases de efecto invernadero asociadas a un veh\u00edculo el\u00e9ctrico a lo largo de su vida \u00fatil suelen ser inferiores a las de un veh\u00edculo promedio impulsado con gasolina, incluso si se tiene en cuenta la fabricaci\u00f3n.<\/p>\n<\/div>\n<\/li>\n<\/ul>\n<p><!--more--><br \/>\n<!-- {\"type\":\"layout\",\"children\":[{\"type\":\"section\",\"props\":{\"image\":\"wp-content\\\/uploads\\\/2023\\\/04\\\/Website-banner-1500-\\u00d7-300-px-1900-\\u00d7-300-px.png\",\"image_position\":\"center-center\",\"media_overlay\":\"rgba(0, 0, 0, 0.4)\",\"style\":\"primary\",\"title_breakpoint\":\"xl\",\"title_position\":\"top-left\",\"title_rotation\":\"left\",\"vertical_align\":\"\",\"width\":\"default\"},\"children\":[{\"type\":\"row\",\"children\":[{\"type\":\"column\",\"props\":{\"image_position\":\"center-center\",\"position_sticky_breakpoint\":\"m\"},\"children\":[{\"type\":\"headline\",\"props\":{\"content\":\"Electric Vehicle Myths Debunked\",\"title_element\":\"h1\"}}]}]}],\"name\":\"Hero Inner\"},{\"type\":\"section\",\"props\":{\"image_position\":\"center-center\",\"style\":\"default\",\"title_breakpoint\":\"xl\",\"title_position\":\"top-left\",\"title_rotation\":\"left\",\"vertical_align\":\"middle\",\"width\":\"default\"},\"children\":[{\"type\":\"row\",\"children\":[{\"type\":\"column\",\"props\":{\"image_position\":\"center-center\",\"position_sticky_breakpoint\":\"m\"},\"children\":[{\"type\":\"text\",\"props\":{\"column_breakpoint\":\"m\",\"content\":\"\n\n<h2>The truth behind EVs\\u00a0<\\\/h2>\\n\n\n<p><\\\/p>\",\"margin\":\"default\"}},{\"type\":\"accordion\",\"props\":{\"collapsible\":true,\"content_column_breakpoint\":\"m\",\"image_align\":\"top\",\"image_grid_breakpoint\":\"m\",\"image_grid_width\":\"1-2\",\"image_svg_color\":\"emphasis\",\"link_style\":\"default\",\"link_text\":\"Read more\",\"show_image\":true,\"show_link\":true},\"children\":[{\"type\":\"accordion_item\",\"props\":{\"content\":\"\n\n<p><strong>Fact: <\\\/strong>Electric vehicles (EVs) typically have a smaller carbon footprint than gasoline cars, even when accounting for the electricity used for charging, plus they are far more efficient when it comes to energy use. A significant advantage of EVs compared to conventional gasoline vehicles is their energy efficiency. EVs use approximately 87%\\u201391% of the energy from the battery and regenerative braking to propel the vehicle. Gasoline vehicles only convert about 16\\u201325% of the energy from gasoline into movement (averaging highway and city driving).<\\\/p>\",\"title\":\"Myth: Electric vehicles are worse for the climate than gasoline cars because of power plant emissions.\"}},{\"type\":\"accordion_item\",\"props\":{\"content\":\"\n\n<p><strong>Fact<\\\/strong>: The vast majority of charging happens at home overnight. For longer trips, the network of public fast chargers is large and growing quickly.<\\\/p>\",\"title\":\"Myth: Charging is inconvenient.\"}},{\"type\":\"accordion_item\",\"props\":{\"content\":\"\n\n<p><strong>Fact: <\\\/strong>Most newer EVs can travel 250-300 miles on a single charge, plenty for daily driving.<\\\/p>\",\"title\":\"Myth: EVs don\\u2019t have enough range.\"}},{\"type\":\"accordion_item\",\"props\":{\"content\":\"\n\n<p><strong>Fact: <\\\/strong>Prices are dropping, and with fuel\\\/maintenance savings, total cost of ownership is often lower than gas cars.<\\\/p>\",\"title\":\"Myth: EVs are too expensive.\"}},{\"type\":\"accordion_item\",\"props\":{\"content\":\"\n\n<p><strong>Fact:<\\\/strong> The greenhouse gas emissions associated with an electric vehicle over its lifetime are typically lower than those from an average gasoline-powered vehicle, even when accounting for manufacturing.<\\\/p>\",\"title\":\"Myth: Electric vehicles are worse for the climate than gasoline cars because of battery manufacturing.\"}}]}]}]}]}],\"version\":\"4.4.17\"} --><\/p>","protected":false},"excerpt":{"rendered":"<p>Electric Vehicle Myths Debunked The truth behind EVs\u00a0 Myth: Electric vehicles are worse for the climate than gasoline cars because of power plant emissions. Fact: Electric vehicles (EVs) typically have a smaller carbon footprint than gasoline cars, even when accounting for the electricity used for charging, plus they are far more efficient when it comes [&hellip;]<\/p>","protected":false},"author":3,"featured_media":0,"parent":0,"menu_order":8,"comment_status":"closed","ping_status":"closed","template":"","meta":{"_acf_changed":false,"footnotes":""},"class_list":["post-6682","page","type-page","status-publish","hentry"],"acf":[],"_links":{"self":[{"href":"https:\/\/www.tclp.org\/es\/wp-json\/wp\/v2\/pages\/6682","targetHints":{"allow":["GET"]}}],"collection":[{"href":"https:\/\/www.tclp.org\/es\/wp-json\/wp\/v2\/pages"}],"about":[{"href":"https:\/\/www.tclp.org\/es\/wp-json\/wp\/v2\/types\/page"}],"author":[{"embeddable":true,"href":"https:\/\/www.tclp.org\/es\/wp-json\/wp\/v2\/users\/3"}],"replies":[{"embeddable":true,"href":"https:\/\/www.tclp.org\/es\/wp-json\/wp\/v2\/comments?post=6682"}],"version-history":[{"count":3,"href":"https:\/\/www.tclp.org\/es\/wp-json\/wp\/v2\/pages\/6682\/revisions"}],"predecessor-version":[{"id":6691,"href":"https:\/\/www.tclp.org\/es\/wp-json\/wp\/v2\/pages\/6682\/revisions\/6691"}],"wp:attachment":[{"href":"https:\/\/www.tclp.org\/es\/wp-json\/wp\/v2\/media?parent=6682"}],"curies":[{"name":"wp","href":"https:\/\/api.w.org\/{rel}","templated":true}]}}