{"id":6696,"date":"2025-09-17T12:33:06","date_gmt":"2025-09-17T16:33:06","guid":{"rendered":"https:\/\/www.tclp.org\/?page_id=6696"},"modified":"2025-09-17T12:58:34","modified_gmt":"2025-09-17T16:58:34","slug":"tc-electric-vehicles-electric-vehicle-incentives","status":"publish","type":"page","link":"https:\/\/www.tclp.org\/es\/tc-electric-vehicles-electric-vehicle-incentives\/","title":{"rendered":"Electric Vehicles Incentives"},"content":{"rendered":"<h1>Incentivos para veh\u00edculos el\u00e9ctricos<\/h1>\n<div>\n<h2>Incentivos y programas<\/h2>\n<p data-start=\"549\" data-end=\"909\">Reducir el costo de cambiar a un veh\u00edculo el\u00e9ctrico es m\u00e1s f\u00e1cil que nunca. Con los incentivos del TCLP y los cr\u00e9ditos fiscales federales a\u00fan disponibles, los conductores locales pueden ahorrar miles de d\u00f3lares en veh\u00edculos y cargadores. Estos programas est\u00e1n dise\u00f1ados para que el transporte limpio sea accesible y asequible, pero no durar\u00e1n para siempre, as\u00ed que ahora es el mejor momento para aprovecharlos.\u00a0<\/p>\n<\/div>\n<div>\n<p>        <img decoding=\"async\" src=\"\/wp-content\/uploads\/2025\/09\/DSC_2496.jpg\" alt=\"\"><\/p>\n<div>\n<h2 style=\"text-align: left;\"><strong>Incentivo TCLP $300<\/strong><\/h2>\n<p style=\"text-align: left;\"><span>TCLP ayuda a hacer m\u00e1s f\u00e1cil la transici\u00f3n a lo el\u00e9ctrico con un incentivo $300 para instalar un cargador de veh\u00edculos el\u00e9ctricos dom\u00e9stico calificado.<\/span><\/p>\n<\/div>\n<p><a href=\"https:\/\/outreach.tclp.org\/mccri\/apply\">Aplicar aqu\u00ed<\/a><\/p>\n<\/div>\n<div>\n<p>        <img decoding=\"async\" src=\"\/wp-content\/uploads\/2025\/09\/99-ford-vw-shared-platform-crossover-render.webp\" alt=\"\"><\/p>\n<div>\n<h2 style=\"text-align: left;\"><strong>Hasta $7,500 <\/strong><strong>Cr\u00e9dito fiscal federal<\/strong><\/h2>\n<p style=\"text-align: left;\"><span>Los cr\u00e9ditos fiscales federales tambi\u00e9n pueden reducir el costo inicial de la compra de un veh\u00edculo el\u00e9ctrico hasta en $7,500 para un veh\u00edculo nuevo o $4,000 para uno usado. Estos cr\u00e9ditos est\u00e1n disponibles por tiempo limitado y vencen el 30 de septiembre de 2025, as\u00ed que ahora es el momento perfecto para hacer el cambio.\u00a0<\/span><strong>ACT\u00daE AHORA: los cr\u00e9ditos fiscales vencen el 30\/09\/2025.<span>\u00a0<\/span><\/strong><\/p>\n<\/div>\n<p><a href=\"https:\/\/www.irs.gov\/clean-vehicle-tax-credits\">Aplicar aqu\u00ed<\/a><\/p>\n<\/div>\n<p><!--more--><br \/>\n<!-- {\"type\":\"layout\",\"children\":[{\"type\":\"section\",\"props\":{\"image\":\"wp-content\\\/uploads\\\/2023\\\/04\\\/Website-banner-1500-\\u00d7-300-px-1900-\\u00d7-300-px.png\",\"image_position\":\"center-center\",\"media_overlay\":\"rgba(0, 0, 0, 0.4)\",\"style\":\"primary\",\"title_breakpoint\":\"xl\",\"title_position\":\"top-left\",\"title_rotation\":\"left\",\"vertical_align\":\"\",\"width\":\"default\"},\"children\":[{\"type\":\"row\",\"children\":[{\"type\":\"column\",\"props\":{\"image_position\":\"center-center\",\"position_sticky_breakpoint\":\"m\"},\"children\":[{\"type\":\"headline\",\"props\":{\"content\":\"Electric Vehicle Incentives\",\"title_element\":\"h1\"}}]}]}],\"name\":\"Hero Inner\"},{\"type\":\"section\",\"props\":{\"image_position\":\"center-center\",\"padding\":\"small\",\"style\":\"default\",\"title_breakpoint\":\"xl\",\"title_position\":\"top-left\",\"title_rotation\":\"left\",\"vertical_align\":\"middle\",\"width\":\"default\"},\"children\":[{\"type\":\"row\",\"children\":[{\"type\":\"column\",\"props\":{\"image_position\":\"center-center\",\"position_sticky_breakpoint\":\"m\"},\"children\":[{\"type\":\"text\",\"props\":{\"column_breakpoint\":\"m\",\"content\":\"\n\n<h2>Incentives and Programs<\\\/h2>\\n\n\n<p data-start=\\\"549\\\" data-end=\\\"909\\\">Lowering the cost of switching to an EV is easier than ever. With incentives from TCLP and federal tax credits still available, local drivers can save thousands on vehicles and chargers. These programs are designed to make clean transportation accessible and affordable\\u2014but they won\\u2019t last forever, so now is the best time to take advantage.\\u00a0<\\\/p>\",\"margin\":\"default\"}}]}]}]},{\"type\":\"section\",\"props\":{\"image_position\":\"center-center\",\"padding\":\"xsmall\",\"style\":\"default\",\"title_breakpoint\":\"xl\",\"title_position\":\"top-left\",\"title_rotation\":\"left\",\"vertical_align\":\"middle\",\"width\":\"default\"},\"children\":[{\"type\":\"row\",\"props\":{\"layout\":\"1-2,1-2\"},\"children\":[{\"type\":\"column\",\"props\":{\"image_position\":\"center-center\",\"position_sticky_breakpoint\":\"m\",\"width_medium\":\"1-2\"},\"children\":[{\"type\":\"overlay\",\"props\":{\"content\":\"\n\n<h2 style=\\\"text-align: left;\\\"><strong>$300 TCLP Incentive<\\\/strong><\\\/h2>\\n\n\n<p style=\\\"text-align: left;\\\"><span>TCLP helps make the transition to electric easier with a $300 incentive for installing a qualifying home EV charger.<\\\/span><\\\/p>\",\"image\":\"wp-content\\\/uploads\\\/2025\\\/09\\\/DSC_2496.jpg\",\"image_height\":550,\"image_width\":550,\"link\":\"https:\\\/\\\/outreach.tclp.org\\\/mccri\\\/apply\",\"link_style\":\"primary\",\"link_text\":\"Apply Here\",\"margin\":\"default\",\"meta_align\":\"below-title\",\"meta_element\":\"div\",\"meta_style\":\"text-meta\",\"overlay_hover\":false,\"overlay_mode\":\"cover\",\"overlay_position\":\"center-left\",\"overlay_style\":\"overlay-primary\",\"overlay_transition\":\"fade\",\"text_align\":\"center\",\"text_color\":\"light\",\"title_element\":\"h3\",\"title_hover_style\":\"reset\"}}]},{\"type\":\"column\",\"props\":{\"image_position\":\"center-center\",\"position_sticky_breakpoint\":\"m\",\"width_medium\":\"1-2\"},\"children\":[{\"type\":\"overlay\",\"props\":{\"content\":\"\n\n<h2 style=\\\"text-align: left;\\\"><strong>Up to $7,500 <\\\/strong><strong>Federal Tax Credit<\\\/strong><\\\/h2>\\n\n\n<p style=\\\"text-align: left;\\\"><span>Federal tax credits can also reduce the upfront cost of buying an EV by up to $7,500 for a new vehicle or $4,000 for a used one. These credits are available for a limited time and will expire on September 30, 2025, so now is the perfect time to make the switch.\\u00a0<\\\/span><strong>ACT NOW: tax credits expire 9\\\/30\\\/2025.<span>\\u00a0<\\\/span><\\\/strong><\\\/p>\",\"image\":\"wp-content\\\/uploads\\\/2025\\\/09\\\/99-ford-vw-shared-platform-crossover-render.webp\",\"image_height\":550,\"image_width\":550,\"link\":\"https:\\\/\\\/www.irs.gov\\\/clean-vehicle-tax-credits\",\"link_style\":\"primary\",\"link_text\":\"Apply Here\",\"margin\":\"default\",\"meta_align\":\"below-title\",\"meta_element\":\"div\",\"meta_style\":\"text-meta\",\"overlay_hover\":false,\"overlay_mode\":\"cover\",\"overlay_position\":\"center-left\",\"overlay_style\":\"overlay-primary\",\"overlay_transition\":\"fade\",\"overlay_transition_background\":true,\"text_align\":\"center\",\"text_color\":\"light\",\"title_element\":\"h3\",\"title_hover_style\":\"reset\"}}]}]}]}],\"version\":\"4.4.17\"} --><\/p>","protected":false},"excerpt":{"rendered":"<p>Electric Vehicle Incentives Incentives and Programs Lowering the cost of switching to an EV is easier than ever. With incentives from TCLP and federal tax credits still available, local drivers can save thousands on vehicles and chargers. These programs are designed to make clean transportation accessible and affordable\u2014but they won\u2019t last forever, so now is [&hellip;]<\/p>","protected":false},"author":3,"featured_media":0,"parent":0,"menu_order":8,"comment_status":"closed","ping_status":"closed","template":"","meta":{"_acf_changed":false,"footnotes":""},"class_list":["post-6696","page","type-page","status-publish","hentry"],"acf":[],"_links":{"self":[{"href":"https:\/\/www.tclp.org\/es\/wp-json\/wp\/v2\/pages\/6696","targetHints":{"allow":["GET"]}}],"collection":[{"href":"https:\/\/www.tclp.org\/es\/wp-json\/wp\/v2\/pages"}],"about":[{"href":"https:\/\/www.tclp.org\/es\/wp-json\/wp\/v2\/types\/page"}],"author":[{"embeddable":true,"href":"https:\/\/www.tclp.org\/es\/wp-json\/wp\/v2\/users\/3"}],"replies":[{"embeddable":true,"href":"https:\/\/www.tclp.org\/es\/wp-json\/wp\/v2\/comments?post=6696"}],"version-history":[{"count":5,"href":"https:\/\/www.tclp.org\/es\/wp-json\/wp\/v2\/pages\/6696\/revisions"}],"predecessor-version":[{"id":6708,"href":"https:\/\/www.tclp.org\/es\/wp-json\/wp\/v2\/pages\/6696\/revisions\/6708"}],"wp:attachment":[{"href":"https:\/\/www.tclp.org\/es\/wp-json\/wp\/v2\/media?parent=6696"}],"curies":[{"name":"wp","href":"https:\/\/api.w.org\/{rel}","templated":true}]}}