{"id":7125,"date":"2025-10-22T09:28:01","date_gmt":"2025-10-22T13:28:01","guid":{"rendered":"https:\/\/www.tclp.org\/community-investment-fund-our-awahttps-www-tclp-org-wp-admin-admin-phppagenestedpagessearchinline-editrdees-20-21-awardees-2\/"},"modified":"2025-10-22T11:42:15","modified_gmt":"2025-10-22T15:42:15","slug":"community-investment-fund-21-22-awardees","status":"publish","type":"page","link":"https:\/\/www.tclp.org\/es\/community-investment-fund-21-22-awardees\/","title":{"rendered":"Our Awardees FY 2021\/2022"},"content":{"rendered":"<h1>Premiados del a\u00f1o fiscal 2021\/2022<\/h1>\n<div>\n<h2>Proyecto Discovery Pier<\/h2>\n<ul>\n<li><strong>Cantidad donada:<\/strong> $10,000<\/li>\n<li><strong>Descripci\u00f3n del proyecto:<\/strong> Transformar el antiguo muelle de carb\u00f3n de Traverse City en un parque p\u00fablico sin barreras y un centro para que las entidades educativas y sin fines de lucro ofrezcan programaci\u00f3n.<\/li>\n<li><strong>\u00c1rea de enfoque: <\/strong>Programas educativos relacionados con el desarrollo comunitario y la energ\u00eda\u00a0<\/li>\n<\/ul>\n<\/div>\n<div>\n<h2>H\u00e1bitat para la Humanidad\u00a0<\/h2>\n<ul>\n<li><strong>Cantidad donada:<\/strong> $10,000<\/li>\n<li><strong>Descripci\u00f3n del proyecto:<\/strong> Ayudar a los clientes de TCLP con reparaciones prioritarias del hogar seguras y asequibles\u00a0<\/li>\n<li><strong>\u00c1rea de enfoque:<\/strong> Desarrollo comunitario\u00a0<\/li>\n<\/ul>\n<\/div>\n<div>\n<h2>Colinas de Hickery\u00a0<\/h2>\n<ul>\n<li><strong>Cantidad donada:<\/strong><span>\u00a0<\/span>$28,465<\/li>\n<li><strong>Descripci\u00f3n del proyecto: <\/strong>Costos de cableado para la producci\u00f3n de nieve artificial para respaldar la expansi\u00f3n de la producci\u00f3n de nieve artificial y la iluminaci\u00f3n LED<\/li>\n<li><strong>\u00c1rea de enfoque:<span>\u00a0<\/span><\/strong>Desarrollo comunitario\u00a0<\/li>\n<\/ul>\n<\/div>\n<p><!--more--><br \/>\n<!-- {\"type\":\"layout\",\"children\":[{\"type\":\"section\",\"props\":{\"image\":\"wp-content\\\/uploads\\\/2025\\\/10\\\/Website-banner-1900-\\u00d7-300-px-3.jpg\",\"image_position\":\"top-left\",\"media_focal_point\":\"center-left\",\"media_overlay\":\"rgba(0, 0, 0, 0.4)\",\"style\":\"primary\",\"title_breakpoint\":\"xl\",\"title_position\":\"top-left\",\"title_rotation\":\"left\",\"vertical_align\":\"\",\"width\":\"default\"},\"children\":[{\"type\":\"row\",\"children\":[{\"type\":\"column\",\"props\":{\"image_position\":\"center-center\",\"position_sticky_breakpoint\":\"m\"},\"children\":[{\"type\":\"headline\",\"props\":{\"content\":\"FY 2021\\\/2022 Awardees\",\"title_element\":\"h1\"}}]}]}],\"name\":\"Hero Inner\"},{\"type\":\"section\",\"props\":{\"image_position\":\"center-center\",\"style\":\"default\",\"title_breakpoint\":\"xl\",\"title_position\":\"top-left\",\"title_rotation\":\"left\",\"vertical_align\":\"middle\",\"width\":\"default\"},\"children\":[{\"type\":\"row\",\"children\":[{\"type\":\"column\",\"props\":{\"image_position\":\"center-center\",\"position_sticky_breakpoint\":\"m\"},\"children\":[{\"type\":\"text\",\"props\":{\"column_breakpoint\":\"m\",\"content\":\"\n\n<h2>Discovery Pier Project<\\\/h2>\\n\n\n<ul>\\n\n\n<li><strong>Amount Given:<\\\/strong> $10,000<\\\/li>\\n\n\n<li><strong>Project Overview:<\\\/strong> Transform Traverse City's old coal dock into a barrier-free public park and hub for nonprofit and educational entities to deliver programming<\\\/li>\\n\n\n<li><strong>Focus Area: <\\\/strong>Community Development &amp; Energy Related Educational Programs\\u00a0<\\\/li>\\n<\\\/ul>\",\"margin\":\"default\"}},{\"type\":\"text\",\"props\":{\"column_breakpoint\":\"m\",\"content\":\"\n\n<h2>Habitat For Humanity\\u00a0<\\\/h2>\\n\n\n<ul>\\n\n\n<li><strong>Amount Given:<\\\/strong> $10,000<\\\/li>\\n\n\n<li><strong>Project Overview:<\\\/strong> Assist TCLP customers with safe and affordable priority home repairs\\u00a0<\\\/li>\\n\n\n<li><strong>Focus Area:<\\\/strong> Community Development\\u00a0<\\\/li>\\n<\\\/ul>\",\"margin\":\"default\"}},{\"type\":\"text\",\"props\":{\"column_breakpoint\":\"m\",\"content\":\"\n\n<h2>Hickery Hills\\u00a0<\\\/h2>\\n\n\n<ul>\\n\n\n<li><strong>Amount Given:<\\\/strong><span>\\u00a0<\\\/span>$28,465<\\\/li>\\n\n\n<li><strong>Project Overview: <\\\/strong>Snowmaking wiring costs to support expanding snowmaking and LED lighting<\\\/li>\\n\n\n<li><strong>Focus Area:<span>\\u00a0<\\\/span><\\\/strong>Community Development\\u00a0<\\\/li>\\n<\\\/ul>\",\"margin\":\"default\"}}]}]}]}],\"version\":\"4.4.17\"} --><\/p>","protected":false},"excerpt":{"rendered":"<p>FY 2021\/2022 Awardees Discovery Pier Project Amount Given: $10,000 Project Overview: Transform Traverse City&#8217;s old coal dock into a barrier-free public park and hub for nonprofit and educational entities to deliver programming Focus Area: Community Development &amp; Energy Related Educational Programs\u00a0 Habitat For Humanity\u00a0 Amount Given: $10,000 Project Overview: Assist TCLP customers with safe and [&hellip;]<\/p>","protected":false},"author":3,"featured_media":0,"parent":0,"menu_order":10,"comment_status":"closed","ping_status":"closed","template":"","meta":{"_acf_changed":false,"footnotes":""},"class_list":["post-7125","page","type-page","status-publish","hentry"],"acf":[],"_links":{"self":[{"href":"https:\/\/www.tclp.org\/es\/wp-json\/wp\/v2\/pages\/7125","targetHints":{"allow":["GET"]}}],"collection":[{"href":"https:\/\/www.tclp.org\/es\/wp-json\/wp\/v2\/pages"}],"about":[{"href":"https:\/\/www.tclp.org\/es\/wp-json\/wp\/v2\/types\/page"}],"author":[{"embeddable":true,"href":"https:\/\/www.tclp.org\/es\/wp-json\/wp\/v2\/users\/3"}],"replies":[{"embeddable":true,"href":"https:\/\/www.tclp.org\/es\/wp-json\/wp\/v2\/comments?post=7125"}],"version-history":[{"count":5,"href":"https:\/\/www.tclp.org\/es\/wp-json\/wp\/v2\/pages\/7125\/revisions"}],"predecessor-version":[{"id":7162,"href":"https:\/\/www.tclp.org\/es\/wp-json\/wp\/v2\/pages\/7125\/revisions\/7162"}],"wp:attachment":[{"href":"https:\/\/www.tclp.org\/es\/wp-json\/wp\/v2\/media?parent=7125"}],"curies":[{"name":"wp","href":"https:\/\/api.w.org\/{rel}","templated":true}]}}