{"id":7142,"date":"2025-10-22T10:35:59","date_gmt":"2025-10-22T14:35:59","guid":{"rendered":"https:\/\/www.tclp.org\/community-investment-fund-our-awahttps-www-tclp-org-wp-admin-admin-phppagenestedpagessearchinline-editrdees-20-21-awardees-2-2-2-2\/"},"modified":"2025-10-22T11:48:50","modified_gmt":"2025-10-22T15:48:50","slug":"community-investment-fund-24-25-awardees","status":"publish","type":"page","link":"https:\/\/www.tclp.org\/es\/community-investment-fund-24-25-awardees\/","title":{"rendered":"Our Awardees FY 2024\/2025"},"content":{"rendered":"<h1>Premiados del a\u00f1o fiscal 2024\/2025<\/h1>\n<ul>\n<li>\n<p>        <img decoding=\"async\" src=\"\/wp-content\/uploads\/2025\/10\/Child-and-Family-Services_CIF-2025.jpg\" alt=\"\"><\/p>\n<h3>Servicios para ni\u00f1os y familias <\/h3>\n<div>\n<h1><strong>$30,000<\/strong><\/h1>\n<\/div>\n<\/li>\n<li>\n<p>        <img decoding=\"async\" src=\"\/wp-content\/uploads\/2025\/10\/DSC_2679.jpg\" alt=\"\"><\/p>\n<h3>Trabajo preparatorio <\/h3>\n<div>\n<h1><strong>$6,000<\/strong><\/h1>\n<\/div>\n<\/li>\n<li>\n<p>        <img decoding=\"async\" src=\"\/wp-content\/uploads\/2025\/10\/Human-Nature-School_CIF-2025.jpg\" alt=\"\"><\/p>\n<h3>Escuela de Naturaleza Humana <\/h3>\n<div>\n<h1><strong>$8,576<\/strong><\/h1>\n<\/div>\n<\/li>\n<li>\n<p>        <img decoding=\"async\" src=\"\/wp-content\/uploads\/2025\/10\/DSC_1928.jpg\" alt=\"\"><\/p>\n<h3>Iglesia Presbiteriana <\/h3>\n<div>\n<h1><strong>$80,000<\/strong><\/h1>\n<\/div>\n<\/li>\n<li>\n<p>        <img decoding=\"async\" src=\"\/wp-content\/uploads\/2025\/10\/DSC_1839-1.jpg\" alt=\"\"><\/p>\n<h3>Mam\u00e1 soltera<\/h3>\n<div>\n<h1><strong>$14,290<\/strong><\/h1>\n<\/div>\n<\/li>\n<li>\n<p>        <img decoding=\"async\" src=\"\/wp-content\/uploads\/2025\/10\/TART-Trails_CIF-2025-1.jpg\" alt=\"\"><\/p>\n<h3>Senderos TART<\/h3>\n<div>\n<h1><strong>$10,000<\/strong><\/h1>\n<\/div>\n<\/li>\n<\/ul>\n<div>\n<h2>Servicios para ni\u00f1os y familias<\/h2>\n<ul>\n<li><strong>Cantidad donada:<\/strong> $30,000<\/li>\n<li><strong>Descripci\u00f3n del proyecto:<\/strong> \u00c1rea de juegos al aire libre de educaci\u00f3n energ\u00e9tica innovadora basada en la naturaleza para ni\u00f1os y familias que han sufrido traumas.<\/li>\n<li><strong>\u00c1rea de enfoque: <\/strong>Desarrollo Comunitario y Recursos Naturales\/Medio Ambiente\u00a0\u00a0<\/li>\n<\/ul>\n<\/div>\n<div>\n<h2>Trabajo preparatorio<\/h2>\n<ul>\n<li><strong>Cantidad donada:<\/strong><span>\u00a0<\/span>$6,000<\/li>\n<li><strong>Descripci\u00f3n del proyecto: <\/strong>Apoye el programa del Taller de Energ\u00eda Limpia para J\u00f3venes, espec\u00edficamente con kits de suministros, creaci\u00f3n de materiales complementarios e iniciativas de marketing.<\/li>\n<li><strong>\u00c1rea de enfoque:<\/strong> Programas educativos relacionados con la energ\u00eda y programas educativos relacionados con la energ\u00eda<\/li>\n<\/ul>\n<\/div>\n<div>\n<h2>Escuela de Naturaleza Humana<\/h2>\n<ul>\n<li><strong>Cantidad donada:<\/strong> $8,576<\/li>\n<li><strong>Descripci\u00f3n del proyecto:<\/strong> Apoye un programa de divulgaci\u00f3n de educaci\u00f3n ambiental para dos escuelas p\u00fablicas del \u00e1rea de Traverse City, una de las cuales es Traverse Heights Elementary<\/li>\n<li><strong>\u00c1rea de enfoque:<\/strong> <span>Programas educativos relacionados con la energ\u00eda y recursos naturales\/educativos\u00a0<\/span><\/li>\n<\/ul>\n<\/div>\n<div>\n<h2>Iglesia Presbiteriana<\/h2>\n<ul>\n<li><strong>Cantidad donada:<\/strong><span>\u00a0<\/span>$80,000<\/li>\n<li><strong>Descripci\u00f3n del proyecto: <\/strong>Reemplazar la iluminaci\u00f3n con LED, la caldera eficiente 30% existente con un sistema de bomba de calor de agua subterr\u00e1nea completamente electrificado e instalar 51 kW de energ\u00eda solar en la azotea, lo que respalda su objetivo de una reducci\u00f3n de la huella de carbono de 25% para 2026 y de 100% de energ\u00eda renovable para 2030.<\/li>\n<li><strong>\u00c1rea de enfoque:<\/strong> Programas educativos relacionados con la energ\u00eda y recursos naturales\/medio ambiente\u00a0<\/li>\n<\/ul>\n<\/div>\n<div>\n<h2>Mam\u00e1 soltera<\/h2>\n<ul>\n<li><strong>Cantidad donada:<\/strong><span>\u00a0<\/span>$14,290<\/li>\n<li><strong>Descripci\u00f3n del proyecto: <\/strong>Apoyar la conversi\u00f3n de toda la iluminaci\u00f3n fluorescente actual a luces LED energ\u00e9ticamente eficientes y rentables.<\/li>\n<li><strong>\u00c1rea de enfoque:<\/strong> Desarrollo comunitario y recursos naturales\/ambientales\u00a0<\/li>\n<\/ul>\n<\/div>\n<div>\n<h2>Senderos TART\u00a0<\/h2>\n<ul>\n<li><strong>Cantidad donada:<\/strong><span>\u00a0<\/span>$10,000<\/li>\n<li><strong>Descripci\u00f3n del proyecto: <\/strong>Identificaci\u00f3n de plantas al costado del sendero para elevar las voces de los vecinos ind\u00edgenas y fomentar la gesti\u00f3n ambiental.<\/li>\n<li><strong>\u00c1rea de enfoque: <\/strong>Recursos naturales\/Ambiental\u00a0<\/li>\n<\/ul>\n<\/div>\n<p><!--more--><br \/>\n<!-- {\"type\":\"layout\",\"children\":[{\"type\":\"section\",\"props\":{\"image\":\"wp-content\\\/uploads\\\/2025\\\/10\\\/Website-banner-1900-\\u00d7-300-px-3.jpg\",\"image_position\":\"top-left\",\"media_focal_point\":\"center-left\",\"media_overlay\":\"rgba(0, 0, 0, 0.4)\",\"style\":\"primary\",\"title_breakpoint\":\"xl\",\"title_position\":\"top-left\",\"title_rotation\":\"left\",\"vertical_align\":\"\",\"width\":\"default\"},\"children\":[{\"type\":\"row\",\"children\":[{\"type\":\"column\",\"props\":{\"image_position\":\"center-center\",\"position_sticky_breakpoint\":\"m\"},\"children\":[{\"type\":\"headline\",\"props\":{\"content\":\"FY 2024\\\/2025 Awardees\",\"title_element\":\"h1\"}}]}]}],\"name\":\"Hero Inner\"},{\"type\":\"section\",\"props\":{\"image_position\":\"center-center\",\"style\":\"default\",\"title_breakpoint\":\"xl\",\"title_position\":\"top-left\",\"title_rotation\":\"left\",\"vertical_align\":\"middle\",\"width\":\"default\"},\"children\":[{\"type\":\"row\",\"children\":[{\"type\":\"column\",\"props\":{\"image_position\":\"center-center\",\"position_sticky_breakpoint\":\"m\"},\"children\":[{\"type\":\"gallery\",\"props\":{\"filter_align\":\"left\",\"filter_all\":true,\"filter_grid_breakpoint\":\"m\",\"filter_grid_width\":\"auto\",\"filter_position\":\"top\",\"filter_style\":\"tab\",\"grid_default\":\"1\",\"grid_medium\":\"3\",\"item_animation\":true,\"link_style\":\"default\",\"link_text\":\"Read more\",\"margin\":\"default\",\"meta_align\":\"below-title\",\"meta_element\":\"div\",\"meta_style\":\"text-meta\",\"overlay_hover\":true,\"overlay_mode\":\"cover\",\"overlay_position\":\"center\",\"overlay_style\":\"overlay-primary\",\"overlay_transition\":\"fade\",\"show_content\":true,\"show_hover_image\":true,\"show_hover_video\":true,\"show_link\":true,\"show_meta\":true,\"show_title\":true,\"text_align\":\"center\",\"text_color\":\"light\",\"title_element\":\"h3\",\"title_hover_style\":\"reset\"},\"children\":[{\"type\":\"gallery_item\",\"props\":{\"content\":\"\n\n<h1><strong>$30,000<\\\/strong><\\\/h1>\",\"image\":\"wp-content\\\/uploads\\\/2025\\\/10\\\/Child-and-Family-Services_CIF-2025.jpg\",\"title\":\"Child and Family Services \"}},{\"type\":\"gallery_item\",\"props\":{\"content\":\"\n\n<h1><strong>$6,000<\\\/strong><\\\/h1>\",\"image\":\"wp-content\\\/uploads\\\/2025\\\/10\\\/DSC_2679.jpg\",\"title\":\"Groundwork \"}},{\"type\":\"gallery_item\",\"props\":{\"content\":\"\n\n<h1><strong>$8,576<\\\/strong><\\\/h1>\",\"image\":\"wp-content\\\/uploads\\\/2025\\\/10\\\/Human-Nature-School_CIF-2025.jpg\",\"title\":\"Human Nature School \"}},{\"type\":\"gallery_item\",\"props\":{\"content\":\"\n\n<h1><strong>$80,000<\\\/strong><\\\/h1>\",\"image\":\"wp-content\\\/uploads\\\/2025\\\/10\\\/DSC_1928.jpg\",\"title\":\"Presbyterian Church \"}},{\"type\":\"gallery_item\",\"props\":{\"content\":\"\n\n<h1><strong>$14,290<\\\/strong><\\\/h1>\",\"image\":\"wp-content\\\/uploads\\\/2025\\\/10\\\/DSC_1839-1.jpg\",\"title\":\"Single MOMM\"}},{\"type\":\"gallery_item\",\"props\":{\"content\":\"\n\n<h1><strong>$10,000<\\\/strong><\\\/h1>\",\"image\":\"wp-content\\\/uploads\\\/2025\\\/10\\\/TART-Trails_CIF-2025-1.jpg\",\"title\":\"TART Trails\"}}]},{\"type\":\"text\",\"props\":{\"column_breakpoint\":\"m\",\"content\":\"\n\n<h2>Child And Family Services<\\\/h2>\\n\n\n<ul>\\n\n\n<li><strong>Amount Given:<\\\/strong> $30,000<\\\/li>\\n\n\n<li><strong>Project Overview:<\\\/strong> Innovative nature-based energy education outdoor play area for children and families who have experienced trauma<\\\/li>\\n\n\n<li><strong>Focus Area: <\\\/strong>Community Development &amp; Natural Resources \\\/Environmental\\u00a0\\u00a0<\\\/li>\\n<\\\/ul>\",\"margin\":\"default\"}},{\"type\":\"text\",\"props\":{\"column_breakpoint\":\"m\",\"content\":\"\n\n<h2>Groundwork<\\\/h2>\\n\n\n<ul>\\n\n\n<li><strong>Amount Given:<\\\/strong><span>\\u00a0<\\\/span>$6,000<\\\/li>\\n\n\n<li><strong>Project Overview: <\\\/strong>Support the Youth Clean Energy Workshop program, specifically with supply kits, collateral creation, and marketing initiatives<\\\/li>\\n\n\n<li><strong>Focus Area:<\\\/strong> Energy Related Educational Programs &amp; Energy Related Educational Programs<\\\/li>\\n<\\\/ul>\",\"margin\":\"default\"}},{\"type\":\"text\",\"props\":{\"column_breakpoint\":\"m\",\"content\":\"\n\n<h2>Human Nature School<\\\/h2>\\n\n\n<ul>\\n\n\n<li><strong>Amount Given:<\\\/strong> $8,576<\\\/li>\\n\n\n<li><strong>Project Overview:<\\\/strong> Support an environmental education outreach program for two Traverse City Area Public Schools, one of which is Traverse Heights Elementary<\\\/li>\\n\n\n<li><strong>Focus Area:<\\\/strong> <span>Energy Related Educational Programs &amp; Natural Resources\\\/ Educational\\u00a0<\\\/span><\\\/li>\\n<\\\/ul>\",\"margin\":\"default\"}},{\"type\":\"text\",\"props\":{\"column_breakpoint\":\"m\",\"content\":\"\n\n<h2>Presbyterian Church<\\\/h2>\\n\n\n<ul>\\n\n\n<li><strong>Amount Given:<\\\/strong><span>\\u00a0<\\\/span>$80,000<\\\/li>\\n\n\n<li><strong>Project Overview: <\\\/strong>Replacing lighting with LEDs, the existing 30% efficient boiler with a fully electrified groundwater heat pump system, and installing 51 kW of rooftop solar, which supports their goal of a 25% carbon footprint reduction by 2026 and 100% renewable energy by 2030<\\\/li>\\n\n\n<li><strong>Focus Area:<\\\/strong> Energy Related Educational Programs &amp; Natural Resources\\\/ Environmental\\u00a0<\\\/li>\\n<\\\/ul>\",\"margin\":\"default\"}},{\"type\":\"text\",\"props\":{\"column_breakpoint\":\"m\",\"content\":\"\n\n<h2>Single MOMM<\\\/h2>\\n\n\n<ul>\\n\n\n<li><strong>Amount Given:<\\\/strong><span>\\u00a0<\\\/span>$14,290<\\\/li>\\n\n\n<li><strong>Project Overview: <\\\/strong>Support the conversion of all current fluorescent lighting to energy and cost-efficient LED lights<\\\/li>\\n\n\n<li><strong>Focus Area:<\\\/strong> Community Development, &amp; Natural Resources\\\/ Environmental\\u00a0<\\\/li>\\n<\\\/ul>\",\"margin\":\"default\"}},{\"type\":\"text\",\"props\":{\"column_breakpoint\":\"m\",\"content\":\"\n\n<h2>TART Trails\\u00a0<\\\/h2>\\n\n\n<ul>\\n\n\n<li><strong>Amount Given:<\\\/strong><span>\\u00a0<\\\/span>$10,000<\\\/li>\\n\n\n<li><strong>Project Overview: <\\\/strong>Trailside plant identification to elevate the voices of the indigenous neighbors and encourage environmental stewardship<\\\/li>\\n\n\n<li><strong>Focus Area: <\\\/strong>Natural Resources\\\/Environmental\\u00a0<\\\/li>\\n<\\\/ul>\",\"margin\":\"default\"}}]}]}]}],\"version\":\"4.4.17\"} --><\/p>","protected":false},"excerpt":{"rendered":"<p>FY 2024\/2025 Awardees Child and Family Services $30,000 Groundwork $6,000 Human Nature School $8,576 Presbyterian Church $80,000 Single MOMM $14,290 TART Trails $10,000 Child And Family Services Amount Given: $30,000 Project Overview: Innovative nature-based energy education outdoor play area for children and families who have experienced trauma Focus Area: Community Development &amp; Natural Resources \/Environmental\u00a0\u00a0 [&hellip;]<\/p>","protected":false},"author":3,"featured_media":0,"parent":0,"menu_order":10,"comment_status":"closed","ping_status":"closed","template":"","meta":{"_acf_changed":false,"footnotes":""},"class_list":["post-7142","page","type-page","status-publish","hentry"],"acf":[],"_links":{"self":[{"href":"https:\/\/www.tclp.org\/es\/wp-json\/wp\/v2\/pages\/7142","targetHints":{"allow":["GET"]}}],"collection":[{"href":"https:\/\/www.tclp.org\/es\/wp-json\/wp\/v2\/pages"}],"about":[{"href":"https:\/\/www.tclp.org\/es\/wp-json\/wp\/v2\/types\/page"}],"author":[{"embeddable":true,"href":"https:\/\/www.tclp.org\/es\/wp-json\/wp\/v2\/users\/3"}],"replies":[{"embeddable":true,"href":"https:\/\/www.tclp.org\/es\/wp-json\/wp\/v2\/comments?post=7142"}],"version-history":[{"count":5,"href":"https:\/\/www.tclp.org\/es\/wp-json\/wp\/v2\/pages\/7142\/revisions"}],"predecessor-version":[{"id":7166,"href":"https:\/\/www.tclp.org\/es\/wp-json\/wp\/v2\/pages\/7142\/revisions\/7166"}],"wp:attachment":[{"href":"https:\/\/www.tclp.org\/es\/wp-json\/wp\/v2\/media?parent=7142"}],"curies":[{"name":"wp","href":"https:\/\/api.w.org\/{rel}","templated":true}]}}