{"id":7701,"date":"2026-02-25T08:58:51","date_gmt":"2026-02-25T13:58:51","guid":{"rendered":"https:\/\/www.tclp.org\/?page_id=7701"},"modified":"2026-03-26T08:07:55","modified_gmt":"2026-03-26T12:07:55","slug":"demand-response-program","status":"publish","type":"page","link":"https:\/\/www.tclp.org\/es\/demand-response-program\/","title":{"rendered":"Respuesta a la demanda"},"content":{"rendered":"<h1>Respuesta a la demanda<\/h1>\n<div>\n<h2><strong>Programa de respuesta a la demanda<\/strong><\/h2>\n<p>Luz y energ\u00eda de Traverse City (TCLP) <span style=\"font-weight: 400;\">se enorgullece de asociarse con <strong>Voltio<\/strong> Ofrecer a nuestros clientes comerciales e industriales una nueva forma de compensar los costos de electricidad y al mismo tiempo apoyar nuestra red el\u00e9ctrica local.<\/span><\/p>\n<\/p>\n<\/div>\n<div>\n<h3><b>Gane hasta $5,000 por cada 100 kW, ($50K\/MW) por a\u00f1o.<\/b><\/h3>\n<p><span style=\"font-weight: 400;\">Al realizar peque\u00f1os ajustes temporales en su consumo de energ\u00eda cuando la red est\u00e1 estresada, recibir\u00e1 pagos directos en efectivo de Voltus por su flexibilidad.<\/span><\/p>\n<\/div>\n<div>\n<h2><b>\u00bfQu\u00e9 es la respuesta a la demanda?<\/b><\/h2>\n<p><span style=\"font-weight: 400;\">La respuesta a la demanda (DR) permite a los grandes usuarios de energ\u00eda reducir su consumo de electricidad durante per\u00edodos de estr\u00e9s extremo en la red, generalmente durante los meses pico de verano o invierno. <\/span><span style=\"font-weight: 400;\">Voltus te paga para que est\u00e9s disponible y listo para ayudar, incluso si nunca se convoca un evento.<\/span><\/p>\n<\/div>\n<div>\n<h2><b>Beneficios del programa<\/b><\/h2>\n<p><strong>F\u00e1cil participaci\u00f3n: <\/strong><span style=\"font-weight: 400;\">El acuerdo comercial sin costo de Voltus simplifica la inscripci\u00f3n para cualquier instalaci\u00f3n.<\/span><\/p>\n<p><b>La tecnolog\u00eda facilita la participaci\u00f3n: <\/b><span style=\"font-weight: 400;\">Acceda a la plataforma de Voltus para comprender su consumo de energ\u00eda y cu\u00e1nto est\u00e1 ganando con la participaci\u00f3n en la respuesta a la demanda.<\/span><\/p>\n<p><strong>Mayor confiabilidad de la red:<\/strong> <span style=\"font-weight: 400;\">Ayude a mantener bajos los costos de energ\u00eda y la red funcionando de manera confiable para toda la comunidad.<\/span><\/p>\n<\/div>\n<div>\n<h2><b>\u00bfInteresado?<\/b><\/h2>\n<p><span style=\"font-weight: 400;\">Descubra cu\u00e1nto podr\u00eda ganar su instalaci\u00f3n al participar en el programa de respuesta a la demanda de Voltus. <\/span>Para obtener m\u00e1s informaci\u00f3n y determinar la elegibilidad, comun\u00edquese con nuestro socio de respuesta a la demanda, Voltus.\u00a0<\/p>\n<p>Obtenga m\u00e1s informaci\u00f3n sobre nuestro socio de respuesta a la demanda, Voltus, por <a href=\"https:\/\/www.voltus.co\/demand-response\/michigan\">visitando su sitio web.<\/a><\/p>\n<\/div>\n<p><p>\n        <a href=\"http:\/\/info@voltus.co\/\">Contacta con Voltus<\/a>\n    <\/p>\n<\/p>\n<p><!--more--><br \/>\n<!-- {\"type\":\"layout\",\"children\":[{\"type\":\"section\",\"props\":{\"image\":\"wp-content\\\/uploads\\\/2023\\\/04\\\/Website-banner-1500-\\u00d7-300-px-1900-\\u00d7-300-px.png\",\"image_position\":\"center-center\",\"media_overlay\":\"rgba(0, 0, 0, 0.4)\",\"style\":\"primary\",\"title_breakpoint\":\"xl\",\"title_position\":\"top-left\",\"title_rotation\":\"left\",\"vertical_align\":\"\",\"width\":\"default\"},\"children\":[{\"type\":\"row\",\"children\":[{\"type\":\"column\",\"props\":{\"image_position\":\"center-center\",\"position_sticky_breakpoint\":\"m\"},\"children\":[{\"type\":\"headline\",\"props\":{\"content\":\"Demand Response\",\"title_element\":\"h1\"}}]}]}],\"name\":\"Hero Inner\"},{\"type\":\"section\",\"props\":{\"image_position\":\"center-center\",\"style\":\"default\",\"title_breakpoint\":\"xl\",\"title_position\":\"top-left\",\"title_rotation\":\"left\",\"vertical_align\":\"\",\"width\":\"default\"},\"children\":[{\"type\":\"row\",\"children\":[{\"type\":\"column\",\"props\":{\"image_position\":\"center-center\",\"position_sticky_breakpoint\":\"m\"},\"children\":[{\"type\":\"text\",\"props\":{\"column_breakpoint\":\"m\",\"content\":\"\n\n<h2><strong>Demand Response Program<\\\/strong><\\\/h2>\\n\n\n<p>Traverse City Light &amp; Power (TCLP) <span style=\\\"font-weight: 400;\\\">is proud to partner with <strong>Voltus<\\\/strong> to offer our commercial and industrial customers a new way to offset electricity costs while supporting our local electric grid.<\\\/span><\\\/p>\\n\n\n<p><\\\/p>\",\"margin\":\"default\"}},{\"type\":\"text\",\"props\":{\"column_breakpoint\":\"m\",\"content\":\"\n\n<h3><b>Earn up to $5,000 per 100 kW, ($50K\\\/ MW) per year.<\\\/b><\\\/h3>\\n\n\n<p><span style=\\\"font-weight: 400;\\\">By making small, temporary adjustments to your energy use when the grid is stressed, you receive direct cash payments from Voltus for your flexibility.<\\\/span><\\\/p>\",\"margin\":\"default\"}},{\"type\":\"text\",\"props\":{\"column_breakpoint\":\"m\",\"content\":\"\n\n<h2><b>What is Demand Response?<\\\/b><\\\/h2>\\n\n\n<p><span style=\\\"font-weight: 400;\\\">Demand Response (DR) allows large energy users to reduce their electricity consumption during times of extreme stress on the grid\\u2014typically during peak summer or winter months. <\\\/span><span style=\\\"font-weight: 400;\\\">Voltus pays you to be on standby and ready to help, even if an event is never called.<\\\/span><\\\/p>\",\"margin\":\"default\"}},{\"type\":\"text\",\"props\":{\"column_breakpoint\":\"m\",\"content\":\"\n\n<h2><b>Program Benefits<\\\/b><\\\/h2>\\n\n\n<p><strong>Easy Participation: <\\\/strong><span style=\\\"font-weight: 400;\\\">Voltus' no-cost commercial agreement simplifies enrollment for any facility.<\\\/span><\\\/p>\\n\n\n<p><b>Tech makes participation easy: <\\\/b><span style=\\\"font-weight: 400;\\\">Access Voltus\\u2019 platform to understand your energy consumption and how much you\\u2019re earning from demand response participation.<\\\/span><\\\/p>\\n\n\n<p><strong>Improved Grid Reliability:<\\\/strong> <span style=\\\"font-weight: 400;\\\">Help keep energy costs low and the grid running reliably for the entire community.<\\\/span><\\\/p>\",\"margin\":\"default\"}},{\"type\":\"text\",\"props\":{\"column_breakpoint\":\"m\",\"content\":\"\n\n<h2><b>Interested?<\\\/b><\\\/h2>\\n\n\n<p><span style=\\\"font-weight: 400;\\\">Find out how much your facility could earn by participating in the Voltus demand response program. <\\\/span>To learn more and determine eligibility, contact our demand response partner, Voltus.\\u00a0<\\\/p>\\n\n\n<p>Learn more about our demand response partner, Voltus, by <a href=\\\"https:\\\/\\\/www.voltus.co\\\/demand-response\\\/michigan\\\">visiting their website.<\\\/a><\\\/p>\",\"margin\":\"default\"}},{\"type\":\"button\",\"props\":{\"grid_column_gap\":\"small\",\"grid_row_gap\":\"small\",\"margin\":\"default\"},\"children\":[{\"type\":\"button_item\",\"props\":{\"button_style\":\"default\",\"content\":\"Contact Voltus\",\"dialog_layout\":\"modal\",\"dialog_offcanvas_flip\":true,\"icon_align\":\"left\",\"link\":\"http:\\\/\\\/info@voltus.co\\\/\"}}]}]}]}]}],\"version\":\"4.5.33\"} --><\/p>","protected":false},"excerpt":{"rendered":"<p>Demand Response Demand Response Program Traverse City Light &amp; Power (TCLP) is proud to partner with Voltus to offer our commercial and industrial customers a new way to offset electricity costs while supporting our local electric grid. Earn up to $5,000 per 100 kW, ($50K\/ MW) per year. By making small, temporary adjustments to your [&hellip;]<\/p>","protected":false},"author":3,"featured_media":0,"parent":0,"menu_order":42,"comment_status":"closed","ping_status":"closed","template":"","meta":{"_acf_changed":false,"footnotes":""},"class_list":["post-7701","page","type-page","status-publish","hentry"],"acf":[],"_links":{"self":[{"href":"https:\/\/www.tclp.org\/es\/wp-json\/wp\/v2\/pages\/7701","targetHints":{"allow":["GET"]}}],"collection":[{"href":"https:\/\/www.tclp.org\/es\/wp-json\/wp\/v2\/pages"}],"about":[{"href":"https:\/\/www.tclp.org\/es\/wp-json\/wp\/v2\/types\/page"}],"author":[{"embeddable":true,"href":"https:\/\/www.tclp.org\/es\/wp-json\/wp\/v2\/users\/3"}],"replies":[{"embeddable":true,"href":"https:\/\/www.tclp.org\/es\/wp-json\/wp\/v2\/comments?post=7701"}],"version-history":[{"count":9,"href":"https:\/\/www.tclp.org\/es\/wp-json\/wp\/v2\/pages\/7701\/revisions"}],"predecessor-version":[{"id":7876,"href":"https:\/\/www.tclp.org\/es\/wp-json\/wp\/v2\/pages\/7701\/revisions\/7876"}],"wp:attachment":[{"href":"https:\/\/www.tclp.org\/es\/wp-json\/wp\/v2\/media?parent=7701"}],"curies":[{"name":"wp","href":"https:\/\/api.w.org\/{rel}","templated":true}]}}